{"id":5374,"date":"2026-01-12T22:48:56","date_gmt":"2026-01-12T22:48:56","guid":{"rendered":"https:\/\/dev.maryknollsociety.org\/misioneros\/?page_id=5374"},"modified":"2026-01-12T22:50:38","modified_gmt":"2026-01-12T22:50:38","slug":"un-llamado-del-papa","status":"publish","type":"page","link":"https:\/\/dev.maryknollsociety.org\/misioneros\/un-llamado-del-papa\/","title":{"rendered":"Un Llamado del Papa"},"content":{"rendered":"\r\n\r\n\r\n\r\n\r\n        <div class=\"site-content banner-page-title\">\r\n            <h1>\r\n                Un Llamado del Papa            <\/h1>\r\n        <\/div>\r\n\n\n\n<h2 class=\"wp-block-heading\">El Papa Francisco Habla Sobre las Vocaciones<\/h2>\n\n\n\n<div class=\"wp-block-columns is-layout-flex wp-container-core-columns-is-layout-9d6595d7 wp-block-columns-is-layout-flex\">\n<div class=\"wp-block-column is-layout-flow wp-block-column-is-layout-flow\">\n<p>Queridos seminaristas, queridas novicias y queridos novicios, queridos j\u00f3venes en el camino vocacional. Uno de ustedes, uno de sus formadores, me dec\u00eda el otro d\u00eda:\u00a0<em>\u00e9vang\u00e9liser on le fait \u00e0 genoux,\u00a0<\/em>la evangelizaci\u00f3n se hace de rodillas. \u00d3iganlo bien: \u201cla evangelizaci\u00f3n se hace de rodillas\u201d. \u00a1Sean siempre hombres y mujeres de oraci\u00f3n! Sin la relaci\u00f3n constante con Dios la misi\u00f3n se convierte en funci\u00f3n. Pero, \u00bfen qu\u00e9 trabajas t\u00fa? \u00bfEres sastre, cocinera, sacerdote, trabajas como sacerdote, trabajas como religiosa? No. No es un oficio, es otra cosa. El riesgo del activismo, de confiar demasiado en las estructuras, est\u00e1 siempre al acecho. Si miramos a Jes\u00fas, vemos que la v\u00edspera de cada decisi\u00f3n y acontecimiento importante, se recog\u00eda en oraci\u00f3n intensa y prolongada. Cultivemos la dimensi\u00f3n contemplativa, incluso en la vor\u00e1gine de los compromisos m\u00e1s urgentes y duros. Cuanto m\u00e1s les llame la misi\u00f3n a ir a las periferias existenciales, m\u00e1s unido ha de estar su coraz\u00f3n a Cristo, lleno de misericordia y de amor. \u00a1Aqu\u00ed reside el secreto de la fecundidad pastoral, de la fecundidad de un disc\u00edpulo del Se\u00f1or!<\/p>\n\n\n\n<p>Jes\u00fas manda a los suyos sin \u201ctalega, ni alforja, ni sandalias\u201d (<em>Lc<\/em>&nbsp;10,4). La difusi\u00f3n del Evangelio no est\u00e1 asegurada ni por el n\u00famero de personas, ni por el prestigio de la instituci\u00f3n, ni por la cantidad de recursos disponibles. Lo que cuenta es estar imbuidos del amor de Cristo, dejarse conducir por el Esp\u00edritu Santo, e injertar la propia vida en el \u00e1rbol de la vida, que es la Cruz del Se\u00f1or.<\/p>\n<\/div>\n\n\n\n<div class=\"wp-block-column is-layout-flow wp-block-column-is-layout-flow\">\n<figure class=\"wp-block-image size-full\"><img loading=\"lazy\" decoding=\"async\" width=\"600\" height=\"800\" src=\"https:\/\/dev.maryknollsociety.org\/misioneros\/wp-content\/uploads\/sites\/3\/2026\/01\/papa-francisco-hugging-mexico.jpg\" alt=\"El Papa Francisco abrazando a dos mujeres en M\u00e9xico\" class=\"wp-image-5375\" srcset=\"https:\/\/dev.maryknollsociety.org\/misioneros\/wp-content\/uploads\/sites\/3\/2026\/01\/papa-francisco-hugging-mexico.jpg 600w, https:\/\/dev.maryknollsociety.org\/misioneros\/wp-content\/uploads\/sites\/3\/2026\/01\/papa-francisco-hugging-mexico-225x300.jpg 225w\" sizes=\"auto, (max-width: 600px) 100vw, 600px\" \/><figcaption class=\"wp-element-caption\">El Papa Francisco abrazando a dos mujeres en M\u00e9xico<\/figcaption><\/figure>\n<\/div>\n<\/div>\n\n\n\n<p>Queridos amigos y amigas, con gran confianza les pongo bajo la intercesi\u00f3n de Mar\u00eda Sant\u00edsima. Ella es la Madre que nos ayuda a tomar las decisiones definitivas con libertad, sin miedo. Que Ella les ayude a dar testimonio de la alegr\u00eda de la consolaci\u00f3n de Dios, sin tener miedo a la alegr\u00eda; que Ella les ayude a conformarse con la l\u00f3gica de amor de la Cruz, a crecer en una uni\u00f3n cada vez m\u00e1s intensa con el Se\u00f1or en la oraci\u00f3n. \u00a1As\u00ed su vida ser\u00e1 rica y fecunda! Am\u00e9n.<\/p>\n","protected":false},"excerpt":{"rendered":"<p>El Papa Francisco Habla Sobre las Vocaciones Queridos seminaristas, queridas novicias y queridos novicios, queridos j\u00f3venes en el camino vocacional&#8230;.<\/p>\n","protected":false},"author":1,"featured_media":0,"parent":0,"menu_order":0,"comment_status":"closed","ping_status":"closed","template":"","meta":{"_acf_changed":false,"_eb_attr":"","_eb_data_table":"","footnotes":""},"folder":[],"class_list":["post-5374","page","type-page","status-publish","hentry"],"acf":[],"yoast_head":"<!-- This site is optimized with the Yoast SEO plugin v26.5 - https:\/\/yoast.com\/wordpress\/plugins\/seo\/ -->\n<title>Un Llamado del Papa - Misioneros Maryknoll<\/title>\n<meta name=\"robots\" content=\"noindex, follow, max-snippet:-1, max-image-preview:large, max-video-preview:-1\" \/>\n<meta property=\"og:locale\" content=\"es_ES\" \/>\n<meta property=\"og:type\" content=\"article\" \/>\n<meta property=\"og:title\" content=\"Un Llamado del Papa - Misioneros Maryknoll\" \/>\n<meta property=\"og:description\" content=\"El Papa Francisco Habla Sobre las Vocaciones Queridos seminaristas, queridas novicias y queridos novicios, queridos j\u00f3venes en el camino vocacional....\" \/>\n<meta property=\"og:url\" content=\"https:\/\/dev.maryknollsociety.org\/misioneros\/un-llamado-del-papa\/\" \/>\n<meta property=\"og:site_name\" content=\"Misioneros Maryknoll\" \/>\n<meta property=\"article:modified_time\" content=\"2026-01-12T22:50:38+00:00\" \/>\n<meta property=\"og:image\" content=\"https:\/\/dev.maryknollsociety.org\/misioneros\/wp-content\/uploads\/sites\/3\/2026\/01\/papa-francisco-hugging-mexico.jpg\" \/>\n\t<meta property=\"og:image:width\" content=\"600\" \/>\n\t<meta property=\"og:image:height\" content=\"800\" \/>\n\t<meta property=\"og:image:type\" content=\"image\/jpeg\" \/>\n<meta name=\"twitter:card\" content=\"summary_large_image\" \/>\n<meta name=\"twitter:label1\" content=\"Tiempo de lectura\" \/>\n\t<meta name=\"twitter:data1\" content=\"2 minutos\" \/>\n<script type=\"application\/ld+json\" class=\"yoast-schema-graph\">{\"@context\":\"https:\/\/schema.org\",\"@graph\":[{\"@type\":\"WebPage\",\"@id\":\"https:\/\/dev.maryknollsociety.org\/misioneros\/un-llamado-del-papa\/\",\"url\":\"https:\/\/dev.maryknollsociety.org\/misioneros\/un-llamado-del-papa\/\",\"name\":\"Un Llamado del Papa - Misioneros Maryknoll\",\"isPartOf\":{\"@id\":\"https:\/\/dev.maryknollsociety.org\/misioneros\/#website\"},\"primaryImageOfPage\":{\"@id\":\"https:\/\/dev.maryknollsociety.org\/misioneros\/un-llamado-del-papa\/#primaryimage\"},\"image\":{\"@id\":\"https:\/\/dev.maryknollsociety.org\/misioneros\/un-llamado-del-papa\/#primaryimage\"},\"thumbnailUrl\":\"https:\/\/dev.maryknollsociety.org\/misioneros\/wp-content\/uploads\/sites\/3\/2026\/01\/papa-francisco-hugging-mexico.jpg\",\"datePublished\":\"2026-01-12T22:48:56+00:00\",\"dateModified\":\"2026-01-12T22:50:38+00:00\",\"breadcrumb\":{\"@id\":\"https:\/\/dev.maryknollsociety.org\/misioneros\/un-llamado-del-papa\/#breadcrumb\"},\"inLanguage\":\"es\",\"potentialAction\":[{\"@type\":\"ReadAction\",\"target\":[\"https:\/\/dev.maryknollsociety.org\/misioneros\/un-llamado-del-papa\/\"]}]},{\"@type\":\"ImageObject\",\"inLanguage\":\"es\",\"@id\":\"https:\/\/dev.maryknollsociety.org\/misioneros\/un-llamado-del-papa\/#primaryimage\",\"url\":\"https:\/\/dev.maryknollsociety.org\/misioneros\/wp-content\/uploads\/sites\/3\/2026\/01\/papa-francisco-hugging-mexico.jpg\",\"contentUrl\":\"https:\/\/dev.maryknollsociety.org\/misioneros\/wp-content\/uploads\/sites\/3\/2026\/01\/papa-francisco-hugging-mexico.jpg\",\"width\":600,\"height\":800,\"caption\":\"El Papa Francisco abrazando a dos mujeres en M\u00e9xico\"},{\"@type\":\"BreadcrumbList\",\"@id\":\"https:\/\/dev.maryknollsociety.org\/misioneros\/un-llamado-del-papa\/#breadcrumb\",\"itemListElement\":[{\"@type\":\"ListItem\",\"position\":1,\"name\":\"Home\",\"item\":\"https:\/\/dev.maryknollsociety.org\/misioneros\/\"},{\"@type\":\"ListItem\",\"position\":2,\"name\":\"Un Llamado del Papa\"}]},{\"@type\":\"WebSite\",\"@id\":\"https:\/\/dev.maryknollsociety.org\/misioneros\/#website\",\"url\":\"https:\/\/dev.maryknollsociety.org\/misioneros\/\",\"name\":\"Misioneros Maryknoll\",\"description\":\"\",\"publisher\":{\"@id\":\"https:\/\/dev.maryknollsociety.org\/misioneros\/#organization\"},\"potentialAction\":[{\"@type\":\"SearchAction\",\"target\":{\"@type\":\"EntryPoint\",\"urlTemplate\":\"https:\/\/dev.maryknollsociety.org\/misioneros\/?s={search_term_string}\"},\"query-input\":{\"@type\":\"PropertyValueSpecification\",\"valueRequired\":true,\"valueName\":\"search_term_string\"}}],\"inLanguage\":\"es\"},{\"@type\":\"Organization\",\"@id\":\"https:\/\/dev.maryknollsociety.org\/misioneros\/#organization\",\"name\":\"Misioneros Maryknoll\",\"url\":\"https:\/\/dev.maryknollsociety.org\/misioneros\/\",\"logo\":{\"@type\":\"ImageObject\",\"inLanguage\":\"es\",\"@id\":\"https:\/\/dev.maryknollsociety.org\/misioneros\/#\/schema\/logo\/image\/\",\"url\":\"https:\/\/dev.maryknollsociety.org\/misioneros\/wp-content\/uploads\/sites\/3\/2025\/05\/cropped-MKFB_Logo_Transparet1.png\",\"contentUrl\":\"https:\/\/dev.maryknollsociety.org\/misioneros\/wp-content\/uploads\/sites\/3\/2025\/05\/cropped-MKFB_Logo_Transparet1.png\",\"width\":333,\"height\":68,\"caption\":\"Misioneros Maryknoll\"},\"image\":{\"@id\":\"https:\/\/dev.maryknollsociety.org\/misioneros\/#\/schema\/logo\/image\/\"}}]}<\/script>\n<!-- \/ Yoast SEO plugin. -->","yoast_head_json":{"title":"Un Llamado del Papa - Misioneros Maryknoll","robots":{"index":"noindex","follow":"follow","max-snippet":"max-snippet:-1","max-image-preview":"max-image-preview:large","max-video-preview":"max-video-preview:-1"},"og_locale":"es_ES","og_type":"article","og_title":"Un Llamado del Papa - Misioneros Maryknoll","og_description":"El Papa Francisco Habla Sobre las Vocaciones Queridos seminaristas, queridas novicias y queridos novicios, queridos j\u00f3venes en el camino vocacional....","og_url":"https:\/\/dev.maryknollsociety.org\/misioneros\/un-llamado-del-papa\/","og_site_name":"Misioneros Maryknoll","article_modified_time":"2026-01-12T22:50:38+00:00","og_image":[{"width":600,"height":800,"url":"https:\/\/dev.maryknollsociety.org\/misioneros\/wp-content\/uploads\/sites\/3\/2026\/01\/papa-francisco-hugging-mexico.jpg","type":"image\/jpeg"}],"twitter_card":"summary_large_image","twitter_misc":{"Tiempo de lectura":"2 minutos"},"schema":{"@context":"https:\/\/schema.org","@graph":[{"@type":"WebPage","@id":"https:\/\/dev.maryknollsociety.org\/misioneros\/un-llamado-del-papa\/","url":"https:\/\/dev.maryknollsociety.org\/misioneros\/un-llamado-del-papa\/","name":"Un Llamado del Papa - Misioneros Maryknoll","isPartOf":{"@id":"https:\/\/dev.maryknollsociety.org\/misioneros\/#website"},"primaryImageOfPage":{"@id":"https:\/\/dev.maryknollsociety.org\/misioneros\/un-llamado-del-papa\/#primaryimage"},"image":{"@id":"https:\/\/dev.maryknollsociety.org\/misioneros\/un-llamado-del-papa\/#primaryimage"},"thumbnailUrl":"https:\/\/dev.maryknollsociety.org\/misioneros\/wp-content\/uploads\/sites\/3\/2026\/01\/papa-francisco-hugging-mexico.jpg","datePublished":"2026-01-12T22:48:56+00:00","dateModified":"2026-01-12T22:50:38+00:00","breadcrumb":{"@id":"https:\/\/dev.maryknollsociety.org\/misioneros\/un-llamado-del-papa\/#breadcrumb"},"inLanguage":"es","potentialAction":[{"@type":"ReadAction","target":["https:\/\/dev.maryknollsociety.org\/misioneros\/un-llamado-del-papa\/"]}]},{"@type":"ImageObject","inLanguage":"es","@id":"https:\/\/dev.maryknollsociety.org\/misioneros\/un-llamado-del-papa\/#primaryimage","url":"https:\/\/dev.maryknollsociety.org\/misioneros\/wp-content\/uploads\/sites\/3\/2026\/01\/papa-francisco-hugging-mexico.jpg","contentUrl":"https:\/\/dev.maryknollsociety.org\/misioneros\/wp-content\/uploads\/sites\/3\/2026\/01\/papa-francisco-hugging-mexico.jpg","width":600,"height":800,"caption":"El Papa Francisco abrazando a dos mujeres en M\u00e9xico"},{"@type":"BreadcrumbList","@id":"https:\/\/dev.maryknollsociety.org\/misioneros\/un-llamado-del-papa\/#breadcrumb","itemListElement":[{"@type":"ListItem","position":1,"name":"Home","item":"https:\/\/dev.maryknollsociety.org\/misioneros\/"},{"@type":"ListItem","position":2,"name":"Un Llamado del Papa"}]},{"@type":"WebSite","@id":"https:\/\/dev.maryknollsociety.org\/misioneros\/#website","url":"https:\/\/dev.maryknollsociety.org\/misioneros\/","name":"Misioneros Maryknoll","description":"","publisher":{"@id":"https:\/\/dev.maryknollsociety.org\/misioneros\/#organization"},"potentialAction":[{"@type":"SearchAction","target":{"@type":"EntryPoint","urlTemplate":"https:\/\/dev.maryknollsociety.org\/misioneros\/?s={search_term_string}"},"query-input":{"@type":"PropertyValueSpecification","valueRequired":true,"valueName":"search_term_string"}}],"inLanguage":"es"},{"@type":"Organization","@id":"https:\/\/dev.maryknollsociety.org\/misioneros\/#organization","name":"Misioneros Maryknoll","url":"https:\/\/dev.maryknollsociety.org\/misioneros\/","logo":{"@type":"ImageObject","inLanguage":"es","@id":"https:\/\/dev.maryknollsociety.org\/misioneros\/#\/schema\/logo\/image\/","url":"https:\/\/dev.maryknollsociety.org\/misioneros\/wp-content\/uploads\/sites\/3\/2025\/05\/cropped-MKFB_Logo_Transparet1.png","contentUrl":"https:\/\/dev.maryknollsociety.org\/misioneros\/wp-content\/uploads\/sites\/3\/2025\/05\/cropped-MKFB_Logo_Transparet1.png","width":333,"height":68,"caption":"Misioneros Maryknoll"},"image":{"@id":"https:\/\/dev.maryknollsociety.org\/misioneros\/#\/schema\/logo\/image\/"}}]}},"_links":{"self":[{"href":"https:\/\/dev.maryknollsociety.org\/misioneros\/wp-json\/wp\/v2\/pages\/5374","targetHints":{"allow":["GET"]}}],"collection":[{"href":"https:\/\/dev.maryknollsociety.org\/misioneros\/wp-json\/wp\/v2\/pages"}],"about":[{"href":"https:\/\/dev.maryknollsociety.org\/misioneros\/wp-json\/wp\/v2\/types\/page"}],"author":[{"embeddable":true,"href":"https:\/\/dev.maryknollsociety.org\/misioneros\/wp-json\/wp\/v2\/users\/1"}],"replies":[{"embeddable":true,"href":"https:\/\/dev.maryknollsociety.org\/misioneros\/wp-json\/wp\/v2\/comments?post=5374"}],"version-history":[{"count":2,"href":"https:\/\/dev.maryknollsociety.org\/misioneros\/wp-json\/wp\/v2\/pages\/5374\/revisions"}],"predecessor-version":[{"id":5378,"href":"https:\/\/dev.maryknollsociety.org\/misioneros\/wp-json\/wp\/v2\/pages\/5374\/revisions\/5378"}],"wp:attachment":[{"href":"https:\/\/dev.maryknollsociety.org\/misioneros\/wp-json\/wp\/v2\/media?parent=5374"}],"wp:term":[{"taxonomy":"folder","embeddable":true,"href":"https:\/\/dev.maryknollsociety.org\/misioneros\/wp-json\/wp\/v2\/folder?post=5374"}],"curies":[{"name":"wp","href":"https:\/\/api.w.org\/{rel}","templated":true}]}}