{"id":5363,"date":"2026-01-12T22:41:08","date_gmt":"2026-01-12T22:41:08","guid":{"rendered":"https:\/\/dev.maryknollsociety.org\/misioneros\/?page_id=5363"},"modified":"2026-01-12T22:43:39","modified_gmt":"2026-01-12T22:43:39","slug":"para-candidatos-a-hermanos","status":"publish","type":"page","link":"https:\/\/dev.maryknollsociety.org\/misioneros\/para-candidatos-a-hermanos\/","title":{"rendered":"Para Candidatos A Hermanos"},"content":{"rendered":"\r\n\r\n\r\n\r\n\r\n        <div class=\"site-content banner-page-title\">\r\n            <h1>\r\n                Para Candidatos A Hermanos            <\/h1>\r\n        <\/div>\r\n\n\n\n<div class=\"wp-block-columns is-layout-flex wp-container-core-columns-is-layout-9d6595d7 wp-block-columns-is-layout-flex\">\n<div class=\"wp-block-column is-layout-flow wp-block-column-is-layout-flow\">\n<p>Como hermano candidato, asistir\u00e1s al Programa de Formaci\u00f3n en la Casa de Formaci\u00f3n Maryknoll en Chicago, Illinois. Debido a que los Hermanos Maryknoll aportan una amplia gama de talentos al trabajo de la misi\u00f3n, seguir\u00e1n un curso de educaci\u00f3n m\u00e1s flexible que los seminaristas.<\/p>\n\n\n\n<p>Maryknoll requiere un m\u00ednimo de 24 cr\u00e9ditos semestrales en religi\u00f3n o teolog\u00eda para todos los candidatos a hermanos. Tambi\u00e9n tendr\u00e1s la opci\u00f3n de completar un grado de Maestr\u00eda en Divinidad (MDiv). Estos caminos acad\u00e9micos se realizan t\u00edpicamente en Catholic Theological Union (CTU, por sus siglas en ingl\u00e9s) ubicada a tres cuadras de nuestra casa de formaci\u00f3n Maryknoll. Fundada en 1968, CTU es la universidad cat\u00f3lica romana de teolog\u00eda y ministerios m\u00e1s grande de los Estados Unidos. Los estudiantes, seminaristas y candidatos a Hermanos de 32 diferentes congregaciones y sociedades religiosas reciben su educaci\u00f3n y capacitaci\u00f3n formal para el ministerio y la misi\u00f3n en esta universidad.<\/p>\n\n\n\n<p>Tu entrenamiento como candidato a hermano est\u00e1 dise\u00f1ado para ayudarte a desarrollar tus intereses, talentos y habilidades ling\u00fc\u00edsticas para que puedas prosperar en los desafiantes entornos de la misi\u00f3n en el extranjero en los que m\u00e1s tarde te desempe\u00f1ar\u00e1s. <\/p>\n<\/div>\n\n\n\n<div class=\"wp-block-column is-layout-flow wp-block-column-is-layout-flow\">\n<figure class=\"wp-block-image size-full\"><img loading=\"lazy\" decoding=\"async\" width=\"600\" height=\"800\" src=\"https:\/\/dev.maryknollsociety.org\/misioneros\/wp-content\/uploads\/sites\/3\/2026\/01\/hermano-bruener-en-hong-kong-vocaiton.jpg\" alt=\"El hermano Gruner arrodillado junto a un plant\u00f3n.\" class=\"wp-image-5364\" srcset=\"https:\/\/dev.maryknollsociety.org\/misioneros\/wp-content\/uploads\/sites\/3\/2026\/01\/hermano-bruener-en-hong-kong-vocaiton.jpg 600w, https:\/\/dev.maryknollsociety.org\/misioneros\/wp-content\/uploads\/sites\/3\/2026\/01\/hermano-bruener-en-hong-kong-vocaiton-225x300.jpg 225w\" sizes=\"auto, (max-width: 600px) 100vw, 600px\" \/><figcaption class=\"wp-element-caption\">El hermano Gruner arrodillado junto a un plant\u00f3n.<\/figcaption><\/figure>\n<\/div>\n<\/div>\n\n\n\n<p>Tus estudios en las aulas est\u00e1n integrados con ministerios activos. Podr\u00e1s brindar servicios como un ministro pastoral en entornos como hospitales y refugios para personas sin hogar, entre otras posibilidades. Con el acompa\u00f1amiento de Maryknoll, aprender\u00e1s a escuchar, a evaluar las necesidades espirituales y a ofrecer una presencia curativa entre las vidas destrozadas por la pobreza, la violencia y la indiferencia. La base de todos los aspectos de tu viaje de formaci\u00f3n y tu vida como hermano es el crecimiento en la intimidad personal con Cristo. Esta intimidad se nutre y se sostiene dentro de una comunidad de misioneros Maryknoll que viven y viajan juntos en la fe.<\/p>\n\n\n\n<p>Debes saber que tu formaci\u00f3n demorar\u00e1 aproximadamente seis a\u00f1os antes de hacer tu Voto Final y que se te asigne al extranjero como Hermano Maryknoll.<\/p>\n\n\n<div class=\"mk-accordion-block\" id=\"mk-accordion-69d1b66e69919\">\n    <div class=\"mk-accordion-inner\">\n        <div class=\"mk-accordion-content\">\n            <div class=\"mk-accordion-panel\">\n                                    <div class=\"mk-accordion-panel-item open\">\n                        <button class=\"mk-accordion-panel-title\" type=\"button\" aria-expanded=\"true\">\n                            Primer A\u00f1o                             <span class=\"mk-accordion-panel-icon\">+<\/span>\n                        <\/button>\n                        <div class=\"mk-accordion-panel-content\" style=\"\">\n                            <p>A\u00f1o de espiritualidad<\/p>\n<p>El A\u00f1o de Espiritualidad de Maryknoll es similar a un noviciado. Es un a\u00f1o de formaci\u00f3n com\u00fan seguido por casi todas las comunidades religiosas que preparan a los hombres para un compromiso de por vida como sacerdotes o hermanos. Es el a\u00f1o fundamental de tu viaje de formaci\u00f3n y eventual membres\u00eda en Maryknoll. Durante este a\u00f1o importante:<\/p>\n<ul>\n<li>Conocer\u00e1s a misioneros Maryknoll, nuestros mejores testigos de c\u00f3mo vivir la Buena Nueva entre los pueblos de nuestro mundo.<\/li>\n<li>Te encontrar\u00e1s con Cristo y otros a trav\u00e9s de celebraciones diarias de la Eucarist\u00eda, diversas experiencias de oraci\u00f3n (personal y comunitaria) y variadas celebraciones lit\u00fargicas.<\/li>\n<li>Crecer\u00e1s a trav\u00e9s de la vida en comunidad con tus formadores y compa\u00f1eros candidatos.<\/li>\n<li>Aprender\u00e1s la historia de Maryknoll: nuestra rica historia de misi\u00f3n y ejemplos inspiradores de nuestros antepasados<\/li>\n<li>Ampliar\u00e1s tu familiaridad con la literatura de la espiritualidad y las Escrituras<\/li>\n<li>Experimentar\u00e1s las alegr\u00edas y los desaf\u00edos de servir en el ministerio pastoral<\/li>\n<li>Profundizar\u00e1s tu sentido del yo y de tu llamado en consulta con un director espiritual capacitado<\/li>\n<li>Unir\u00e1s a otros novatos en el \u00e1rea de Chicago en programas semanales que despliegan dimensiones de la vida religiosa y el ministerio a trav\u00e9s de la reflexi\u00f3n y la discusi\u00f3n.<\/li>\n<\/ul>\n<p>Al completar con \u00e9xito el A\u00f1o de Espiritualidad, har\u00e1s tu primer voto temporal como miembro de Maryknoll y te preparar\u00e1s para la siguiente fase de tu viaje de formaci\u00f3n: nuestro Programa de Capacitaci\u00f3n en el Extranjero (OTP).<\/p>\n                        <\/div>\n                    <\/div>\n                                    <div class=\"mk-accordion-panel-item\">\n                        <button class=\"mk-accordion-panel-title\" type=\"button\" aria-expanded=\"false\">\n                            Segundo y Tercer A\u00f1os                            <span class=\"mk-accordion-panel-icon\">+<\/span>\n                        <\/button>\n                        <div class=\"mk-accordion-panel-content\" style=\"display:none;\">\n                            <p>Programa de Capacitaci\u00f3n en el extranjero<\/p>\n<p>Esta experiencia transformadora de dos a\u00f1os de duraci\u00f3n es requisito para todos los seminaristas y hermanos candidatos de Maryknoll. Viajar\u00e1s a Cochabamba, Bolivia, donde, al principio, pasar\u00e1s tus primeros meses aprendiendo espa\u00f1ol a trav\u00e9s del Programa de Idiomas de renombre mundial de Maryknoll, un componente importante de nuestro Centro Misionero Maryknoll en Am\u00e9rica Latina (CMMAL). Nuestro programa de inmersi\u00f3n total, m\u00e1s que el aprendizaje de idiomas, te ofrece oportunidades para servir, interactuar con la gente local y experimentar la cultura y las realidades sociopol\u00edticas de Am\u00e9rica Latina y Am\u00e9rica al mismo tiempo que desarrollas tus habilidades en el idioma espa\u00f1ol. Si ya hablas espa\u00f1ol con fluidez, se te ofrecer\u00e1n otras opciones de programas de idiomas acordes con tu fluidez.<\/p>\n<p>Al finalizar el programa de idiomas, se te ubicar\u00e1 en una parroquia u otro lugar donde vivir\u00e1s y trabajar\u00e1 junto con otros Maryknoll. Ser\u00e1s acompa\u00f1ado por Maryknoll preparados para guiarte en una comprensi\u00f3n m\u00e1s profunda de tu llamado misionero como Hermano Maryknoll. OTP puede ser un reto. Est\u00e1 programado para serlo. Y, sin embargo, es esta fase del programa de formaci\u00f3n de Maryknoll que es recordada con m\u00e1s cari\u00f1o por aquellos que pasan a convertirse en misioneros Maryknoll.<\/p>\n                        <\/div>\n                    <\/div>\n                                    <div class=\"mk-accordion-panel-item\">\n                        <button class=\"mk-accordion-panel-title\" type=\"button\" aria-expanded=\"false\">\n                            Cuarto Y Quinto A\u00f1o                            <span class=\"mk-accordion-panel-icon\">+<\/span>\n                        <\/button>\n                        <div class=\"mk-accordion-panel-content\" style=\"display:none;\">\n                            <p>Regreso a Chicago<\/p>\n<p>Despu\u00e9s de la OTP, regresar\u00e1 a la comunidad de formaci\u00f3n de Maryknoll en Chicago. Volver\u00e1 a la oraci\u00f3n regular, el ministerio pastoral y la vida comunitaria con todos los candidatos de Maryknoll en Chicago. Ahora, sin embargo, te enfocar\u00e1 m\u00e1s intensamente en el estudio acad\u00e9mico necesario para convertirse en un hermano misionero efectivo. Adem\u00e1s de los cursos de teolog\u00eda en CTU, los candidatos a hermanos contin\u00faan la educaci\u00f3n en otros institutos o universidades que se ajustan a sus intereses y aptitudes para contribuir al trabajo en la misi\u00f3n. Como tal, puedes obtener un t\u00edtulo en agricultura, ingenier\u00eda, trabajo social, asesoramiento pastoral o alg\u00fan otro campo de inter\u00e9s.<\/p>\n<p>Como antes, sus formadores, mentores de la Junta de Promoci\u00f3n y otros miembros de la comunidad te acompa\u00f1ar\u00e1n en tu progreso. Y continuar\u00e1s solicitando anualmente a Maryknoll un juramento temporal.<\/p>\n                        <\/div>\n                    <\/div>\n                                    <div class=\"mk-accordion-panel-item\">\n                        <button class=\"mk-accordion-panel-title\" type=\"button\" aria-expanded=\"false\">\n                            Sexto  A\u00f1o                            <span class=\"mk-accordion-panel-icon\">+<\/span>\n                        <\/button>\n                        <div class=\"mk-accordion-panel-content\" style=\"display:none;\">\n                            <p>\u00daltimo a\u00f1o<\/p>\n<p>Durante tu sexto a\u00f1o de formaci\u00f3n, puedes continuar estudiando, pero con mayor conciencia para asumir la identidad y el papel de un hermano misionero y un miembro de la comunidad c\u00e9libe de por vida. Durante este tiempo, habr\u00e1s logrado algunos hitos importantes en tu viaje:<\/p>\n<ul>\n<li>Completar\u00e1s tus estudios acad\u00e9micos y quiz\u00e1s tengas en cuenta la capacitaci\u00f3n o estudios posteriores para un ministerio espec\u00edfico.<\/li>\n<li>Har\u00e1s un Voto Permanente (de por vida) como Hermano Maryknoll.<\/li>\n<li>Te enviar\u00e1n a \u00c1frica, Asia o Am\u00e9rica Latina en tu primera asignaci\u00f3n al extranjero como hermano misionero.<\/li>\n<\/ul>\n                        <\/div>\n                    <\/div>\n                            <\/div>\n        <\/div>\n    <\/div>\n<\/div> ","protected":false},"excerpt":{"rendered":"<p>Como hermano candidato, asistir\u00e1s al Programa de Formaci\u00f3n en la Casa de Formaci\u00f3n Maryknoll en Chicago, Illinois. Debido a que&#8230;<\/p>\n","protected":false},"author":1,"featured_media":0,"parent":0,"menu_order":0,"comment_status":"closed","ping_status":"closed","template":"","meta":{"_acf_changed":false,"_eb_attr":"","_eb_data_table":"","footnotes":""},"folder":[],"class_list":["post-5363","page","type-page","status-publish","hentry"],"acf":[],"yoast_head":"<!-- This site is optimized with the Yoast SEO plugin v26.5 - https:\/\/yoast.com\/wordpress\/plugins\/seo\/ -->\n<title>Para Candidatos A Hermanos - Misioneros Maryknoll<\/title>\n<meta name=\"robots\" content=\"noindex, follow, max-snippet:-1, max-image-preview:large, max-video-preview:-1\" \/>\n<meta property=\"og:locale\" content=\"es_ES\" \/>\n<meta property=\"og:type\" content=\"article\" \/>\n<meta property=\"og:title\" content=\"Para Candidatos A Hermanos - Misioneros Maryknoll\" \/>\n<meta property=\"og:description\" content=\"Como hermano candidato, asistir\u00e1s al Programa de Formaci\u00f3n en la Casa de Formaci\u00f3n Maryknoll en Chicago, Illinois. Debido a que...\" \/>\n<meta property=\"og:url\" content=\"https:\/\/dev.maryknollsociety.org\/misioneros\/para-candidatos-a-hermanos\/\" \/>\n<meta property=\"og:site_name\" content=\"Misioneros Maryknoll\" \/>\n<meta property=\"article:modified_time\" content=\"2026-01-12T22:43:39+00:00\" \/>\n<meta property=\"og:image\" content=\"https:\/\/dev.maryknollsociety.org\/misioneros\/wp-content\/uploads\/sites\/3\/2026\/01\/hermano-bruener-en-hong-kong-vocaiton.jpg\" \/>\n\t<meta property=\"og:image:width\" content=\"600\" \/>\n\t<meta property=\"og:image:height\" content=\"800\" \/>\n\t<meta property=\"og:image:type\" content=\"image\/jpeg\" \/>\n<meta name=\"twitter:card\" content=\"summary_large_image\" \/>\n<meta name=\"twitter:label1\" content=\"Tiempo de lectura\" \/>\n\t<meta name=\"twitter:data1\" content=\"2 minutos\" \/>\n<script type=\"application\/ld+json\" class=\"yoast-schema-graph\">{\"@context\":\"https:\/\/schema.org\",\"@graph\":[{\"@type\":\"WebPage\",\"@id\":\"https:\/\/dev.maryknollsociety.org\/misioneros\/para-candidatos-a-hermanos\/\",\"url\":\"https:\/\/dev.maryknollsociety.org\/misioneros\/para-candidatos-a-hermanos\/\",\"name\":\"Para Candidatos A Hermanos - Misioneros Maryknoll\",\"isPartOf\":{\"@id\":\"https:\/\/dev.maryknollsociety.org\/misioneros\/#website\"},\"primaryImageOfPage\":{\"@id\":\"https:\/\/dev.maryknollsociety.org\/misioneros\/para-candidatos-a-hermanos\/#primaryimage\"},\"image\":{\"@id\":\"https:\/\/dev.maryknollsociety.org\/misioneros\/para-candidatos-a-hermanos\/#primaryimage\"},\"thumbnailUrl\":\"https:\/\/dev.maryknollsociety.org\/misioneros\/wp-content\/uploads\/sites\/3\/2026\/01\/hermano-bruener-en-hong-kong-vocaiton.jpg\",\"datePublished\":\"2026-01-12T22:41:08+00:00\",\"dateModified\":\"2026-01-12T22:43:39+00:00\",\"breadcrumb\":{\"@id\":\"https:\/\/dev.maryknollsociety.org\/misioneros\/para-candidatos-a-hermanos\/#breadcrumb\"},\"inLanguage\":\"es\",\"potentialAction\":[{\"@type\":\"ReadAction\",\"target\":[\"https:\/\/dev.maryknollsociety.org\/misioneros\/para-candidatos-a-hermanos\/\"]}]},{\"@type\":\"ImageObject\",\"inLanguage\":\"es\",\"@id\":\"https:\/\/dev.maryknollsociety.org\/misioneros\/para-candidatos-a-hermanos\/#primaryimage\",\"url\":\"https:\/\/dev.maryknollsociety.org\/misioneros\/wp-content\/uploads\/sites\/3\/2026\/01\/hermano-bruener-en-hong-kong-vocaiton.jpg\",\"contentUrl\":\"https:\/\/dev.maryknollsociety.org\/misioneros\/wp-content\/uploads\/sites\/3\/2026\/01\/hermano-bruener-en-hong-kong-vocaiton.jpg\",\"width\":600,\"height\":800,\"caption\":\"El hermano Gruner arrodillado junto a un plant\u00f3n.\"},{\"@type\":\"BreadcrumbList\",\"@id\":\"https:\/\/dev.maryknollsociety.org\/misioneros\/para-candidatos-a-hermanos\/#breadcrumb\",\"itemListElement\":[{\"@type\":\"ListItem\",\"position\":1,\"name\":\"Home\",\"item\":\"https:\/\/dev.maryknollsociety.org\/misioneros\/\"},{\"@type\":\"ListItem\",\"position\":2,\"name\":\"Para Candidatos A Hermanos\"}]},{\"@type\":\"WebSite\",\"@id\":\"https:\/\/dev.maryknollsociety.org\/misioneros\/#website\",\"url\":\"https:\/\/dev.maryknollsociety.org\/misioneros\/\",\"name\":\"Misioneros Maryknoll\",\"description\":\"\",\"publisher\":{\"@id\":\"https:\/\/dev.maryknollsociety.org\/misioneros\/#organization\"},\"potentialAction\":[{\"@type\":\"SearchAction\",\"target\":{\"@type\":\"EntryPoint\",\"urlTemplate\":\"https:\/\/dev.maryknollsociety.org\/misioneros\/?s={search_term_string}\"},\"query-input\":{\"@type\":\"PropertyValueSpecification\",\"valueRequired\":true,\"valueName\":\"search_term_string\"}}],\"inLanguage\":\"es\"},{\"@type\":\"Organization\",\"@id\":\"https:\/\/dev.maryknollsociety.org\/misioneros\/#organization\",\"name\":\"Misioneros Maryknoll\",\"url\":\"https:\/\/dev.maryknollsociety.org\/misioneros\/\",\"logo\":{\"@type\":\"ImageObject\",\"inLanguage\":\"es\",\"@id\":\"https:\/\/dev.maryknollsociety.org\/misioneros\/#\/schema\/logo\/image\/\",\"url\":\"https:\/\/dev.maryknollsociety.org\/misioneros\/wp-content\/uploads\/sites\/3\/2025\/05\/cropped-MKFB_Logo_Transparet1.png\",\"contentUrl\":\"https:\/\/dev.maryknollsociety.org\/misioneros\/wp-content\/uploads\/sites\/3\/2025\/05\/cropped-MKFB_Logo_Transparet1.png\",\"width\":333,\"height\":68,\"caption\":\"Misioneros Maryknoll\"},\"image\":{\"@id\":\"https:\/\/dev.maryknollsociety.org\/misioneros\/#\/schema\/logo\/image\/\"}}]}<\/script>\n<!-- \/ Yoast SEO plugin. -->","yoast_head_json":{"title":"Para Candidatos A Hermanos - Misioneros Maryknoll","robots":{"index":"noindex","follow":"follow","max-snippet":"max-snippet:-1","max-image-preview":"max-image-preview:large","max-video-preview":"max-video-preview:-1"},"og_locale":"es_ES","og_type":"article","og_title":"Para Candidatos A Hermanos - Misioneros Maryknoll","og_description":"Como hermano candidato, asistir\u00e1s al Programa de Formaci\u00f3n en la Casa de Formaci\u00f3n Maryknoll en Chicago, Illinois. Debido a que...","og_url":"https:\/\/dev.maryknollsociety.org\/misioneros\/para-candidatos-a-hermanos\/","og_site_name":"Misioneros Maryknoll","article_modified_time":"2026-01-12T22:43:39+00:00","og_image":[{"width":600,"height":800,"url":"https:\/\/dev.maryknollsociety.org\/misioneros\/wp-content\/uploads\/sites\/3\/2026\/01\/hermano-bruener-en-hong-kong-vocaiton.jpg","type":"image\/jpeg"}],"twitter_card":"summary_large_image","twitter_misc":{"Tiempo de lectura":"2 minutos"},"schema":{"@context":"https:\/\/schema.org","@graph":[{"@type":"WebPage","@id":"https:\/\/dev.maryknollsociety.org\/misioneros\/para-candidatos-a-hermanos\/","url":"https:\/\/dev.maryknollsociety.org\/misioneros\/para-candidatos-a-hermanos\/","name":"Para Candidatos A Hermanos - Misioneros Maryknoll","isPartOf":{"@id":"https:\/\/dev.maryknollsociety.org\/misioneros\/#website"},"primaryImageOfPage":{"@id":"https:\/\/dev.maryknollsociety.org\/misioneros\/para-candidatos-a-hermanos\/#primaryimage"},"image":{"@id":"https:\/\/dev.maryknollsociety.org\/misioneros\/para-candidatos-a-hermanos\/#primaryimage"},"thumbnailUrl":"https:\/\/dev.maryknollsociety.org\/misioneros\/wp-content\/uploads\/sites\/3\/2026\/01\/hermano-bruener-en-hong-kong-vocaiton.jpg","datePublished":"2026-01-12T22:41:08+00:00","dateModified":"2026-01-12T22:43:39+00:00","breadcrumb":{"@id":"https:\/\/dev.maryknollsociety.org\/misioneros\/para-candidatos-a-hermanos\/#breadcrumb"},"inLanguage":"es","potentialAction":[{"@type":"ReadAction","target":["https:\/\/dev.maryknollsociety.org\/misioneros\/para-candidatos-a-hermanos\/"]}]},{"@type":"ImageObject","inLanguage":"es","@id":"https:\/\/dev.maryknollsociety.org\/misioneros\/para-candidatos-a-hermanos\/#primaryimage","url":"https:\/\/dev.maryknollsociety.org\/misioneros\/wp-content\/uploads\/sites\/3\/2026\/01\/hermano-bruener-en-hong-kong-vocaiton.jpg","contentUrl":"https:\/\/dev.maryknollsociety.org\/misioneros\/wp-content\/uploads\/sites\/3\/2026\/01\/hermano-bruener-en-hong-kong-vocaiton.jpg","width":600,"height":800,"caption":"El hermano Gruner arrodillado junto a un plant\u00f3n."},{"@type":"BreadcrumbList","@id":"https:\/\/dev.maryknollsociety.org\/misioneros\/para-candidatos-a-hermanos\/#breadcrumb","itemListElement":[{"@type":"ListItem","position":1,"name":"Home","item":"https:\/\/dev.maryknollsociety.org\/misioneros\/"},{"@type":"ListItem","position":2,"name":"Para Candidatos A Hermanos"}]},{"@type":"WebSite","@id":"https:\/\/dev.maryknollsociety.org\/misioneros\/#website","url":"https:\/\/dev.maryknollsociety.org\/misioneros\/","name":"Misioneros Maryknoll","description":"","publisher":{"@id":"https:\/\/dev.maryknollsociety.org\/misioneros\/#organization"},"potentialAction":[{"@type":"SearchAction","target":{"@type":"EntryPoint","urlTemplate":"https:\/\/dev.maryknollsociety.org\/misioneros\/?s={search_term_string}"},"query-input":{"@type":"PropertyValueSpecification","valueRequired":true,"valueName":"search_term_string"}}],"inLanguage":"es"},{"@type":"Organization","@id":"https:\/\/dev.maryknollsociety.org\/misioneros\/#organization","name":"Misioneros Maryknoll","url":"https:\/\/dev.maryknollsociety.org\/misioneros\/","logo":{"@type":"ImageObject","inLanguage":"es","@id":"https:\/\/dev.maryknollsociety.org\/misioneros\/#\/schema\/logo\/image\/","url":"https:\/\/dev.maryknollsociety.org\/misioneros\/wp-content\/uploads\/sites\/3\/2025\/05\/cropped-MKFB_Logo_Transparet1.png","contentUrl":"https:\/\/dev.maryknollsociety.org\/misioneros\/wp-content\/uploads\/sites\/3\/2025\/05\/cropped-MKFB_Logo_Transparet1.png","width":333,"height":68,"caption":"Misioneros Maryknoll"},"image":{"@id":"https:\/\/dev.maryknollsociety.org\/misioneros\/#\/schema\/logo\/image\/"}}]}},"_links":{"self":[{"href":"https:\/\/dev.maryknollsociety.org\/misioneros\/wp-json\/wp\/v2\/pages\/5363","targetHints":{"allow":["GET"]}}],"collection":[{"href":"https:\/\/dev.maryknollsociety.org\/misioneros\/wp-json\/wp\/v2\/pages"}],"about":[{"href":"https:\/\/dev.maryknollsociety.org\/misioneros\/wp-json\/wp\/v2\/types\/page"}],"author":[{"embeddable":true,"href":"https:\/\/dev.maryknollsociety.org\/misioneros\/wp-json\/wp\/v2\/users\/1"}],"replies":[{"embeddable":true,"href":"https:\/\/dev.maryknollsociety.org\/misioneros\/wp-json\/wp\/v2\/comments?post=5363"}],"version-history":[{"count":2,"href":"https:\/\/dev.maryknollsociety.org\/misioneros\/wp-json\/wp\/v2\/pages\/5363\/revisions"}],"predecessor-version":[{"id":5368,"href":"https:\/\/dev.maryknollsociety.org\/misioneros\/wp-json\/wp\/v2\/pages\/5363\/revisions\/5368"}],"wp:attachment":[{"href":"https:\/\/dev.maryknollsociety.org\/misioneros\/wp-json\/wp\/v2\/media?parent=5363"}],"wp:term":[{"taxonomy":"folder","embeddable":true,"href":"https:\/\/dev.maryknollsociety.org\/misioneros\/wp-json\/wp\/v2\/folder?post=5363"}],"curies":[{"name":"wp","href":"https:\/\/api.w.org\/{rel}","templated":true}]}}