{"id":5352,"date":"2026-01-12T19:53:17","date_gmt":"2026-01-12T19:53:17","guid":{"rendered":"https:\/\/dev.maryknollsociety.org\/misioneros\/?page_id=5352"},"modified":"2026-01-12T22:41:32","modified_gmt":"2026-01-12T22:41:32","slug":"formacion","status":"publish","type":"page","link":"https:\/\/dev.maryknollsociety.org\/misioneros\/formacion\/","title":{"rendered":"Formaci\u00f3n"},"content":{"rendered":"\r\n\r\n\r\n\r\n\r\n        <div class=\"site-content banner-page-title\">\r\n            <h1>\r\n                Formaci\u00f3n            <\/h1>\r\n        <\/div>\r\n\n\n\n<h2 class=\"wp-block-heading\">Para Candidatos Al Sacerdocio<\/h2>\n\n\n\n<p>Tu ingreso al Programa de Formaci\u00f3n Inicial de Maryknoll, ubicado en el vecindario Hyde Park de Chicago, depender\u00e1 de tu formaci\u00f3n acad\u00e9mica antes de la admisi\u00f3n.<\/p>\n\n\n\n<p>Tambi\u00e9n requerir\u00e1 que completes con \u00e9xito un grado de Maestr\u00eda en Divinidad (MDiv) en Catholic Theological Union (CTU), ubicado a s\u00f3lo tres cuadras de nuestra Casa de Formaci\u00f3n Inicial Maryknoll. Fundada en 1968, CTU es la universidad cat\u00f3lica romana de teolog\u00eda y ministerios m\u00e1s grande de los Estados Unidos. Los estudiantes, seminaristas y candidatos a Hermanos de 32 diferentes congregaciones y sociedades religiosas reciben su educaci\u00f3n y capacitaci\u00f3n formal para el ministerio y la misi\u00f3n en esta universidad.<\/p>\n\n\n\n<p>Comenzando con nuestro A\u00f1o de espiritualidad (similar a un noviciado), los seminaristas pueden esperar realizar su voto final, ordenaci\u00f3n y env\u00edo a las misiones en aproximadamente siete a\u00f1os. Esto variar\u00e1 de un seminarista a otro basado en su progreso acad\u00e9mico, crecimiento espiritual y personal y otras circunstancias individuales. Cada a\u00f1o, su progreso ser\u00e1 revisado por los formadores, as\u00ed como por mentores de la Junta de Promoci\u00f3n quienes recomendar\u00e1n al Superior General cu\u00e1les ser\u00e1n tus pr\u00f3ximos pasos para convertirse en sacerdote Maryknoll.<\/p>\n\n\n<div class=\"mk-separator-block\">\n    <div class=\"mk-separator-line\"><\/div>\n   <div class=\"mk-separator-circle\">\n  <img decoding=\"async\" src=\"https:\/\/dev.maryknollsociety.org\/misioneros\/wp-content\/themes\/maryknoll\/images\/red-chi-rho.png\" alt=\"Separator Icon\" class=\"separator-icon\">\n<\/div>\n    <div class=\"mk-separator-line\"><\/div>\n<\/div> \n\n\n<div style=\"height:29px\" aria-hidden=\"true\" class=\"wp-block-spacer\"><\/div>\n\n\n\n<div class=\"wp-block-columns is-layout-flex wp-container-core-columns-is-layout-9d6595d7 wp-block-columns-is-layout-flex\">\n<div class=\"wp-block-column is-layout-flow wp-block-column-is-layout-flow\">\n<h4 class=\"wp-block-heading\">Estudiante universitario<\/h4>\n\n\n\n<p>Si actualmente eres un estudiante universitario y est\u00e1s dispuesto a transferir tus estudios a Chicago, puedes ser invitado a unirte a nuestro programa universitario. Luego completar\u00edas tu licenciatura en un colegio o universidad espec\u00edfica del \u00e1rea de Chicago con la que Maryknoll tiene una relaci\u00f3n formal. Aunque eres libre de elegir tu programa de estudios, tambi\u00e9n se te exigir\u00eda completar 30 horas semestrales de filosof\u00eda y 12 horas semestrales de cursos de teolog\u00eda requeridos para la admisi\u00f3n en el programa MDiv de CTU. Como resultado, casi todos los estudiantes del Programa Maryknoll College deciden especializarse en filosof\u00eda, que es la recomendaci\u00f3n de nuestro Programa de Formaci\u00f3n Inicial. Al graduarte y completar con \u00e9xito todos los requisitos previos de filosof\u00eda y teolog\u00eda, avanzar\u00e1s al A\u00f1o de Espiritualidad de Maryknoll.<\/p>\n<\/div>\n\n\n\n<div class=\"wp-block-column is-layout-flow wp-block-column-is-layout-flow\">\n<h4 class=\"wp-block-heading\">Graduado universitario, pero careces de los requisitos previos de filosof\u00eda o teolog\u00eda<\/h4>\n\n\n\n<p>Si ya tiene una licenciatura o un t\u00edtulo avanzado, pero careces de las 30 horas semestrales requeridas de filosof\u00eda o las 12 horas semestrales de teolog\u00eda requeridas para la admisi\u00f3n en el programa MDiv de CTU, se te invitar\u00e1 a inscribirte en un programa especial de CTU que permite a los seminaristas completar estos requisitos antes de comenzar su programa MDiv. Al completar con \u00e9xito todos los requisitos previos de filosof\u00eda y teolog\u00eda, avanzar\u00e1s hacia el A\u00f1o de Espiritualidad de Maryknoll.<\/p>\n<\/div>\n\n\n\n<div class=\"wp-block-column is-layout-flow wp-block-column-is-layout-flow\">\n<h4 class=\"wp-block-heading\">Graduado universitario que ha completado TODOS los requisitos previos de Filosof\u00eda y Teolog\u00eda<\/h4>\n\n\n\n<p>Si ya posees al menos un t\u00edtulo universitario y has completado las 30 horas semestrales de filosof\u00eda y las 12 horas semestrales de teolog\u00eda requeridas para ingresar al programa MDiv de CTU, se te invitar\u00e1 a comenzar tu formaci\u00f3n inicial con Maryknoll ingresando a nuestro A\u00f1o de Espiritualidad.<\/p>\n<\/div>\n<\/div>\n\n\n<div class=\"mk-separator-block\">\n    <div class=\"mk-separator-line\"><\/div>\n   <div class=\"mk-separator-circle\">\n  <img decoding=\"async\" src=\"https:\/\/dev.maryknollsociety.org\/misioneros\/wp-content\/themes\/maryknoll\/images\/red-chi-rho.png\" alt=\"Separator Icon\" class=\"separator-icon\">\n<\/div>\n    <div class=\"mk-separator-line\"><\/div>\n<\/div> \n\n<div class=\"mk-accordion-block\" id=\"mk-accordion-69d1b4ba8f6db\">\n    <div class=\"mk-accordion-inner\">\n        <div class=\"mk-accordion-content\">\n            <div class=\"mk-accordion-panel\">\n                                    <div class=\"mk-accordion-panel-item open\">\n                        <button class=\"mk-accordion-panel-title\" type=\"button\" aria-expanded=\"true\">\n                            Primer A\u00f1o                             <span class=\"mk-accordion-panel-icon\">+<\/span>\n                        <\/button>\n                        <div class=\"mk-accordion-panel-content\" style=\"\">\n                            <p>El A\u00f1o de Espiritualidad de Maryknoll es similar a un noviciado. Es un a\u00f1o de formaci\u00f3n com\u00fan seguido por casi todas las comunidades religiosas que preparan a los hombres para un compromiso de por vida como sacerdotes o hermanos. Es el a\u00f1o fundamental de tu viaje de formaci\u00f3n y eventual membres\u00eda en Maryknoll. Durante este a\u00f1o importante:<\/p>\n<ul>\n<li>Conocer\u00e1s a misioneros Maryknoll, nuestros mejores testigos de c\u00f3mo vivir la Buena Nueva entre los pueblos de nuestro mundo.<\/li>\n<li>Te encontrar\u00e1s con Cristo y otros a trav\u00e9s de celebraciones diarias de la Eucarist\u00eda, diversas experiencias de oraci\u00f3n (personal y comunitaria) y variadas celebraciones lit\u00fargicas.<\/li>\n<li>Crecer\u00e1s a trav\u00e9s de la vida en comunidad con tus formadores y compa\u00f1eros candidatos.<\/li>\n<li>Aprender\u00e1s la historia de Maryknoll: nuestra rica historia de misi\u00f3n y ejemplos inspiradores de nuestros antepasados<\/li>\n<li>Ampliar\u00e1s tu familiaridad con la literatura de la espiritualidad y las Escrituras<\/li>\n<li>Experimentar\u00e1s las alegr\u00edas y los desaf\u00edos de servir en el ministerio pastoral<\/li>\n<li>Profundizar\u00e1s tu sentido del yo y de tu llamado en consulta con un director espiritual capacitado<\/li>\n<li>Unir\u00e1s a otros novatos en el \u00e1rea de Chicago en programas semanales que despliegan dimensiones de la vida religiosa y el ministerio a trav\u00e9s de la reflexi\u00f3n y la discusi\u00f3n.<\/li>\n<\/ul>\n<p>Al completar con \u00e9xito el A\u00f1o de Espiritualidad, har\u00e1s tu primer voto temporal como miembro de Maryknoll y te preparar\u00e1s para la siguiente fase de tu viaje de formaci\u00f3n: nuestro Programa de Capacitaci\u00f3n en el Extranjero (OTP).<\/p>\n                        <\/div>\n                    <\/div>\n                                    <div class=\"mk-accordion-panel-item\">\n                        <button class=\"mk-accordion-panel-title\" type=\"button\" aria-expanded=\"false\">\n                            Segundo y Tercer A\u00f1os                            <span class=\"mk-accordion-panel-icon\">+<\/span>\n                        <\/button>\n                        <div class=\"mk-accordion-panel-content\" style=\"display:none;\">\n                            <p>Programa de Capacitaci\u00f3n en el extranjero<\/p>\n<p>Esta experiencia transformadora de dos a\u00f1os de duraci\u00f3n es requisito para todos los seminaristas y hermanos candidatos de Maryknoll. Viajar\u00e1s a Cochabamba, Bolivia, donde, al principio, pasar\u00e1s tus primeros meses aprendiendo espa\u00f1ol a trav\u00e9s del Programa de Idiomas de renombre mundial de Maryknoll, un componente importante de nuestro Centro Misionero Maryknoll en Am\u00e9rica Latina (CMMAL). Nuestro programa de inmersi\u00f3n total, m\u00e1s que el aprendizaje de idiomas, te ofrece oportunidades para servir, interactuar con la gente local y experimentar la cultura y las realidades sociopol\u00edticas de Am\u00e9rica Latina y Am\u00e9rica al mismo tiempo que desarrollas tus habilidades en el idioma espa\u00f1ol. Si ya hablas espa\u00f1ol con fluidez, se te ofrecer\u00e1n otras opciones de programas de idiomas acordes con tu fluidez.<\/p>\n<p>Al finalizar el programa de idiomas, se te ubicar\u00e1 en una parroquia u otro lugar donde vivir\u00e1s y trabajar\u00e1 junto con otros Maryknoll. Ser\u00e1s acompa\u00f1ado por Maryknoll preparados para guiarte en una comprensi\u00f3n m\u00e1s profunda de tu llamado misionero como sacerdote Maryknoll. OTP puede ser un reto. Est\u00e1 programado para serlo. Y, sin embargo, es esta fase del programa de formaci\u00f3n de Maryknoll que es recordada con m\u00e1s cari\u00f1o por aquellos que pasan a convertirse en misioneros Maryknoll.<\/p>\n                        <\/div>\n                    <\/div>\n                                    <div class=\"mk-accordion-panel-item\">\n                        <button class=\"mk-accordion-panel-title\" type=\"button\" aria-expanded=\"false\">\n                            Cuarto Y Quinto A\u00f1o                            <span class=\"mk-accordion-panel-icon\">+<\/span>\n                        <\/button>\n                        <div class=\"mk-accordion-panel-content\" style=\"display:none;\">\n                            <p>Estudios de seminario<\/p>\n<p>Despu\u00e9s de OTP, volver\u00e1s a la comunidad de Formaci\u00f3n de Maryknoll en Chicago. Volver\u00e1s a la oraci\u00f3n regular, al ministerio pastoral y la vida comunitaria con todos los candidatos de Maryknoll en Chicago. Ahora, sin embargo, te enfocar\u00e1s m\u00e1s intensamente en el estudio acad\u00e9mico necesario para convertirte en un sacerdote misionero efectivo. Tus cursos de MDiv en CTU incluir\u00e1n temas tales como:<\/p>\n<ul>\n<li>Escritura, literatura b\u00edblica y ex\u00e9gesis.<\/li>\n<li>Historia y doctrina cat\u00f3lica.<\/li>\n<li>\u00c9tica y moralidad.<\/li>\n<li>Estudios interculturales y ministerio.<\/li>\n<li>Ministerio pastoral<\/li>\n<li>Misi\u00f3n global<\/li>\n<li>Espiritualidad<\/li>\n<li>Palabra y adoraci\u00f3n<\/li>\n<\/ul>\n<p>Como antes, tus formadores, mentores de la Junta de Promoci\u00f3n y otros miembros de la comunidad, te acompa\u00f1ar\u00e1n en tu progreso. Y continuar\u00e1s solicitando anualmente un juramento temporal a Maryknoll.<\/p>\n                        <\/div>\n                    <\/div>\n                                    <div class=\"mk-accordion-panel-item\">\n                        <button class=\"mk-accordion-panel-title\" type=\"button\" aria-expanded=\"false\">\n                            Sexto Y S\u00e9ptimo A\u00f1o                            <span class=\"mk-accordion-panel-icon\">+<\/span>\n                        <\/button>\n                        <div class=\"mk-accordion-panel-content\" style=\"display:none;\">\n                            <p>A\u00f1os finales<\/p>\n<p>Durante tu sexto y s\u00e9ptimo a\u00f1o de formaci\u00f3n, continuar\u00e1s en tus estudios de MDiv pero con mayor conciencia para asumir la identidad y el papel de un ministro ordenado y un miembro de la comunidad c\u00e9libe de por vida. Durante este tiempo, un conjunto de hitos importantes ser\u00e1n alcanzados en tu viaje:<\/p>\n<li>Har\u00e1s un Voto Permanente<\/li>\n<p> (de por vida) a Maryknoll.<\/p>\n<ul>\n<li>Celebrar\u00e1s tu ordenaci\u00f3n diaconal y comenzar\u00e1s tu ministerio como di\u00e1cono de transici\u00f3n en una parroquia donde ministrar\u00e1s, predicar\u00e1s y ayudar\u00e1s a liderar la comunidad de fe.<\/li>\n<li>Completar\u00e1s los estudios de MDiv en CTU.<\/li>\n<li>Ser\u00e1s ordenado sacerdote Maryknoll.<\/li>\n<li>Te enviar\u00e1n a \u00c1frica, Asia o Am\u00e9rica Latina en tu primera asignaci\u00f3n al extranjero como sacerdote misionero.<\/li>\n<\/ul>\n                        <\/div>\n                    <\/div>\n                            <\/div>\n        <\/div>\n    <\/div>\n<\/div> ","protected":false},"excerpt":{"rendered":"<p>Para Candidatos Al Sacerdocio Tu ingreso al Programa de Formaci\u00f3n Inicial de Maryknoll, ubicado en el vecindario Hyde Park de&#8230;<\/p>\n","protected":false},"author":1,"featured_media":0,"parent":0,"menu_order":0,"comment_status":"closed","ping_status":"closed","template":"","meta":{"_acf_changed":false,"_eb_attr":"","_eb_data_table":"","footnotes":""},"folder":[],"class_list":["post-5352","page","type-page","status-publish","hentry"],"acf":[],"yoast_head":"<!-- This site is optimized with the Yoast SEO plugin v26.5 - https:\/\/yoast.com\/wordpress\/plugins\/seo\/ -->\n<title>Formaci\u00f3n - Misioneros Maryknoll<\/title>\n<meta name=\"robots\" content=\"noindex, follow, max-snippet:-1, max-image-preview:large, max-video-preview:-1\" \/>\n<meta property=\"og:locale\" content=\"es_ES\" \/>\n<meta property=\"og:type\" content=\"article\" \/>\n<meta property=\"og:title\" content=\"Formaci\u00f3n - Misioneros Maryknoll\" \/>\n<meta property=\"og:description\" content=\"Para Candidatos Al Sacerdocio Tu ingreso al Programa de Formaci\u00f3n Inicial de Maryknoll, ubicado en el vecindario Hyde Park de...\" \/>\n<meta property=\"og:url\" content=\"https:\/\/dev.maryknollsociety.org\/misioneros\/formacion\/\" \/>\n<meta property=\"og:site_name\" content=\"Misioneros Maryknoll\" \/>\n<meta property=\"article:modified_time\" content=\"2026-01-12T22:41:32+00:00\" \/>\n<meta name=\"twitter:card\" content=\"summary_large_image\" \/>\n<meta name=\"twitter:label1\" content=\"Tiempo de lectura\" \/>\n\t<meta name=\"twitter:data1\" content=\"3 minutos\" \/>\n<script type=\"application\/ld+json\" class=\"yoast-schema-graph\">{\"@context\":\"https:\/\/schema.org\",\"@graph\":[{\"@type\":\"WebPage\",\"@id\":\"https:\/\/dev.maryknollsociety.org\/misioneros\/formacion\/\",\"url\":\"https:\/\/dev.maryknollsociety.org\/misioneros\/formacion\/\",\"name\":\"Formaci\u00f3n - Misioneros Maryknoll\",\"isPartOf\":{\"@id\":\"https:\/\/dev.maryknollsociety.org\/misioneros\/#website\"},\"datePublished\":\"2026-01-12T19:53:17+00:00\",\"dateModified\":\"2026-01-12T22:41:32+00:00\",\"breadcrumb\":{\"@id\":\"https:\/\/dev.maryknollsociety.org\/misioneros\/formacion\/#breadcrumb\"},\"inLanguage\":\"es\",\"potentialAction\":[{\"@type\":\"ReadAction\",\"target\":[\"https:\/\/dev.maryknollsociety.org\/misioneros\/formacion\/\"]}]},{\"@type\":\"BreadcrumbList\",\"@id\":\"https:\/\/dev.maryknollsociety.org\/misioneros\/formacion\/#breadcrumb\",\"itemListElement\":[{\"@type\":\"ListItem\",\"position\":1,\"name\":\"Home\",\"item\":\"https:\/\/dev.maryknollsociety.org\/misioneros\/\"},{\"@type\":\"ListItem\",\"position\":2,\"name\":\"Formaci\u00f3n\"}]},{\"@type\":\"WebSite\",\"@id\":\"https:\/\/dev.maryknollsociety.org\/misioneros\/#website\",\"url\":\"https:\/\/dev.maryknollsociety.org\/misioneros\/\",\"name\":\"Misioneros Maryknoll\",\"description\":\"\",\"publisher\":{\"@id\":\"https:\/\/dev.maryknollsociety.org\/misioneros\/#organization\"},\"potentialAction\":[{\"@type\":\"SearchAction\",\"target\":{\"@type\":\"EntryPoint\",\"urlTemplate\":\"https:\/\/dev.maryknollsociety.org\/misioneros\/?s={search_term_string}\"},\"query-input\":{\"@type\":\"PropertyValueSpecification\",\"valueRequired\":true,\"valueName\":\"search_term_string\"}}],\"inLanguage\":\"es\"},{\"@type\":\"Organization\",\"@id\":\"https:\/\/dev.maryknollsociety.org\/misioneros\/#organization\",\"name\":\"Misioneros Maryknoll\",\"url\":\"https:\/\/dev.maryknollsociety.org\/misioneros\/\",\"logo\":{\"@type\":\"ImageObject\",\"inLanguage\":\"es\",\"@id\":\"https:\/\/dev.maryknollsociety.org\/misioneros\/#\/schema\/logo\/image\/\",\"url\":\"https:\/\/dev.maryknollsociety.org\/misioneros\/wp-content\/uploads\/sites\/3\/2025\/05\/cropped-MKFB_Logo_Transparet1.png\",\"contentUrl\":\"https:\/\/dev.maryknollsociety.org\/misioneros\/wp-content\/uploads\/sites\/3\/2025\/05\/cropped-MKFB_Logo_Transparet1.png\",\"width\":333,\"height\":68,\"caption\":\"Misioneros Maryknoll\"},\"image\":{\"@id\":\"https:\/\/dev.maryknollsociety.org\/misioneros\/#\/schema\/logo\/image\/\"}}]}<\/script>\n<!-- \/ Yoast SEO plugin. -->","yoast_head_json":{"title":"Formaci\u00f3n - Misioneros Maryknoll","robots":{"index":"noindex","follow":"follow","max-snippet":"max-snippet:-1","max-image-preview":"max-image-preview:large","max-video-preview":"max-video-preview:-1"},"og_locale":"es_ES","og_type":"article","og_title":"Formaci\u00f3n - Misioneros Maryknoll","og_description":"Para Candidatos Al Sacerdocio Tu ingreso al Programa de Formaci\u00f3n Inicial de Maryknoll, ubicado en el vecindario Hyde Park de...","og_url":"https:\/\/dev.maryknollsociety.org\/misioneros\/formacion\/","og_site_name":"Misioneros Maryknoll","article_modified_time":"2026-01-12T22:41:32+00:00","twitter_card":"summary_large_image","twitter_misc":{"Tiempo de lectura":"3 minutos"},"schema":{"@context":"https:\/\/schema.org","@graph":[{"@type":"WebPage","@id":"https:\/\/dev.maryknollsociety.org\/misioneros\/formacion\/","url":"https:\/\/dev.maryknollsociety.org\/misioneros\/formacion\/","name":"Formaci\u00f3n - Misioneros Maryknoll","isPartOf":{"@id":"https:\/\/dev.maryknollsociety.org\/misioneros\/#website"},"datePublished":"2026-01-12T19:53:17+00:00","dateModified":"2026-01-12T22:41:32+00:00","breadcrumb":{"@id":"https:\/\/dev.maryknollsociety.org\/misioneros\/formacion\/#breadcrumb"},"inLanguage":"es","potentialAction":[{"@type":"ReadAction","target":["https:\/\/dev.maryknollsociety.org\/misioneros\/formacion\/"]}]},{"@type":"BreadcrumbList","@id":"https:\/\/dev.maryknollsociety.org\/misioneros\/formacion\/#breadcrumb","itemListElement":[{"@type":"ListItem","position":1,"name":"Home","item":"https:\/\/dev.maryknollsociety.org\/misioneros\/"},{"@type":"ListItem","position":2,"name":"Formaci\u00f3n"}]},{"@type":"WebSite","@id":"https:\/\/dev.maryknollsociety.org\/misioneros\/#website","url":"https:\/\/dev.maryknollsociety.org\/misioneros\/","name":"Misioneros Maryknoll","description":"","publisher":{"@id":"https:\/\/dev.maryknollsociety.org\/misioneros\/#organization"},"potentialAction":[{"@type":"SearchAction","target":{"@type":"EntryPoint","urlTemplate":"https:\/\/dev.maryknollsociety.org\/misioneros\/?s={search_term_string}"},"query-input":{"@type":"PropertyValueSpecification","valueRequired":true,"valueName":"search_term_string"}}],"inLanguage":"es"},{"@type":"Organization","@id":"https:\/\/dev.maryknollsociety.org\/misioneros\/#organization","name":"Misioneros Maryknoll","url":"https:\/\/dev.maryknollsociety.org\/misioneros\/","logo":{"@type":"ImageObject","inLanguage":"es","@id":"https:\/\/dev.maryknollsociety.org\/misioneros\/#\/schema\/logo\/image\/","url":"https:\/\/dev.maryknollsociety.org\/misioneros\/wp-content\/uploads\/sites\/3\/2025\/05\/cropped-MKFB_Logo_Transparet1.png","contentUrl":"https:\/\/dev.maryknollsociety.org\/misioneros\/wp-content\/uploads\/sites\/3\/2025\/05\/cropped-MKFB_Logo_Transparet1.png","width":333,"height":68,"caption":"Misioneros Maryknoll"},"image":{"@id":"https:\/\/dev.maryknollsociety.org\/misioneros\/#\/schema\/logo\/image\/"}}]}},"_links":{"self":[{"href":"https:\/\/dev.maryknollsociety.org\/misioneros\/wp-json\/wp\/v2\/pages\/5352","targetHints":{"allow":["GET"]}}],"collection":[{"href":"https:\/\/dev.maryknollsociety.org\/misioneros\/wp-json\/wp\/v2\/pages"}],"about":[{"href":"https:\/\/dev.maryknollsociety.org\/misioneros\/wp-json\/wp\/v2\/types\/page"}],"author":[{"embeddable":true,"href":"https:\/\/dev.maryknollsociety.org\/misioneros\/wp-json\/wp\/v2\/users\/1"}],"replies":[{"embeddable":true,"href":"https:\/\/dev.maryknollsociety.org\/misioneros\/wp-json\/wp\/v2\/comments?post=5352"}],"version-history":[{"count":9,"href":"https:\/\/dev.maryknollsociety.org\/misioneros\/wp-json\/wp\/v2\/pages\/5352\/revisions"}],"predecessor-version":[{"id":5366,"href":"https:\/\/dev.maryknollsociety.org\/misioneros\/wp-json\/wp\/v2\/pages\/5352\/revisions\/5366"}],"wp:attachment":[{"href":"https:\/\/dev.maryknollsociety.org\/misioneros\/wp-json\/wp\/v2\/media?parent=5352"}],"wp:term":[{"taxonomy":"folder","embeddable":true,"href":"https:\/\/dev.maryknollsociety.org\/misioneros\/wp-json\/wp\/v2\/folder?post=5352"}],"curies":[{"name":"wp","href":"https:\/\/api.w.org\/{rel}","templated":true}]}}