{"id":5350,"date":"2026-01-12T19:43:15","date_gmt":"2026-01-12T19:43:15","guid":{"rendered":"https:\/\/dev.maryknollsociety.org\/misioneros\/?page_id=5350"},"modified":"2026-01-12T19:43:17","modified_gmt":"2026-01-12T19:43:17","slug":"solicitud","status":"publish","type":"page","link":"https:\/\/dev.maryknollsociety.org\/misioneros\/solicitud\/","title":{"rendered":"Solicitud"},"content":{"rendered":"\r\n\r\n\r\n\r\n\r\n        <div class=\"site-content banner-page-title\">\r\n            <h1>\r\n                Solicitud            <\/h1>\r\n        <\/div>\r\n\n\n\n<h2 class=\"wp-block-heading\"><strong>Solicitud<\/strong><\/h2>\n\n\n\n<p>(Si tiene una pregunta o desea \u00e9sta informaci\u00f3n en espa\u00f1ol, favor de contactar al Padre Rodrigo\u00a0 Ulloa\u00a0 \u00a0<a href=\"mailto:RUlloa@Maryknoll.org\">RUlloa@Maryknoll.org<\/a>\u00a0o llamar a 888-627-9566)<\/p>\n\n\n\n<p>Your application process begins when the Maryknoll vocation minister accompanying you, our Admissions Director and you all agree that entry into Maryknoll\u2019s Formation program would be your next sound step toward becoming a missionary priest or brother. Once agreement is reached, you would then make a formal petition for admission into Maryknoll\u2019s Formation program.&nbsp;<\/p>\n\n\n\n<p>Soon afterward, you will receive an application packet. This packet contains forms that will be needed by us to complete your admission. These include:<br>&nbsp; &nbsp; &nbsp;\u2022&nbsp; An application form<br>&nbsp; &nbsp; &nbsp;\u2022&nbsp; A request for official transcripts<br>&nbsp; &nbsp; &nbsp;\u2022&nbsp; A request for Birth, Baptismal, and Confirmation certificates<br>&nbsp; &nbsp; &nbsp;\u2022&nbsp; A background check release form<br>&nbsp; &nbsp; &nbsp;\u2022&nbsp; Five recommendation forms which you will be asked to distribute to selected people<br>&nbsp; &nbsp; &nbsp;\u2022&nbsp; Forms to be submitted by health care professionals after completing medical and dental exams<br>&nbsp; &nbsp; &nbsp;\u2022&nbsp; And you will be requested to send two passport-sized photos.<\/p>\n\n\n\n<p>Once this material is received by our Admission Director, you will be required to travel to Maryknoll, NY, for approximately 3 to 4 days of interviews and psychological evaluation. This is also a prayerful time and an opportunity to enjoy the hospitality of our Maryknoll community as this phase of your Maryknoll journey comes to fulfillment.<\/p>\n\n\n\n<p>Typically soon afterward, our Admissions Board meets to determine if Maryknoll\u2019s Initial Formation program is \u00abright\u00bb for you at this point in your life. If so, you will be invited to join our Initial Formation Program located in Chicago\u2019s Hyde Park neighborhood and begin the next phase of your Maryknoll journey.<\/p>\n","protected":false},"excerpt":{"rendered":"<p>Solicitud (Si tiene una pregunta o desea \u00e9sta informaci\u00f3n en espa\u00f1ol, favor de contactar al Padre Rodrigo\u00a0 Ulloa\u00a0 \u00a0RUlloa@Maryknoll.org\u00a0o llamar&#8230;<\/p>\n","protected":false},"author":1,"featured_media":0,"parent":0,"menu_order":0,"comment_status":"closed","ping_status":"closed","template":"","meta":{"_acf_changed":false,"_eb_attr":"","_eb_data_table":"","footnotes":""},"folder":[],"class_list":["post-5350","page","type-page","status-publish","hentry"],"acf":[],"yoast_head":"<!-- This site is optimized with the Yoast SEO plugin v26.5 - https:\/\/yoast.com\/wordpress\/plugins\/seo\/ -->\n<title>Solicitud - Misioneros Maryknoll<\/title>\n<meta name=\"robots\" content=\"noindex, follow, max-snippet:-1, max-image-preview:large, max-video-preview:-1\" \/>\n<meta property=\"og:locale\" content=\"es_ES\" \/>\n<meta property=\"og:type\" content=\"article\" \/>\n<meta property=\"og:title\" content=\"Solicitud - Misioneros Maryknoll\" \/>\n<meta property=\"og:description\" content=\"Solicitud (Si tiene una pregunta o desea \u00e9sta informaci\u00f3n en espa\u00f1ol, favor de contactar al Padre Rodrigo\u00a0 Ulloa\u00a0 \u00a0RUlloa@Maryknoll.org\u00a0o llamar...\" \/>\n<meta property=\"og:url\" content=\"https:\/\/dev.maryknollsociety.org\/misioneros\/solicitud\/\" \/>\n<meta property=\"og:site_name\" content=\"Misioneros Maryknoll\" \/>\n<meta property=\"article:modified_time\" content=\"2026-01-12T19:43:17+00:00\" \/>\n<meta name=\"twitter:card\" content=\"summary_large_image\" \/>\n<meta name=\"twitter:label1\" content=\"Tiempo de lectura\" \/>\n\t<meta name=\"twitter:data1\" content=\"2 minutos\" \/>\n<script type=\"application\/ld+json\" class=\"yoast-schema-graph\">{\"@context\":\"https:\/\/schema.org\",\"@graph\":[{\"@type\":\"WebPage\",\"@id\":\"https:\/\/dev.maryknollsociety.org\/misioneros\/solicitud\/\",\"url\":\"https:\/\/dev.maryknollsociety.org\/misioneros\/solicitud\/\",\"name\":\"Solicitud - Misioneros Maryknoll\",\"isPartOf\":{\"@id\":\"https:\/\/dev.maryknollsociety.org\/misioneros\/#website\"},\"datePublished\":\"2026-01-12T19:43:15+00:00\",\"dateModified\":\"2026-01-12T19:43:17+00:00\",\"breadcrumb\":{\"@id\":\"https:\/\/dev.maryknollsociety.org\/misioneros\/solicitud\/#breadcrumb\"},\"inLanguage\":\"es\",\"potentialAction\":[{\"@type\":\"ReadAction\",\"target\":[\"https:\/\/dev.maryknollsociety.org\/misioneros\/solicitud\/\"]}]},{\"@type\":\"BreadcrumbList\",\"@id\":\"https:\/\/dev.maryknollsociety.org\/misioneros\/solicitud\/#breadcrumb\",\"itemListElement\":[{\"@type\":\"ListItem\",\"position\":1,\"name\":\"Home\",\"item\":\"https:\/\/dev.maryknollsociety.org\/misioneros\/\"},{\"@type\":\"ListItem\",\"position\":2,\"name\":\"Solicitud\"}]},{\"@type\":\"WebSite\",\"@id\":\"https:\/\/dev.maryknollsociety.org\/misioneros\/#website\",\"url\":\"https:\/\/dev.maryknollsociety.org\/misioneros\/\",\"name\":\"Misioneros Maryknoll\",\"description\":\"\",\"publisher\":{\"@id\":\"https:\/\/dev.maryknollsociety.org\/misioneros\/#organization\"},\"potentialAction\":[{\"@type\":\"SearchAction\",\"target\":{\"@type\":\"EntryPoint\",\"urlTemplate\":\"https:\/\/dev.maryknollsociety.org\/misioneros\/?s={search_term_string}\"},\"query-input\":{\"@type\":\"PropertyValueSpecification\",\"valueRequired\":true,\"valueName\":\"search_term_string\"}}],\"inLanguage\":\"es\"},{\"@type\":\"Organization\",\"@id\":\"https:\/\/dev.maryknollsociety.org\/misioneros\/#organization\",\"name\":\"Misioneros Maryknoll\",\"url\":\"https:\/\/dev.maryknollsociety.org\/misioneros\/\",\"logo\":{\"@type\":\"ImageObject\",\"inLanguage\":\"es\",\"@id\":\"https:\/\/dev.maryknollsociety.org\/misioneros\/#\/schema\/logo\/image\/\",\"url\":\"https:\/\/dev.maryknollsociety.org\/misioneros\/wp-content\/uploads\/sites\/3\/2025\/05\/cropped-MKFB_Logo_Transparet1.png\",\"contentUrl\":\"https:\/\/dev.maryknollsociety.org\/misioneros\/wp-content\/uploads\/sites\/3\/2025\/05\/cropped-MKFB_Logo_Transparet1.png\",\"width\":333,\"height\":68,\"caption\":\"Misioneros Maryknoll\"},\"image\":{\"@id\":\"https:\/\/dev.maryknollsociety.org\/misioneros\/#\/schema\/logo\/image\/\"}}]}<\/script>\n<!-- \/ Yoast SEO plugin. -->","yoast_head_json":{"title":"Solicitud - Misioneros Maryknoll","robots":{"index":"noindex","follow":"follow","max-snippet":"max-snippet:-1","max-image-preview":"max-image-preview:large","max-video-preview":"max-video-preview:-1"},"og_locale":"es_ES","og_type":"article","og_title":"Solicitud - Misioneros Maryknoll","og_description":"Solicitud (Si tiene una pregunta o desea \u00e9sta informaci\u00f3n en espa\u00f1ol, favor de contactar al Padre Rodrigo\u00a0 Ulloa\u00a0 \u00a0RUlloa@Maryknoll.org\u00a0o llamar...","og_url":"https:\/\/dev.maryknollsociety.org\/misioneros\/solicitud\/","og_site_name":"Misioneros Maryknoll","article_modified_time":"2026-01-12T19:43:17+00:00","twitter_card":"summary_large_image","twitter_misc":{"Tiempo de lectura":"2 minutos"},"schema":{"@context":"https:\/\/schema.org","@graph":[{"@type":"WebPage","@id":"https:\/\/dev.maryknollsociety.org\/misioneros\/solicitud\/","url":"https:\/\/dev.maryknollsociety.org\/misioneros\/solicitud\/","name":"Solicitud - Misioneros Maryknoll","isPartOf":{"@id":"https:\/\/dev.maryknollsociety.org\/misioneros\/#website"},"datePublished":"2026-01-12T19:43:15+00:00","dateModified":"2026-01-12T19:43:17+00:00","breadcrumb":{"@id":"https:\/\/dev.maryknollsociety.org\/misioneros\/solicitud\/#breadcrumb"},"inLanguage":"es","potentialAction":[{"@type":"ReadAction","target":["https:\/\/dev.maryknollsociety.org\/misioneros\/solicitud\/"]}]},{"@type":"BreadcrumbList","@id":"https:\/\/dev.maryknollsociety.org\/misioneros\/solicitud\/#breadcrumb","itemListElement":[{"@type":"ListItem","position":1,"name":"Home","item":"https:\/\/dev.maryknollsociety.org\/misioneros\/"},{"@type":"ListItem","position":2,"name":"Solicitud"}]},{"@type":"WebSite","@id":"https:\/\/dev.maryknollsociety.org\/misioneros\/#website","url":"https:\/\/dev.maryknollsociety.org\/misioneros\/","name":"Misioneros Maryknoll","description":"","publisher":{"@id":"https:\/\/dev.maryknollsociety.org\/misioneros\/#organization"},"potentialAction":[{"@type":"SearchAction","target":{"@type":"EntryPoint","urlTemplate":"https:\/\/dev.maryknollsociety.org\/misioneros\/?s={search_term_string}"},"query-input":{"@type":"PropertyValueSpecification","valueRequired":true,"valueName":"search_term_string"}}],"inLanguage":"es"},{"@type":"Organization","@id":"https:\/\/dev.maryknollsociety.org\/misioneros\/#organization","name":"Misioneros Maryknoll","url":"https:\/\/dev.maryknollsociety.org\/misioneros\/","logo":{"@type":"ImageObject","inLanguage":"es","@id":"https:\/\/dev.maryknollsociety.org\/misioneros\/#\/schema\/logo\/image\/","url":"https:\/\/dev.maryknollsociety.org\/misioneros\/wp-content\/uploads\/sites\/3\/2025\/05\/cropped-MKFB_Logo_Transparet1.png","contentUrl":"https:\/\/dev.maryknollsociety.org\/misioneros\/wp-content\/uploads\/sites\/3\/2025\/05\/cropped-MKFB_Logo_Transparet1.png","width":333,"height":68,"caption":"Misioneros Maryknoll"},"image":{"@id":"https:\/\/dev.maryknollsociety.org\/misioneros\/#\/schema\/logo\/image\/"}}]}},"_links":{"self":[{"href":"https:\/\/dev.maryknollsociety.org\/misioneros\/wp-json\/wp\/v2\/pages\/5350","targetHints":{"allow":["GET"]}}],"collection":[{"href":"https:\/\/dev.maryknollsociety.org\/misioneros\/wp-json\/wp\/v2\/pages"}],"about":[{"href":"https:\/\/dev.maryknollsociety.org\/misioneros\/wp-json\/wp\/v2\/types\/page"}],"author":[{"embeddable":true,"href":"https:\/\/dev.maryknollsociety.org\/misioneros\/wp-json\/wp\/v2\/users\/1"}],"replies":[{"embeddable":true,"href":"https:\/\/dev.maryknollsociety.org\/misioneros\/wp-json\/wp\/v2\/comments?post=5350"}],"version-history":[{"count":1,"href":"https:\/\/dev.maryknollsociety.org\/misioneros\/wp-json\/wp\/v2\/pages\/5350\/revisions"}],"predecessor-version":[{"id":5351,"href":"https:\/\/dev.maryknollsociety.org\/misioneros\/wp-json\/wp\/v2\/pages\/5350\/revisions\/5351"}],"wp:attachment":[{"href":"https:\/\/dev.maryknollsociety.org\/misioneros\/wp-json\/wp\/v2\/media?parent=5350"}],"wp:term":[{"taxonomy":"folder","embeddable":true,"href":"https:\/\/dev.maryknollsociety.org\/misioneros\/wp-json\/wp\/v2\/folder?post=5350"}],"curies":[{"name":"wp","href":"https:\/\/api.w.org\/{rel}","templated":true}]}}