{"id":5305,"date":"2026-01-12T18:17:40","date_gmt":"2026-01-12T18:17:40","guid":{"rendered":"https:\/\/dev.maryknollsociety.org\/misioneros\/?page_id=5305"},"modified":"2026-01-12T18:17:42","modified_gmt":"2026-01-12T18:17:42","slug":"misiones","status":"publish","type":"page","link":"https:\/\/dev.maryknollsociety.org\/misioneros\/misiones\/","title":{"rendered":"MISIONES"},"content":{"rendered":"\r\n\r\n\r\n\r\n\r\n        <div class=\"site-content banner-page-title\">\r\n            <h1>\r\n                MISIONES            <\/h1>\r\n        <\/div>\r\n\n\n\n<div class=\"wp-block-essential-blocks-row alignfull  root-eb-row-pvvgp\"><div class=\"eb-parent-wrapper eb-parent-eb-row-pvvgp \"><div class=\"eb-row-root-container eb-row-pvvgp\" data-id=\"eb-row-pvvgp\"><div class=\"eb-row-wrapper\"><div class=\"eb-row-inner\">\n<div class=\"wp-block-essential-blocks-column  root-eb-column-sumzs\"><div class=\"eb-parent-wrapper eb-parent-eb-column-sumzs \"><div class=\"eb-column-wrapper eb-column-sumzs\"><div class=\"eb-column-inner\">\n<figure class=\"wp-block-image size-full\"><a href=\"https:\/\/dev.maryknollsociety.org\/misioneros\/category\/africa\/\" target=\"_blank\" rel=\" noreferrer noopener\"><img loading=\"lazy\" decoding=\"async\" width=\"768\" height=\"768\" src=\"https:\/\/dev.maryknollsociety.org\/misioneros\/wp-content\/uploads\/sites\/3\/2026\/01\/misiones-africa-1-768x768-1.png\" alt=\"Una imagen del continente africano\" class=\"wp-image-5310\" srcset=\"https:\/\/dev.maryknollsociety.org\/misioneros\/wp-content\/uploads\/sites\/3\/2026\/01\/misiones-africa-1-768x768-1.png 768w, https:\/\/dev.maryknollsociety.org\/misioneros\/wp-content\/uploads\/sites\/3\/2026\/01\/misiones-africa-1-768x768-1-300x300.png 300w, https:\/\/dev.maryknollsociety.org\/misioneros\/wp-content\/uploads\/sites\/3\/2026\/01\/misiones-africa-1-768x768-1-150x150.png 150w\" sizes=\"auto, (max-width: 768px) 100vw, 768px\" \/><\/a><\/figure>\n<\/div><\/div><\/div><\/div>\n\n\n\n<div class=\"wp-block-essential-blocks-column  root-eb-column-5ajex\"><div class=\"eb-parent-wrapper eb-parent-eb-column-5ajex \"><div class=\"eb-column-wrapper eb-column-5ajex\"><div class=\"eb-column-inner\">\n<figure class=\"wp-block-image size-full\"><a href=\"https:\/\/dev.maryknollsociety.org\/misioneros\/category\/america-latina\/\" target=\"_blank\" rel=\" noreferrer noopener\"><img loading=\"lazy\" decoding=\"async\" width=\"768\" height=\"768\" src=\"https:\/\/dev.maryknollsociety.org\/misioneros\/wp-content\/uploads\/sites\/3\/2026\/01\/misiones-america-latina-1-768x768-1.png\" alt=\"Una imagen de Am\u00e9rica Latina\" class=\"wp-image-5309\" srcset=\"https:\/\/dev.maryknollsociety.org\/misioneros\/wp-content\/uploads\/sites\/3\/2026\/01\/misiones-america-latina-1-768x768-1.png 768w, https:\/\/dev.maryknollsociety.org\/misioneros\/wp-content\/uploads\/sites\/3\/2026\/01\/misiones-america-latina-1-768x768-1-300x300.png 300w, https:\/\/dev.maryknollsociety.org\/misioneros\/wp-content\/uploads\/sites\/3\/2026\/01\/misiones-america-latina-1-768x768-1-150x150.png 150w\" sizes=\"auto, (max-width: 768px) 100vw, 768px\" \/><\/a><\/figure>\n<\/div><\/div><\/div><\/div>\n\n\n\n<div class=\"wp-block-essential-blocks-column  root-eb-column-41fuf\"><div class=\"eb-parent-wrapper eb-parent-eb-column-41fuf \"><div class=\"eb-column-wrapper eb-column-41fuf\"><div class=\"eb-column-inner\">\n<figure class=\"wp-block-image size-full\"><a href=\"https:\/\/dev.maryknollsociety.org\/misioneros\/category\/asia\/\" target=\"_blank\" rel=\" noreferrer noopener\"><img loading=\"lazy\" decoding=\"async\" width=\"768\" height=\"768\" src=\"https:\/\/dev.maryknollsociety.org\/misioneros\/wp-content\/uploads\/sites\/3\/2026\/01\/misiones-asia-1-768x768-1.png\" alt=\"Una imagen del continente asi\u00e1tico\" class=\"wp-image-5308\" srcset=\"https:\/\/dev.maryknollsociety.org\/misioneros\/wp-content\/uploads\/sites\/3\/2026\/01\/misiones-asia-1-768x768-1.png 768w, https:\/\/dev.maryknollsociety.org\/misioneros\/wp-content\/uploads\/sites\/3\/2026\/01\/misiones-asia-1-768x768-1-300x300.png 300w, https:\/\/dev.maryknollsociety.org\/misioneros\/wp-content\/uploads\/sites\/3\/2026\/01\/misiones-asia-1-768x768-1-150x150.png 150w\" sizes=\"auto, (max-width: 768px) 100vw, 768px\" \/><\/a><\/figure>\n<\/div><\/div><\/div><\/div>\n\n\n\n<div class=\"wp-block-essential-blocks-column  root-eb-column-wc5cn\"><div class=\"eb-parent-wrapper eb-parent-eb-column-wc5cn \"><div class=\"eb-column-wrapper eb-column-wc5cn\"><div class=\"eb-column-inner\">\n<figure class=\"wp-block-image size-full\"><a href=\"https:\/\/dev.maryknollsociety.org\/misioneros\/category\/estados-unidos\/\" target=\"_blank\" rel=\" noreferrer noopener\"><img loading=\"lazy\" decoding=\"async\" width=\"768\" height=\"768\" src=\"https:\/\/dev.maryknollsociety.org\/misioneros\/wp-content\/uploads\/sites\/3\/2026\/01\/misiones-estados-unidos-768x768-1.png\" alt=\"Una imagen de los Estados Unidos de Am\u00e9rica\" class=\"wp-image-5307\" srcset=\"https:\/\/dev.maryknollsociety.org\/misioneros\/wp-content\/uploads\/sites\/3\/2026\/01\/misiones-estados-unidos-768x768-1.png 768w, https:\/\/dev.maryknollsociety.org\/misioneros\/wp-content\/uploads\/sites\/3\/2026\/01\/misiones-estados-unidos-768x768-1-300x300.png 300w, https:\/\/dev.maryknollsociety.org\/misioneros\/wp-content\/uploads\/sites\/3\/2026\/01\/misiones-estados-unidos-768x768-1-150x150.png 150w\" sizes=\"auto, (max-width: 768px) 100vw, 768px\" \/><\/a><\/figure>\n<\/div><\/div><\/div><\/div>\n<\/div><\/div><\/div><\/div><\/div>\n\n\n\n<div style=\"height:43px\" aria-hidden=\"true\" class=\"wp-block-spacer\"><\/div>\n\n\n\n<h2 class=\"wp-block-heading\">Ayuda Donde M\u00e1s se Necesita<\/h2>\n\n\n\n<div class=\"wp-block-columns is-layout-flex wp-container-core-columns-is-layout-9d6595d7 wp-block-columns-is-layout-flex\">\n<div class=\"wp-block-column is-layout-flow wp-block-column-is-layout-flow\">\n<figure class=\"wp-block-image size-large\"><img loading=\"lazy\" decoding=\"async\" width=\"1024\" height=\"768\" src=\"https:\/\/dev.maryknollsociety.org\/misioneros\/wp-content\/uploads\/sites\/3\/2026\/01\/Vocaciones-1024x768.jpg\" alt=\"El Padre Hung Dinh da la comuni\u00f3n a una feligresa en Mwanza, Tanzania. (Sean Sprague\/Tanzania)\" class=\"wp-image-5285\" srcset=\"https:\/\/dev.maryknollsociety.org\/misioneros\/wp-content\/uploads\/sites\/3\/2026\/01\/Vocaciones-1024x768.jpg 1024w, https:\/\/dev.maryknollsociety.org\/misioneros\/wp-content\/uploads\/sites\/3\/2026\/01\/Vocaciones-300x225.jpg 300w, https:\/\/dev.maryknollsociety.org\/misioneros\/wp-content\/uploads\/sites\/3\/2026\/01\/Vocaciones-768x576.jpg 768w, https:\/\/dev.maryknollsociety.org\/misioneros\/wp-content\/uploads\/sites\/3\/2026\/01\/Vocaciones-400x300.jpg 400w, https:\/\/dev.maryknollsociety.org\/misioneros\/wp-content\/uploads\/sites\/3\/2026\/01\/Vocaciones.jpg 1440w\" sizes=\"auto, (max-width: 1024px) 100vw, 1024px\" \/><figcaption class=\"wp-element-caption\">El Padre Hung Dinh da la comuni\u00f3n a una feligresa en Mwanza, Tanzania. (Sean Sprague\/Tanzania)<\/figcaption><\/figure>\n<\/div>\n\n\n\n<div class=\"wp-block-column is-layout-flow wp-block-column-is-layout-flow\">\n<p>Tus oraciones y donaciones son el elemento vital de nuestro trabajo misionero<\/p>\n\n\n\n<p>Millones de personas en todo el mundo sufren de inanici\u00f3n, falta de atenci\u00f3n m\u00e9dica, agua potable, disturbios civiles y negligencia, por lo que puede ser dif\u00edcil decidir exactamente d\u00f3nde su dinero puede brindar el mayor beneficio.<\/p>\n\n\n\n<p>Su donaci\u00f3n nos permitir\u00e1 responder r\u00e1pidamente en las \u00e1reas de mayor necesidad, para ayudar a los ni\u00f1os y las familias m\u00e1s vulnerables del mundo, y para apoyar nuestros proyectos en los Estados Unidos.<\/p>\n<\/div>\n<\/div>\n","protected":false},"excerpt":{"rendered":"<p>Ayuda Donde M\u00e1s se Necesita Tus oraciones y donaciones son el elemento vital de nuestro trabajo misionero Millones de personas&#8230;<\/p>\n","protected":false},"author":1,"featured_media":0,"parent":0,"menu_order":0,"comment_status":"closed","ping_status":"closed","template":"","meta":{"_acf_changed":false,"_eb_attr":"","_eb_data_table":"","footnotes":""},"folder":[],"class_list":["post-5305","page","type-page","status-publish","hentry"],"acf":[],"yoast_head":"<!-- This site is optimized with the Yoast SEO plugin v26.5 - https:\/\/yoast.com\/wordpress\/plugins\/seo\/ -->\n<title>MISIONES - Misioneros Maryknoll<\/title>\n<meta name=\"robots\" content=\"noindex, follow, max-snippet:-1, max-image-preview:large, max-video-preview:-1\" \/>\n<meta property=\"og:locale\" content=\"es_ES\" \/>\n<meta property=\"og:type\" content=\"article\" \/>\n<meta property=\"og:title\" content=\"MISIONES - Misioneros Maryknoll\" \/>\n<meta property=\"og:description\" content=\"Ayuda Donde M\u00e1s se Necesita Tus oraciones y donaciones son el elemento vital de nuestro trabajo misionero Millones de personas...\" \/>\n<meta property=\"og:url\" content=\"https:\/\/dev.maryknollsociety.org\/misioneros\/misiones\/\" \/>\n<meta property=\"og:site_name\" content=\"Misioneros Maryknoll\" \/>\n<meta property=\"article:modified_time\" content=\"2026-01-12T18:17:42+00:00\" \/>\n<meta property=\"og:image\" content=\"https:\/\/dev.maryknollsociety.org\/misioneros\/wp-content\/uploads\/sites\/3\/2026\/01\/misiones-africa-1-768x768-1.png\" \/>\n\t<meta property=\"og:image:width\" content=\"768\" \/>\n\t<meta property=\"og:image:height\" content=\"768\" \/>\n\t<meta property=\"og:image:type\" content=\"image\/png\" \/>\n<meta name=\"twitter:card\" content=\"summary_large_image\" \/>\n<meta name=\"twitter:label1\" content=\"Tiempo de lectura\" \/>\n\t<meta name=\"twitter:data1\" content=\"2 minutos\" \/>\n<script type=\"application\/ld+json\" class=\"yoast-schema-graph\">{\"@context\":\"https:\/\/schema.org\",\"@graph\":[{\"@type\":\"WebPage\",\"@id\":\"https:\/\/dev.maryknollsociety.org\/misioneros\/misiones\/\",\"url\":\"https:\/\/dev.maryknollsociety.org\/misioneros\/misiones\/\",\"name\":\"MISIONES - Misioneros Maryknoll\",\"isPartOf\":{\"@id\":\"https:\/\/dev.maryknollsociety.org\/misioneros\/#website\"},\"primaryImageOfPage\":{\"@id\":\"https:\/\/dev.maryknollsociety.org\/misioneros\/misiones\/#primaryimage\"},\"image\":{\"@id\":\"https:\/\/dev.maryknollsociety.org\/misioneros\/misiones\/#primaryimage\"},\"thumbnailUrl\":\"https:\/\/dev.maryknollsociety.org\/misioneros\/wp-content\/uploads\/sites\/3\/2026\/01\/misiones-africa-1-768x768-1.png\",\"datePublished\":\"2026-01-12T18:17:40+00:00\",\"dateModified\":\"2026-01-12T18:17:42+00:00\",\"breadcrumb\":{\"@id\":\"https:\/\/dev.maryknollsociety.org\/misioneros\/misiones\/#breadcrumb\"},\"inLanguage\":\"es\",\"potentialAction\":[{\"@type\":\"ReadAction\",\"target\":[\"https:\/\/dev.maryknollsociety.org\/misioneros\/misiones\/\"]}]},{\"@type\":\"ImageObject\",\"inLanguage\":\"es\",\"@id\":\"https:\/\/dev.maryknollsociety.org\/misioneros\/misiones\/#primaryimage\",\"url\":\"https:\/\/dev.maryknollsociety.org\/misioneros\/wp-content\/uploads\/sites\/3\/2026\/01\/misiones-africa-1-768x768-1.png\",\"contentUrl\":\"https:\/\/dev.maryknollsociety.org\/misioneros\/wp-content\/uploads\/sites\/3\/2026\/01\/misiones-africa-1-768x768-1.png\",\"width\":768,\"height\":768,\"caption\":\"Una imagen del continente africano\"},{\"@type\":\"BreadcrumbList\",\"@id\":\"https:\/\/dev.maryknollsociety.org\/misioneros\/misiones\/#breadcrumb\",\"itemListElement\":[{\"@type\":\"ListItem\",\"position\":1,\"name\":\"Home\",\"item\":\"https:\/\/dev.maryknollsociety.org\/misioneros\/\"},{\"@type\":\"ListItem\",\"position\":2,\"name\":\"MISIONES\"}]},{\"@type\":\"WebSite\",\"@id\":\"https:\/\/dev.maryknollsociety.org\/misioneros\/#website\",\"url\":\"https:\/\/dev.maryknollsociety.org\/misioneros\/\",\"name\":\"Misioneros Maryknoll\",\"description\":\"\",\"publisher\":{\"@id\":\"https:\/\/dev.maryknollsociety.org\/misioneros\/#organization\"},\"potentialAction\":[{\"@type\":\"SearchAction\",\"target\":{\"@type\":\"EntryPoint\",\"urlTemplate\":\"https:\/\/dev.maryknollsociety.org\/misioneros\/?s={search_term_string}\"},\"query-input\":{\"@type\":\"PropertyValueSpecification\",\"valueRequired\":true,\"valueName\":\"search_term_string\"}}],\"inLanguage\":\"es\"},{\"@type\":\"Organization\",\"@id\":\"https:\/\/dev.maryknollsociety.org\/misioneros\/#organization\",\"name\":\"Misioneros Maryknoll\",\"url\":\"https:\/\/dev.maryknollsociety.org\/misioneros\/\",\"logo\":{\"@type\":\"ImageObject\",\"inLanguage\":\"es\",\"@id\":\"https:\/\/dev.maryknollsociety.org\/misioneros\/#\/schema\/logo\/image\/\",\"url\":\"https:\/\/dev.maryknollsociety.org\/misioneros\/wp-content\/uploads\/sites\/3\/2025\/05\/cropped-MKFB_Logo_Transparet1.png\",\"contentUrl\":\"https:\/\/dev.maryknollsociety.org\/misioneros\/wp-content\/uploads\/sites\/3\/2025\/05\/cropped-MKFB_Logo_Transparet1.png\",\"width\":333,\"height\":68,\"caption\":\"Misioneros Maryknoll\"},\"image\":{\"@id\":\"https:\/\/dev.maryknollsociety.org\/misioneros\/#\/schema\/logo\/image\/\"}}]}<\/script>\n<!-- \/ Yoast SEO plugin. -->","yoast_head_json":{"title":"MISIONES - Misioneros Maryknoll","robots":{"index":"noindex","follow":"follow","max-snippet":"max-snippet:-1","max-image-preview":"max-image-preview:large","max-video-preview":"max-video-preview:-1"},"og_locale":"es_ES","og_type":"article","og_title":"MISIONES - Misioneros Maryknoll","og_description":"Ayuda Donde M\u00e1s se Necesita Tus oraciones y donaciones son el elemento vital de nuestro trabajo misionero Millones de personas...","og_url":"https:\/\/dev.maryknollsociety.org\/misioneros\/misiones\/","og_site_name":"Misioneros Maryknoll","article_modified_time":"2026-01-12T18:17:42+00:00","og_image":[{"width":768,"height":768,"url":"https:\/\/dev.maryknollsociety.org\/misioneros\/wp-content\/uploads\/sites\/3\/2026\/01\/misiones-africa-1-768x768-1.png","type":"image\/png"}],"twitter_card":"summary_large_image","twitter_misc":{"Tiempo de lectura":"2 minutos"},"schema":{"@context":"https:\/\/schema.org","@graph":[{"@type":"WebPage","@id":"https:\/\/dev.maryknollsociety.org\/misioneros\/misiones\/","url":"https:\/\/dev.maryknollsociety.org\/misioneros\/misiones\/","name":"MISIONES - Misioneros Maryknoll","isPartOf":{"@id":"https:\/\/dev.maryknollsociety.org\/misioneros\/#website"},"primaryImageOfPage":{"@id":"https:\/\/dev.maryknollsociety.org\/misioneros\/misiones\/#primaryimage"},"image":{"@id":"https:\/\/dev.maryknollsociety.org\/misioneros\/misiones\/#primaryimage"},"thumbnailUrl":"https:\/\/dev.maryknollsociety.org\/misioneros\/wp-content\/uploads\/sites\/3\/2026\/01\/misiones-africa-1-768x768-1.png","datePublished":"2026-01-12T18:17:40+00:00","dateModified":"2026-01-12T18:17:42+00:00","breadcrumb":{"@id":"https:\/\/dev.maryknollsociety.org\/misioneros\/misiones\/#breadcrumb"},"inLanguage":"es","potentialAction":[{"@type":"ReadAction","target":["https:\/\/dev.maryknollsociety.org\/misioneros\/misiones\/"]}]},{"@type":"ImageObject","inLanguage":"es","@id":"https:\/\/dev.maryknollsociety.org\/misioneros\/misiones\/#primaryimage","url":"https:\/\/dev.maryknollsociety.org\/misioneros\/wp-content\/uploads\/sites\/3\/2026\/01\/misiones-africa-1-768x768-1.png","contentUrl":"https:\/\/dev.maryknollsociety.org\/misioneros\/wp-content\/uploads\/sites\/3\/2026\/01\/misiones-africa-1-768x768-1.png","width":768,"height":768,"caption":"Una imagen del continente africano"},{"@type":"BreadcrumbList","@id":"https:\/\/dev.maryknollsociety.org\/misioneros\/misiones\/#breadcrumb","itemListElement":[{"@type":"ListItem","position":1,"name":"Home","item":"https:\/\/dev.maryknollsociety.org\/misioneros\/"},{"@type":"ListItem","position":2,"name":"MISIONES"}]},{"@type":"WebSite","@id":"https:\/\/dev.maryknollsociety.org\/misioneros\/#website","url":"https:\/\/dev.maryknollsociety.org\/misioneros\/","name":"Misioneros Maryknoll","description":"","publisher":{"@id":"https:\/\/dev.maryknollsociety.org\/misioneros\/#organization"},"potentialAction":[{"@type":"SearchAction","target":{"@type":"EntryPoint","urlTemplate":"https:\/\/dev.maryknollsociety.org\/misioneros\/?s={search_term_string}"},"query-input":{"@type":"PropertyValueSpecification","valueRequired":true,"valueName":"search_term_string"}}],"inLanguage":"es"},{"@type":"Organization","@id":"https:\/\/dev.maryknollsociety.org\/misioneros\/#organization","name":"Misioneros Maryknoll","url":"https:\/\/dev.maryknollsociety.org\/misioneros\/","logo":{"@type":"ImageObject","inLanguage":"es","@id":"https:\/\/dev.maryknollsociety.org\/misioneros\/#\/schema\/logo\/image\/","url":"https:\/\/dev.maryknollsociety.org\/misioneros\/wp-content\/uploads\/sites\/3\/2025\/05\/cropped-MKFB_Logo_Transparet1.png","contentUrl":"https:\/\/dev.maryknollsociety.org\/misioneros\/wp-content\/uploads\/sites\/3\/2025\/05\/cropped-MKFB_Logo_Transparet1.png","width":333,"height":68,"caption":"Misioneros Maryknoll"},"image":{"@id":"https:\/\/dev.maryknollsociety.org\/misioneros\/#\/schema\/logo\/image\/"}}]}},"_links":{"self":[{"href":"https:\/\/dev.maryknollsociety.org\/misioneros\/wp-json\/wp\/v2\/pages\/5305","targetHints":{"allow":["GET"]}}],"collection":[{"href":"https:\/\/dev.maryknollsociety.org\/misioneros\/wp-json\/wp\/v2\/pages"}],"about":[{"href":"https:\/\/dev.maryknollsociety.org\/misioneros\/wp-json\/wp\/v2\/types\/page"}],"author":[{"embeddable":true,"href":"https:\/\/dev.maryknollsociety.org\/misioneros\/wp-json\/wp\/v2\/users\/1"}],"replies":[{"embeddable":true,"href":"https:\/\/dev.maryknollsociety.org\/misioneros\/wp-json\/wp\/v2\/comments?post=5305"}],"version-history":[{"count":1,"href":"https:\/\/dev.maryknollsociety.org\/misioneros\/wp-json\/wp\/v2\/pages\/5305\/revisions"}],"predecessor-version":[{"id":5311,"href":"https:\/\/dev.maryknollsociety.org\/misioneros\/wp-json\/wp\/v2\/pages\/5305\/revisions\/5311"}],"wp:attachment":[{"href":"https:\/\/dev.maryknollsociety.org\/misioneros\/wp-json\/wp\/v2\/media?parent=5305"}],"wp:term":[{"taxonomy":"folder","embeddable":true,"href":"https:\/\/dev.maryknollsociety.org\/misioneros\/wp-json\/wp\/v2\/folder?post=5305"}],"curies":[{"name":"wp","href":"https:\/\/api.w.org\/{rel}","templated":true}]}}