{"id":5211,"date":"2026-01-09T15:39:33","date_gmt":"2026-01-09T15:39:33","guid":{"rendered":"https:\/\/dev.maryknollsociety.org\/misioneros\/?page_id=5211"},"modified":"2026-01-14T15:55:10","modified_gmt":"2026-01-14T15:55:10","slug":"archivos","status":"publish","type":"page","link":"https:\/\/dev.maryknollsociety.org\/misioneros\/archivos\/","title":{"rendered":"Archivos"},"content":{"rendered":"\r\n\r\n\r\n\r\n\r\n        <div class=\"site-content banner-page-title\">\r\n            <h1>\r\n                Archivos            <\/h1>\r\n        <\/div>\r\n\n\n\n<p class=\"has-text-align-center\">Seleccione la imagen de las portadas para leer los art\u00edculos de las ediciones pasadas.<\/p>\n\n\n\n<div style=\"height:37px\" aria-hidden=\"true\" class=\"wp-block-spacer\"><\/div>\n\n\n\n<h2 class=\"wp-block-heading has-text-align-center\">Ediciones 2025<\/h2>\n\n\n\n<div style=\"height:40px\" aria-hidden=\"true\" class=\"wp-block-spacer\"><\/div>\n\n\n\n<div class=\"wp-block-essential-blocks-row alignfull  root-eb-row-sirfz\"><div class=\"eb-parent-wrapper eb-parent-eb-row-sirfz \"><div class=\"eb-row-root-container eb-row-sirfz\" data-id=\"eb-row-sirfz\"><div class=\"eb-row-wrapper\"><div class=\"eb-row-inner\">\n<div class=\"wp-block-essential-blocks-column  root-eb-column-n4wuo\"><div class=\"eb-parent-wrapper eb-parent-eb-column-n4wuo \"><div class=\"eb-column-wrapper eb-column-n4wuo\"><div class=\"eb-column-inner\">\n<figure class=\"wp-block-image size-large\"><a href=\"https:\/\/dev.maryknollsociety.org\/misioneros\/category\/invierno-2025\/\" target=\"_blank\" rel=\" noreferrer noopener\"><img loading=\"lazy\" decoding=\"async\" width=\"629\" height=\"1024\" src=\"https:\/\/dev.maryknollsociety.org\/misioneros\/wp-content\/uploads\/sites\/3\/2026\/01\/W25-MIS-Cover-944x1536-1-629x1024.jpg\" alt=\"La portada de la revista Misioneros de invierno de 2025 con la fotograf\u00eda de un ni\u00f1o peque\u00f1o con camisa y gorra verdes.\" class=\"wp-image-5215\" srcset=\"https:\/\/dev.maryknollsociety.org\/misioneros\/wp-content\/uploads\/sites\/3\/2026\/01\/W25-MIS-Cover-944x1536-1-629x1024.jpg 629w, https:\/\/dev.maryknollsociety.org\/misioneros\/wp-content\/uploads\/sites\/3\/2026\/01\/W25-MIS-Cover-944x1536-1-184x300.jpg 184w, https:\/\/dev.maryknollsociety.org\/misioneros\/wp-content\/uploads\/sites\/3\/2026\/01\/W25-MIS-Cover-944x1536-1-768x1250.jpg 768w, https:\/\/dev.maryknollsociety.org\/misioneros\/wp-content\/uploads\/sites\/3\/2026\/01\/W25-MIS-Cover-944x1536-1.jpg 944w\" sizes=\"auto, (max-width: 629px) 100vw, 629px\" \/><\/a><\/figure>\n\n\n\n<p class=\"has-text-align-center\">Invierno 2025<\/p>\n<\/div><\/div><\/div><\/div>\n\n\n\n<div class=\"wp-block-essential-blocks-column  root-eb-column-ck1ql\"><div class=\"eb-parent-wrapper eb-parent-eb-column-ck1ql \"><div class=\"eb-column-wrapper eb-column-ck1ql\"><div class=\"eb-column-inner\">\n<figure class=\"wp-block-image size-large\"><a href=\"https:\/\/dev.maryknollsociety.org\/misioneros\/category\/primavera-2025\/\" target=\"_blank\" rel=\" noreferrer noopener\"><img loading=\"lazy\" decoding=\"async\" width=\"629\" height=\"1024\" src=\"https:\/\/dev.maryknollsociety.org\/misioneros\/wp-content\/uploads\/sites\/3\/2026\/01\/SP25-MIS-CVR-944x1536-1-629x1024.jpg\" alt=\"La portada de la revista Misioneros de primavera de 2025 con la foto de una ni\u00f1a sonriente corriendo hacia la c\u00e1mara.\" class=\"wp-image-5214\" srcset=\"https:\/\/dev.maryknollsociety.org\/misioneros\/wp-content\/uploads\/sites\/3\/2026\/01\/SP25-MIS-CVR-944x1536-1-629x1024.jpg 629w, https:\/\/dev.maryknollsociety.org\/misioneros\/wp-content\/uploads\/sites\/3\/2026\/01\/SP25-MIS-CVR-944x1536-1-184x300.jpg 184w, https:\/\/dev.maryknollsociety.org\/misioneros\/wp-content\/uploads\/sites\/3\/2026\/01\/SP25-MIS-CVR-944x1536-1-768x1250.jpg 768w, https:\/\/dev.maryknollsociety.org\/misioneros\/wp-content\/uploads\/sites\/3\/2026\/01\/SP25-MIS-CVR-944x1536-1.jpg 944w\" sizes=\"auto, (max-width: 629px) 100vw, 629px\" \/><\/a><\/figure>\n\n\n\n<p class=\"has-text-align-center\">Primavera 2025<\/p>\n<\/div><\/div><\/div><\/div>\n\n\n\n<div class=\"wp-block-essential-blocks-column  root-eb-column-nvyzn\"><div class=\"eb-parent-wrapper eb-parent-eb-column-nvyzn \"><div class=\"eb-column-wrapper eb-column-nvyzn\"><div class=\"eb-column-inner\">\n<figure class=\"wp-block-image size-full\"><a href=\"https:\/\/dev.maryknollsociety.org\/misioneros\/category\/verano-2025\/\" target=\"_blank\" rel=\" noreferrer noopener\"><img loading=\"lazy\" decoding=\"async\" width=\"944\" height=\"1536\" src=\"https:\/\/dev.maryknollsociety.org\/misioneros\/wp-content\/uploads\/sites\/3\/2026\/01\/SU25-MIS-CVR-944x1536-1.jpg\" alt=\"La portada de la revista Misioneros de primavera de 2025 con una foto del Papa.\" class=\"wp-image-5213\" srcset=\"https:\/\/dev.maryknollsociety.org\/misioneros\/wp-content\/uploads\/sites\/3\/2026\/01\/SU25-MIS-CVR-944x1536-1.jpg 944w, https:\/\/dev.maryknollsociety.org\/misioneros\/wp-content\/uploads\/sites\/3\/2026\/01\/SU25-MIS-CVR-944x1536-1-184x300.jpg 184w, https:\/\/dev.maryknollsociety.org\/misioneros\/wp-content\/uploads\/sites\/3\/2026\/01\/SU25-MIS-CVR-944x1536-1-629x1024.jpg 629w, https:\/\/dev.maryknollsociety.org\/misioneros\/wp-content\/uploads\/sites\/3\/2026\/01\/SU25-MIS-CVR-944x1536-1-768x1250.jpg 768w\" sizes=\"auto, (max-width: 944px) 100vw, 944px\" \/><\/a><\/figure>\n\n\n\n<p class=\"has-text-align-center\">Verano 2025<\/p>\n<\/div><\/div><\/div><\/div>\n\n\n\n<div class=\"wp-block-essential-blocks-column  root-eb-column-geezf\"><div class=\"eb-parent-wrapper eb-parent-eb-column-geezf \"><div class=\"eb-column-wrapper eb-column-geezf\"><div class=\"eb-column-inner\">\n<figure class=\"wp-block-image size-full\"><a href=\"https:\/\/dev.maryknollsociety.org\/misioneros\/category\/otono-2025\/\" target=\"_blank\" rel=\" noreferrer noopener\"><img loading=\"lazy\" decoding=\"async\" width=\"575\" height=\"938\" src=\"https:\/\/dev.maryknollsociety.org\/misioneros\/wp-content\/uploads\/sites\/3\/2026\/01\/misioneros-fall-2025.jpg\" alt=\"La portada de oto\u00f1o de 2025 de la revista Misioneros con una foto de dos sacerdotes Maryknoll.\" class=\"wp-image-5212\" srcset=\"https:\/\/dev.maryknollsociety.org\/misioneros\/wp-content\/uploads\/sites\/3\/2026\/01\/misioneros-fall-2025.jpg 575w, https:\/\/dev.maryknollsociety.org\/misioneros\/wp-content\/uploads\/sites\/3\/2026\/01\/misioneros-fall-2025-184x300.jpg 184w\" sizes=\"auto, (max-width: 575px) 100vw, 575px\" \/><\/a><\/figure>\n\n\n\n<p class=\"has-text-align-center\">Oto\u00f1o 2025<\/p>\n\n\n\n<p><\/p>\n<\/div><\/div><\/div><\/div>\n<\/div><\/div><\/div><\/div><\/div>\n\n\n\n<div style=\"height:35px\" aria-hidden=\"true\" class=\"wp-block-spacer\"><\/div>\n\n\n\n<h2 class=\"wp-block-heading has-text-align-center\">Ediciones 2024<\/h2>\n\n\n\n<div style=\"height:40px\" aria-hidden=\"true\" class=\"wp-block-spacer\"><\/div>\n\n\n\n<div class=\"wp-block-essential-blocks-row alignfull  root-eb-row-bwbfw\"><div class=\"eb-parent-wrapper eb-parent-eb-row-bwbfw \"><div class=\"eb-row-root-container eb-row-bwbfw\" data-id=\"eb-row-bwbfw\"><div class=\"eb-row-wrapper\"><div class=\"eb-row-inner\">\n<div class=\"wp-block-essential-blocks-column  root-eb-column-774jk\"><div class=\"eb-parent-wrapper eb-parent-eb-column-774jk \"><div class=\"eb-column-wrapper eb-column-774jk\"><div class=\"eb-column-inner\">\n<figure class=\"wp-block-image size-large\"><a href=\"https:\/\/dev.maryknollsociety.org\/misioneros\/category\/invierno-2024\/\" target=\"_blank\" rel=\" noreferrer noopener\"><img loading=\"lazy\" decoding=\"async\" width=\"631\" height=\"1024\" src=\"https:\/\/dev.maryknollsociety.org\/misioneros\/wp-content\/uploads\/sites\/3\/2026\/01\/01-winter-2024-cover-768x1247-1-631x1024.jpg\" alt=\"La portada de invierno 2024 de la revista Misioneros con una foto de dos madres abrazando a su hijo peque\u00f1o.\" class=\"wp-image-5222\" srcset=\"https:\/\/dev.maryknollsociety.org\/misioneros\/wp-content\/uploads\/sites\/3\/2026\/01\/01-winter-2024-cover-768x1247-1-631x1024.jpg 631w, https:\/\/dev.maryknollsociety.org\/misioneros\/wp-content\/uploads\/sites\/3\/2026\/01\/01-winter-2024-cover-768x1247-1-185x300.jpg 185w, https:\/\/dev.maryknollsociety.org\/misioneros\/wp-content\/uploads\/sites\/3\/2026\/01\/01-winter-2024-cover-768x1247-1.jpg 768w\" sizes=\"auto, (max-width: 631px) 100vw, 631px\" \/><\/a><\/figure>\n\n\n\n<p class=\"has-text-align-center\">Invierno 2024<\/p>\n<\/div><\/div><\/div><\/div>\n\n\n\n<div class=\"wp-block-essential-blocks-column  root-eb-column-uze6e\"><div class=\"eb-parent-wrapper eb-parent-eb-column-uze6e \"><div class=\"eb-column-wrapper eb-column-uze6e\"><div class=\"eb-column-inner\">\n<figure class=\"wp-block-image size-large\"><a href=\"https:\/\/dev.maryknollsociety.org\/misioneros\/category\/primavera-2024\/\" target=\"_blank\" rel=\" noreferrer noopener\"><img loading=\"lazy\" decoding=\"async\" width=\"640\" height=\"1024\" src=\"https:\/\/dev.maryknollsociety.org\/misioneros\/wp-content\/uploads\/sites\/3\/2026\/01\/misioneros-spring-2024-cover-768x1228-1-640x1024.jpg\" alt=\"La portada de primavera de 2024 de la revista Misioneros con la foto de una mujer sonriendo a un ni\u00f1o que se r\u00ede y que mira hacia arriba a la mujer\" class=\"wp-image-5221\" srcset=\"https:\/\/dev.maryknollsociety.org\/misioneros\/wp-content\/uploads\/sites\/3\/2026\/01\/misioneros-spring-2024-cover-768x1228-1-640x1024.jpg 640w, https:\/\/dev.maryknollsociety.org\/misioneros\/wp-content\/uploads\/sites\/3\/2026\/01\/misioneros-spring-2024-cover-768x1228-1-188x300.jpg 188w, https:\/\/dev.maryknollsociety.org\/misioneros\/wp-content\/uploads\/sites\/3\/2026\/01\/misioneros-spring-2024-cover-768x1228-1.jpg 768w\" sizes=\"auto, (max-width: 640px) 100vw, 640px\" \/><\/a><\/figure>\n\n\n\n<p class=\"has-text-align-center\">Primavera 2024<\/p>\n<\/div><\/div><\/div><\/div>\n\n\n\n<div class=\"wp-block-essential-blocks-column  root-eb-column-r7lug\"><div class=\"eb-parent-wrapper eb-parent-eb-column-r7lug \"><div class=\"eb-column-wrapper eb-column-r7lug\"><div class=\"eb-column-inner\">\n<figure class=\"wp-block-image size-full\"><a href=\"https:\/\/dev.maryknollsociety.org\/misioneros\/category\/verano-2024\/\" target=\"_blank\" rel=\" noreferrer noopener\"><img loading=\"lazy\" decoding=\"async\" width=\"960\" height=\"1536\" src=\"https:\/\/dev.maryknollsociety.org\/misioneros\/wp-content\/uploads\/sites\/3\/2026\/01\/misioneros-summer-2024-cover-960x1536-1.jpg\" alt=\"La portada de verano de 2024 de la revista Misioneros con la foto de una chica sonriendo y levantando la mano.\" class=\"wp-image-5220\" srcset=\"https:\/\/dev.maryknollsociety.org\/misioneros\/wp-content\/uploads\/sites\/3\/2026\/01\/misioneros-summer-2024-cover-960x1536-1.jpg 960w, https:\/\/dev.maryknollsociety.org\/misioneros\/wp-content\/uploads\/sites\/3\/2026\/01\/misioneros-summer-2024-cover-960x1536-1-188x300.jpg 188w, https:\/\/dev.maryknollsociety.org\/misioneros\/wp-content\/uploads\/sites\/3\/2026\/01\/misioneros-summer-2024-cover-960x1536-1-640x1024.jpg 640w, https:\/\/dev.maryknollsociety.org\/misioneros\/wp-content\/uploads\/sites\/3\/2026\/01\/misioneros-summer-2024-cover-960x1536-1-768x1229.jpg 768w\" sizes=\"auto, (max-width: 960px) 100vw, 960px\" \/><\/a><\/figure>\n\n\n\n<p class=\"has-text-align-center\">Verano 2024<\/p>\n<\/div><\/div><\/div><\/div>\n\n\n\n<div class=\"wp-block-essential-blocks-column  root-eb-column-c5e7r\"><div class=\"eb-parent-wrapper eb-parent-eb-column-c5e7r \"><div class=\"eb-column-wrapper eb-column-c5e7r\"><div class=\"eb-column-inner\">\n<figure class=\"wp-block-image size-full\"><img loading=\"lazy\" decoding=\"async\" width=\"575\" height=\"938\" src=\"https:\/\/dev.maryknollsociety.org\/misioneros\/wp-content\/uploads\/sites\/3\/2026\/01\/misioneros-fall-2025.jpg\" alt=\"La portada de oto\u00f1o de 2025 de la revista Misioneros con una foto de dos sacerdotes Maryknoll.\" class=\"wp-image-5212\" srcset=\"https:\/\/dev.maryknollsociety.org\/misioneros\/wp-content\/uploads\/sites\/3\/2026\/01\/misioneros-fall-2025.jpg 575w, https:\/\/dev.maryknollsociety.org\/misioneros\/wp-content\/uploads\/sites\/3\/2026\/01\/misioneros-fall-2025-184x300.jpg 184w\" sizes=\"auto, (max-width: 575px) 100vw, 575px\" \/><\/figure>\n\n\n\n<p class=\"has-text-align-center\">Oto\u00f1o 2024<\/p>\n\n\n\n<p><\/p>\n<\/div><\/div><\/div><\/div>\n<\/div><\/div><\/div><\/div><\/div>\n\n\n\n<div style=\"height:35px\" aria-hidden=\"true\" class=\"wp-block-spacer\"><\/div>\n\n\n\n\n\n\n\n\n\n\n\n\n\n\n\n\n\n\n\n\n\n\n\n\n\n\n\n\n\n\n\n\n\n\n\n\n\n\n\n\n\n\n\n\n\n\n\n\n\n\n\n\n\n\n\n\n\n\n\n\n\n\n\n\n\n\n\n\n\n\n\n\n\n\n\n\n\n\n\n\n\n\n\n\n","protected":false},"excerpt":{"rendered":"<p>Seleccione la imagen de las portadas para leer los art\u00edculos de las ediciones pasadas. Ediciones 2025 Ediciones 2024<\/p>\n","protected":false},"author":1,"featured_media":0,"parent":0,"menu_order":0,"comment_status":"closed","ping_status":"closed","template":"","meta":{"_acf_changed":false,"_eb_attr":"","_eb_data_table":"","footnotes":""},"folder":[],"class_list":["post-5211","page","type-page","status-publish","hentry"],"acf":[],"yoast_head":"<!-- This site is optimized with the Yoast SEO plugin v26.5 - https:\/\/yoast.com\/wordpress\/plugins\/seo\/ -->\n<title>Archivos - Misioneros Maryknoll<\/title>\n<meta name=\"robots\" content=\"noindex, follow, max-snippet:-1, max-image-preview:large, max-video-preview:-1\" \/>\n<meta property=\"og:locale\" content=\"es_ES\" \/>\n<meta property=\"og:type\" content=\"article\" \/>\n<meta property=\"og:title\" content=\"Archivos - Misioneros Maryknoll\" \/>\n<meta property=\"og:description\" content=\"Seleccione la imagen de las portadas para leer los art\u00edculos de las ediciones pasadas. Ediciones 2025 Ediciones 2024\" \/>\n<meta property=\"og:url\" content=\"https:\/\/dev.maryknollsociety.org\/misioneros\/archivos\/\" \/>\n<meta property=\"og:site_name\" content=\"Misioneros Maryknoll\" \/>\n<meta property=\"article:modified_time\" content=\"2026-01-14T15:55:10+00:00\" \/>\n<meta property=\"og:image\" content=\"https:\/\/dev.maryknollsociety.org\/misioneros\/wp-content\/uploads\/sites\/3\/2026\/01\/W25-MIS-Cover-944x1536-1.jpg\" \/>\n\t<meta property=\"og:image:width\" content=\"944\" \/>\n\t<meta property=\"og:image:height\" content=\"1536\" \/>\n\t<meta property=\"og:image:type\" content=\"image\/jpeg\" \/>\n<meta name=\"twitter:card\" content=\"summary_large_image\" \/>\n<meta name=\"twitter:label1\" content=\"Tiempo de lectura\" \/>\n\t<meta name=\"twitter:data1\" content=\"11 minutos\" \/>\n<script type=\"application\/ld+json\" class=\"yoast-schema-graph\">{\"@context\":\"https:\/\/schema.org\",\"@graph\":[{\"@type\":\"WebPage\",\"@id\":\"https:\/\/dev.maryknollsociety.org\/misioneros\/archivos\/\",\"url\":\"https:\/\/dev.maryknollsociety.org\/misioneros\/archivos\/\",\"name\":\"Archivos - Misioneros Maryknoll\",\"isPartOf\":{\"@id\":\"https:\/\/dev.maryknollsociety.org\/misioneros\/#website\"},\"primaryImageOfPage\":{\"@id\":\"https:\/\/dev.maryknollsociety.org\/misioneros\/archivos\/#primaryimage\"},\"image\":{\"@id\":\"https:\/\/dev.maryknollsociety.org\/misioneros\/archivos\/#primaryimage\"},\"thumbnailUrl\":\"https:\/\/dev.maryknollsociety.org\/misioneros\/wp-content\/uploads\/sites\/3\/2026\/01\/W25-MIS-Cover-944x1536-1-629x1024.jpg\",\"datePublished\":\"2026-01-09T15:39:33+00:00\",\"dateModified\":\"2026-01-14T15:55:10+00:00\",\"breadcrumb\":{\"@id\":\"https:\/\/dev.maryknollsociety.org\/misioneros\/archivos\/#breadcrumb\"},\"inLanguage\":\"es\",\"potentialAction\":[{\"@type\":\"ReadAction\",\"target\":[\"https:\/\/dev.maryknollsociety.org\/misioneros\/archivos\/\"]}]},{\"@type\":\"ImageObject\",\"inLanguage\":\"es\",\"@id\":\"https:\/\/dev.maryknollsociety.org\/misioneros\/archivos\/#primaryimage\",\"url\":\"https:\/\/dev.maryknollsociety.org\/misioneros\/wp-content\/uploads\/sites\/3\/2026\/01\/W25-MIS-Cover-944x1536-1.jpg\",\"contentUrl\":\"https:\/\/dev.maryknollsociety.org\/misioneros\/wp-content\/uploads\/sites\/3\/2026\/01\/W25-MIS-Cover-944x1536-1.jpg\",\"width\":944,\"height\":1536,\"caption\":\"La portada de la revista Misioneros de invierno de 2025 con la fotograf\u00eda de un ni\u00f1o peque\u00f1o con camisa y gorra verdes.\"},{\"@type\":\"BreadcrumbList\",\"@id\":\"https:\/\/dev.maryknollsociety.org\/misioneros\/archivos\/#breadcrumb\",\"itemListElement\":[{\"@type\":\"ListItem\",\"position\":1,\"name\":\"Home\",\"item\":\"https:\/\/dev.maryknollsociety.org\/misioneros\/\"},{\"@type\":\"ListItem\",\"position\":2,\"name\":\"Archivos\"}]},{\"@type\":\"WebSite\",\"@id\":\"https:\/\/dev.maryknollsociety.org\/misioneros\/#website\",\"url\":\"https:\/\/dev.maryknollsociety.org\/misioneros\/\",\"name\":\"Misioneros Maryknoll\",\"description\":\"\",\"publisher\":{\"@id\":\"https:\/\/dev.maryknollsociety.org\/misioneros\/#organization\"},\"potentialAction\":[{\"@type\":\"SearchAction\",\"target\":{\"@type\":\"EntryPoint\",\"urlTemplate\":\"https:\/\/dev.maryknollsociety.org\/misioneros\/?s={search_term_string}\"},\"query-input\":{\"@type\":\"PropertyValueSpecification\",\"valueRequired\":true,\"valueName\":\"search_term_string\"}}],\"inLanguage\":\"es\"},{\"@type\":\"Organization\",\"@id\":\"https:\/\/dev.maryknollsociety.org\/misioneros\/#organization\",\"name\":\"Misioneros Maryknoll\",\"url\":\"https:\/\/dev.maryknollsociety.org\/misioneros\/\",\"logo\":{\"@type\":\"ImageObject\",\"inLanguage\":\"es\",\"@id\":\"https:\/\/dev.maryknollsociety.org\/misioneros\/#\/schema\/logo\/image\/\",\"url\":\"https:\/\/dev.maryknollsociety.org\/misioneros\/wp-content\/uploads\/sites\/3\/2025\/05\/cropped-MKFB_Logo_Transparet1.png\",\"contentUrl\":\"https:\/\/dev.maryknollsociety.org\/misioneros\/wp-content\/uploads\/sites\/3\/2025\/05\/cropped-MKFB_Logo_Transparet1.png\",\"width\":333,\"height\":68,\"caption\":\"Misioneros Maryknoll\"},\"image\":{\"@id\":\"https:\/\/dev.maryknollsociety.org\/misioneros\/#\/schema\/logo\/image\/\"}}]}<\/script>\n<!-- \/ Yoast SEO plugin. -->","yoast_head_json":{"title":"Archivos - Misioneros Maryknoll","robots":{"index":"noindex","follow":"follow","max-snippet":"max-snippet:-1","max-image-preview":"max-image-preview:large","max-video-preview":"max-video-preview:-1"},"og_locale":"es_ES","og_type":"article","og_title":"Archivos - Misioneros Maryknoll","og_description":"Seleccione la imagen de las portadas para leer los art\u00edculos de las ediciones pasadas. Ediciones 2025 Ediciones 2024","og_url":"https:\/\/dev.maryknollsociety.org\/misioneros\/archivos\/","og_site_name":"Misioneros Maryknoll","article_modified_time":"2026-01-14T15:55:10+00:00","og_image":[{"width":944,"height":1536,"url":"https:\/\/dev.maryknollsociety.org\/misioneros\/wp-content\/uploads\/sites\/3\/2026\/01\/W25-MIS-Cover-944x1536-1.jpg","type":"image\/jpeg"}],"twitter_card":"summary_large_image","twitter_misc":{"Tiempo de lectura":"11 minutos"},"schema":{"@context":"https:\/\/schema.org","@graph":[{"@type":"WebPage","@id":"https:\/\/dev.maryknollsociety.org\/misioneros\/archivos\/","url":"https:\/\/dev.maryknollsociety.org\/misioneros\/archivos\/","name":"Archivos - Misioneros Maryknoll","isPartOf":{"@id":"https:\/\/dev.maryknollsociety.org\/misioneros\/#website"},"primaryImageOfPage":{"@id":"https:\/\/dev.maryknollsociety.org\/misioneros\/archivos\/#primaryimage"},"image":{"@id":"https:\/\/dev.maryknollsociety.org\/misioneros\/archivos\/#primaryimage"},"thumbnailUrl":"https:\/\/dev.maryknollsociety.org\/misioneros\/wp-content\/uploads\/sites\/3\/2026\/01\/W25-MIS-Cover-944x1536-1-629x1024.jpg","datePublished":"2026-01-09T15:39:33+00:00","dateModified":"2026-01-14T15:55:10+00:00","breadcrumb":{"@id":"https:\/\/dev.maryknollsociety.org\/misioneros\/archivos\/#breadcrumb"},"inLanguage":"es","potentialAction":[{"@type":"ReadAction","target":["https:\/\/dev.maryknollsociety.org\/misioneros\/archivos\/"]}]},{"@type":"ImageObject","inLanguage":"es","@id":"https:\/\/dev.maryknollsociety.org\/misioneros\/archivos\/#primaryimage","url":"https:\/\/dev.maryknollsociety.org\/misioneros\/wp-content\/uploads\/sites\/3\/2026\/01\/W25-MIS-Cover-944x1536-1.jpg","contentUrl":"https:\/\/dev.maryknollsociety.org\/misioneros\/wp-content\/uploads\/sites\/3\/2026\/01\/W25-MIS-Cover-944x1536-1.jpg","width":944,"height":1536,"caption":"La portada de la revista Misioneros de invierno de 2025 con la fotograf\u00eda de un ni\u00f1o peque\u00f1o con camisa y gorra verdes."},{"@type":"BreadcrumbList","@id":"https:\/\/dev.maryknollsociety.org\/misioneros\/archivos\/#breadcrumb","itemListElement":[{"@type":"ListItem","position":1,"name":"Home","item":"https:\/\/dev.maryknollsociety.org\/misioneros\/"},{"@type":"ListItem","position":2,"name":"Archivos"}]},{"@type":"WebSite","@id":"https:\/\/dev.maryknollsociety.org\/misioneros\/#website","url":"https:\/\/dev.maryknollsociety.org\/misioneros\/","name":"Misioneros Maryknoll","description":"","publisher":{"@id":"https:\/\/dev.maryknollsociety.org\/misioneros\/#organization"},"potentialAction":[{"@type":"SearchAction","target":{"@type":"EntryPoint","urlTemplate":"https:\/\/dev.maryknollsociety.org\/misioneros\/?s={search_term_string}"},"query-input":{"@type":"PropertyValueSpecification","valueRequired":true,"valueName":"search_term_string"}}],"inLanguage":"es"},{"@type":"Organization","@id":"https:\/\/dev.maryknollsociety.org\/misioneros\/#organization","name":"Misioneros Maryknoll","url":"https:\/\/dev.maryknollsociety.org\/misioneros\/","logo":{"@type":"ImageObject","inLanguage":"es","@id":"https:\/\/dev.maryknollsociety.org\/misioneros\/#\/schema\/logo\/image\/","url":"https:\/\/dev.maryknollsociety.org\/misioneros\/wp-content\/uploads\/sites\/3\/2025\/05\/cropped-MKFB_Logo_Transparet1.png","contentUrl":"https:\/\/dev.maryknollsociety.org\/misioneros\/wp-content\/uploads\/sites\/3\/2025\/05\/cropped-MKFB_Logo_Transparet1.png","width":333,"height":68,"caption":"Misioneros Maryknoll"},"image":{"@id":"https:\/\/dev.maryknollsociety.org\/misioneros\/#\/schema\/logo\/image\/"}}]}},"_links":{"self":[{"href":"https:\/\/dev.maryknollsociety.org\/misioneros\/wp-json\/wp\/v2\/pages\/5211","targetHints":{"allow":["GET"]}}],"collection":[{"href":"https:\/\/dev.maryknollsociety.org\/misioneros\/wp-json\/wp\/v2\/pages"}],"about":[{"href":"https:\/\/dev.maryknollsociety.org\/misioneros\/wp-json\/wp\/v2\/types\/page"}],"author":[{"embeddable":true,"href":"https:\/\/dev.maryknollsociety.org\/misioneros\/wp-json\/wp\/v2\/users\/1"}],"replies":[{"embeddable":true,"href":"https:\/\/dev.maryknollsociety.org\/misioneros\/wp-json\/wp\/v2\/comments?post=5211"}],"version-history":[{"count":14,"href":"https:\/\/dev.maryknollsociety.org\/misioneros\/wp-json\/wp\/v2\/pages\/5211\/revisions"}],"predecessor-version":[{"id":5387,"href":"https:\/\/dev.maryknollsociety.org\/misioneros\/wp-json\/wp\/v2\/pages\/5211\/revisions\/5387"}],"wp:attachment":[{"href":"https:\/\/dev.maryknollsociety.org\/misioneros\/wp-json\/wp\/v2\/media?parent=5211"}],"wp:term":[{"taxonomy":"folder","embeddable":true,"href":"https:\/\/dev.maryknollsociety.org\/misioneros\/wp-json\/wp\/v2\/folder?post=5211"}],"curies":[{"name":"wp","href":"https:\/\/api.w.org\/{rel}","templated":true}]}}