{"id":3128,"date":"2025-10-28T12:36:37","date_gmt":"2025-10-28T12:36:37","guid":{"rendered":"https:\/\/dev.maryknollsociety.org\/misioneros\/?page_id=3128"},"modified":"2026-01-05T16:16:32","modified_gmt":"2026-01-05T16:16:32","slug":"mision-en-accion","status":"publish","type":"page","link":"https:\/\/dev.maryknollsociety.org\/misioneros\/mision-en-accion\/","title":{"rendered":"Misi\u00f3n en Acci\u00f3n"},"content":{"rendered":"\r\n\r\n\r\n\r\n\r\n        <div class=\"site-content banner-page-title\">\r\n            <h1>\r\n                Misi\u00f3n en Acci\u00f3n            <\/h1>\r\n        <\/div>\r\n\n\n\n<p>Enviadas por los misioneros o tomadas por nuestros reporteros, cada fotograf\u00eda de Misi\u00f3n en Acci\u00f3n tiene una leyenda que describe brevemente ese momento de la vida misionera.<\/p>\n\n\n\n<div style=\"height:30px\" aria-hidden=\"true\" class=\"wp-block-spacer\"><\/div>\n\n\n\n<h2 class=\"wp-block-heading\">Misi\u00f3n en Acci\u00f3n 2026<\/h2>\n\n\n\n<div class=\"wp-block-essential-blocks-slider  root-eb-slider-pfrpd\"><div class=\"eb-parent-wrapper eb-parent-eb-slider-pfrpd \"><div class=\"eb-slider-wrapper eb-slider-pfrpd\" data-blockid=\"eb-slider-pfrpd\" data-version=\"v4\" data-settings=\"eyJhcnJvd3MiOnRydWUsImFkYXB0aXZlSGVpZ2h0Ijp0cnVlLCJhdXRvcGxheSI6dHJ1ZSwiYXV0b3BsYXlTcGVlZCI6NTQ5NywiZG90cyI6dHJ1ZSwiZmFkZSI6ZmFsc2UsImluZmluaXRlIjp0cnVlLCJwYXVzZU9uSG92ZXIiOnRydWUsInNsaWRlc1RvU2hvdyI6MSwic3BlZWQiOjUwMCwidmVydGljYWwiOmZhbHNlLCJjdXJyZW50U2xpZGUiOjAsInJ0bCI6ZmFsc2UsInJlc3BvbnNpdmUiOlt7ImJyZWFrcG9pbnQiOjEwMjUsInNldHRpbmdzIjp7InNsaWRlc1RvU2hvdyI6MX19LHsiYnJlYWtwb2ludCI6NzY3LCJzZXR0aW5ncyI6eyJzbGlkZXNUb1Nob3ciOjF9fV19\" data-arrownexticon=\"fas fa-arrow-alt-circle-right\" data-arrowprevicon=\"fas fa-arrow-alt-circle-left\" data-lightbox=\"false\"><div class=\"eb-slider-init eb-slider-type-image\"><div class=\"eb-slider-item content-1\" data-src=\"https:\/\/dev.maryknollsociety.org\/misioneros\/wp-content\/uploads\/sites\/3\/2025\/12\/Screenshot-2025-10-28-at-11.16.19-AM-1080x675-1.png\"><div><img class=\"eb-slider-image\" data-lazy=\"https:\/\/dev.maryknollsociety.org\/misioneros\/wp-content\/uploads\/sites\/3\/2025\/12\/Screenshot-2025-10-28-at-11.16.19-AM-1080x675-1.png\"\/><\/div><\/div><\/div><\/div><\/div><\/div>\n\n\n\n<h2 class=\"wp-block-heading\">Misi\u00f3n en Acci\u00f3n 2025<\/h2>\n\n\n\n<div class=\"wp-block-essential-blocks-slider  root-eb-slider-c1fig\"><div class=\"eb-parent-wrapper eb-parent-eb-slider-c1fig \"><div class=\"eb-slider-wrapper eb-slider-c1fig\" data-blockid=\"eb-slider-c1fig\" data-version=\"v4\" data-settings=\"eyJhcnJvd3MiOnRydWUsImFkYXB0aXZlSGVpZ2h0Ijp0cnVlLCJhdXRvcGxheSI6dHJ1ZSwiYXV0b3BsYXlTcGVlZCI6NTQ5NywiZG90cyI6dHJ1ZSwiZmFkZSI6ZmFsc2UsImluZmluaXRlIjp0cnVlLCJwYXVzZU9uSG92ZXIiOnRydWUsInNsaWRlc1RvU2hvdyI6MSwic3BlZWQiOjUwMCwidmVydGljYWwiOmZhbHNlLCJjdXJyZW50U2xpZGUiOjAsInJ0bCI6ZmFsc2UsInJlc3BvbnNpdmUiOlt7ImJyZWFrcG9pbnQiOjEwMjUsInNldHRpbmdzIjp7InNsaWRlc1RvU2hvdyI6MX19LHsiYnJlYWtwb2ludCI6NzY3LCJzZXR0aW5ncyI6eyJzbGlkZXNUb1Nob3ciOjF9fV19\" data-arrownexticon=\"fas fa-arrow-alt-circle-right\" data-arrowprevicon=\"fas fa-arrow-alt-circle-left\" data-lightbox=\"false\"><div class=\"eb-slider-init eb-slider-type-image\"><div class=\"eb-slider-item content-1\" data-src=\"https:\/\/dev.maryknollsociety.org\/misioneros\/wp-content\/uploads\/sites\/3\/2025\/10\/F25-In-Memoriam-1000x675-1.jpg\"><div><img class=\"eb-slider-image\" data-lazy=\"https:\/\/dev.maryknollsociety.org\/misioneros\/wp-content\/uploads\/sites\/3\/2025\/10\/F25-In-Memoriam-1000x675-1.jpg\"\/><\/div><\/div><div class=\"eb-slider-item content-1\" data-src=\"https:\/\/dev.maryknollsociety.org\/misioneros\/wp-content\/uploads\/sites\/3\/2025\/10\/W25-center-spread.jpg\"><div><img class=\"eb-slider-image\" data-lazy=\"https:\/\/dev.maryknollsociety.org\/misioneros\/wp-content\/uploads\/sites\/3\/2025\/10\/W25-center-spread.jpg\"\/><\/div><\/div><div class=\"eb-slider-item content-1\" data-src=\"https:\/\/dev.maryknollsociety.org\/misioneros\/wp-content\/uploads\/sites\/3\/2025\/10\/SP25-center-spread.jpg\"><div><img class=\"eb-slider-image\" data-lazy=\"https:\/\/dev.maryknollsociety.org\/misioneros\/wp-content\/uploads\/sites\/3\/2025\/10\/SP25-center-spread.jpg\"\/><\/div><\/div><div class=\"eb-slider-item content-1\" data-src=\"https:\/\/dev.maryknollsociety.org\/misioneros\/wp-content\/uploads\/sites\/3\/2025\/10\/Screenshot-2025-06-02-at-11.21.11-AM-1080x827-1.png\"><div><img class=\"eb-slider-image\" data-lazy=\"https:\/\/dev.maryknollsociety.org\/misioneros\/wp-content\/uploads\/sites\/3\/2025\/10\/Screenshot-2025-06-02-at-11.21.11-AM-1080x827-1.png\"\/><\/div><\/div><\/div><\/div><\/div><\/div>\n\n\n\n<div style=\"height:40px\" aria-hidden=\"true\" class=\"wp-block-spacer\"><\/div>\n\n\n\n<h2 class=\"wp-block-heading\">Misi\u00f3n en Acci\u00f3n 2024<\/h2>\n\n\n\n<div class=\"wp-block-essential-blocks-slider  root-eb-slider-n2xnx\"><div class=\"eb-parent-wrapper eb-parent-eb-slider-n2xnx \"><div class=\"eb-slider-wrapper eb-slider-n2xnx\" data-blockid=\"eb-slider-n2xnx\" data-version=\"v4\" data-settings=\"eyJhcnJvd3MiOnRydWUsImFkYXB0aXZlSGVpZ2h0Ijp0cnVlLCJhdXRvcGxheSI6dHJ1ZSwiYXV0b3BsYXlTcGVlZCI6NTQ5NywiZG90cyI6dHJ1ZSwiZmFkZSI6ZmFsc2UsImluZmluaXRlIjp0cnVlLCJwYXVzZU9uSG92ZXIiOnRydWUsInNsaWRlc1RvU2hvdyI6MSwic3BlZWQiOjUwMCwidmVydGljYWwiOmZhbHNlLCJjdXJyZW50U2xpZGUiOjAsInJ0bCI6ZmFsc2UsInJlc3BvbnNpdmUiOlt7ImJyZWFrcG9pbnQiOjEwMjUsInNldHRpbmdzIjp7InNsaWRlc1RvU2hvdyI6MX19LHsiYnJlYWtwb2ludCI6NzY3LCJzZXR0aW5ncyI6eyJzbGlkZXNUb1Nob3ciOjF9fV19\" data-arrownexticon=\"fas fa-arrow-alt-circle-right\" data-arrowprevicon=\"fas fa-arrow-alt-circle-left\" data-lightbox=\"false\"><div class=\"eb-slider-init eb-slider-type-image\"><div class=\"eb-slider-item content-1\" data-src=\"https:\/\/dev.maryknollsociety.org\/misioneros\/wp-content\/uploads\/sites\/3\/2025\/10\/32-33-Centerspread-SP24-Feature-1000x675-1.jpg\"><div><img class=\"eb-slider-image\" data-lazy=\"https:\/\/dev.maryknollsociety.org\/misioneros\/wp-content\/uploads\/sites\/3\/2025\/10\/32-33-Centerspread-SP24-Feature-1000x675-1.jpg\"\/><\/div><\/div><div class=\"eb-slider-item content-1\" data-src=\"https:\/\/dev.maryknollsociety.org\/misioneros\/wp-content\/uploads\/sites\/3\/2025\/10\/32-33-center-spread-misioneros-fall-2024.jpg\"><div><img class=\"eb-slider-image\" data-lazy=\"https:\/\/dev.maryknollsociety.org\/misioneros\/wp-content\/uploads\/sites\/3\/2025\/10\/32-33-center-spread-misioneros-fall-2024.jpg\"\/><\/div><\/div><div class=\"eb-slider-item content-1\" data-src=\"https:\/\/dev.maryknollsociety.org\/misioneros\/wp-content\/uploads\/sites\/3\/2025\/10\/32-33-center-spread-misioneros-summer-2024.jpg\"><div><img class=\"eb-slider-image\" data-lazy=\"https:\/\/dev.maryknollsociety.org\/misioneros\/wp-content\/uploads\/sites\/3\/2025\/10\/32-33-center-spread-misioneros-summer-2024.jpg\"\/><\/div><\/div><\/div><\/div><\/div><\/div>\n\n\n\n<div style=\"height:40px\" aria-hidden=\"true\" class=\"wp-block-spacer\"><\/div>\n\n\n\n<h2 class=\"wp-block-heading\">Misi\u00f3n en Acci\u00f3n 2023<\/h2>\n\n\n\n<div class=\"wp-block-essential-blocks-slider  root-eb-slider-888j1\"><div class=\"eb-parent-wrapper eb-parent-eb-slider-888j1 \"><div class=\"eb-slider-wrapper eb-slider-888j1\" data-blockid=\"eb-slider-888j1\" data-version=\"v4\" data-settings=\"eyJhcnJvd3MiOnRydWUsImFkYXB0aXZlSGVpZ2h0Ijp0cnVlLCJhdXRvcGxheSI6dHJ1ZSwiYXV0b3BsYXlTcGVlZCI6NTQ5NywiZG90cyI6dHJ1ZSwiZmFkZSI6ZmFsc2UsImluZmluaXRlIjp0cnVlLCJwYXVzZU9uSG92ZXIiOnRydWUsInNsaWRlc1RvU2hvdyI6MSwic3BlZWQiOjUwMCwidmVydGljYWwiOmZhbHNlLCJjdXJyZW50U2xpZGUiOjAsInJ0bCI6ZmFsc2UsInJlc3BvbnNpdmUiOlt7ImJyZWFrcG9pbnQiOjEwMjUsInNldHRpbmdzIjp7InNsaWRlc1RvU2hvdyI6MX19LHsiYnJlYWtwb2ludCI6NzY3LCJzZXR0aW5ncyI6eyJzbGlkZXNUb1Nob3ciOjF9fV19\" data-arrownexticon=\"fas fa-arrow-alt-circle-right\" data-arrowprevicon=\"fas fa-arrow-alt-circle-left\" data-lightbox=\"false\"><div class=\"eb-slider-init eb-slider-type-image\"><div class=\"eb-slider-item content-1\" data-src=\"https:\/\/dev.maryknollsociety.org\/misioneros\/wp-content\/uploads\/sites\/3\/2025\/10\/misioneros-Summer-2023-centerspread-feature-1000x675-1.jpg\"><div><img class=\"eb-slider-image\" data-lazy=\"https:\/\/dev.maryknollsociety.org\/misioneros\/wp-content\/uploads\/sites\/3\/2025\/10\/misioneros-Summer-2023-centerspread-feature-1000x675-1.jpg\"\/><\/div><\/div><div class=\"eb-slider-item content-1\" data-src=\"https:\/\/dev.maryknollsociety.org\/misioneros\/wp-content\/uploads\/sites\/3\/2025\/10\/misioneros-Spring-2023-lowres_Page_17.jpg\"><div><img class=\"eb-slider-image\" data-lazy=\"https:\/\/dev.maryknollsociety.org\/misioneros\/wp-content\/uploads\/sites\/3\/2025\/10\/misioneros-Spring-2023-lowres_Page_17.jpg\"\/><\/div><\/div><\/div><\/div><\/div><\/div>\n\n\n\n<div style=\"height:40px\" aria-hidden=\"true\" class=\"wp-block-spacer\"><\/div>\n\n\n\n<h2 class=\"wp-block-heading\"><br>Misi\u00f3n en Acci\u00f3n 2022<\/h2>\n\n\n\n<div class=\"wp-block-essential-blocks-slider  root-eb-slider-nyzxm\"><div class=\"eb-parent-wrapper eb-parent-eb-slider-nyzxm \"><div class=\"eb-slider-wrapper eb-slider-nyzxm\" data-blockid=\"eb-slider-nyzxm\" data-version=\"v4\" data-settings=\"eyJhcnJvd3MiOnRydWUsImFkYXB0aXZlSGVpZ2h0Ijp0cnVlLCJhdXRvcGxheSI6dHJ1ZSwiYXV0b3BsYXlTcGVlZCI6NTQ5NywiZG90cyI6dHJ1ZSwiZmFkZSI6ZmFsc2UsImluZmluaXRlIjp0cnVlLCJwYXVzZU9uSG92ZXIiOnRydWUsInNsaWRlc1RvU2hvdyI6MSwic3BlZWQiOjUwMCwidmVydGljYWwiOmZhbHNlLCJjdXJyZW50U2xpZGUiOjAsInJ0bCI6ZmFsc2UsInJlc3BvbnNpdmUiOlt7ImJyZWFrcG9pbnQiOjEwMjUsInNldHRpbmdzIjp7InNsaWRlc1RvU2hvdyI6MX19LHsiYnJlYWtwb2ludCI6NzY3LCJzZXR0aW5ncyI6eyJzbGlkZXNUb1Nob3ciOjF9fV19\" data-arrownexticon=\"fas fa-arrow-alt-circle-right\" data-arrowprevicon=\"fas fa-arrow-alt-circle-left\" data-lightbox=\"false\"><div class=\"eb-slider-init eb-slider-type-image\"><div class=\"eb-slider-item content-1\" data-src=\"https:\/\/dev.maryknollsociety.org\/misioneros\/wp-content\/uploads\/sites\/3\/2025\/10\/Mision-en-Accion-summer-22-1080x675-1.jpg\"><div><img class=\"eb-slider-image\" data-lazy=\"https:\/\/dev.maryknollsociety.org\/misioneros\/wp-content\/uploads\/sites\/3\/2025\/10\/Mision-en-Accion-summer-22-1080x675-1.jpg\"\/><\/div><\/div><div class=\"eb-slider-item content-1\" data-src=\"https:\/\/dev.maryknollsociety.org\/misioneros\/wp-content\/uploads\/sites\/3\/2025\/10\/Misioneros-Center-Fall-2022.jpg\"><div><img class=\"eb-slider-image\" data-lazy=\"https:\/\/dev.maryknollsociety.org\/misioneros\/wp-content\/uploads\/sites\/3\/2025\/10\/Misioneros-Center-Fall-2022.jpg\"\/><\/div><\/div><div class=\"eb-slider-item content-1\" data-src=\"https:\/\/dev.maryknollsociety.org\/misioneros\/wp-content\/uploads\/sites\/3\/2025\/10\/misioneros-Winter-2022-center.jpeg\"><div><img class=\"eb-slider-image\" data-lazy=\"https:\/\/dev.maryknollsociety.org\/misioneros\/wp-content\/uploads\/sites\/3\/2025\/10\/misioneros-Winter-2022-center.jpeg\"\/><\/div><\/div><div class=\"eb-slider-item content-1\" data-src=\"https:\/\/dev.maryknollsociety.org\/misioneros\/wp-content\/uploads\/sites\/3\/2025\/10\/misionenaccion-1080x878-1.jpg\"><div><img class=\"eb-slider-image\" data-lazy=\"https:\/\/dev.maryknollsociety.org\/misioneros\/wp-content\/uploads\/sites\/3\/2025\/10\/misionenaccion-1080x878-1.jpg\"\/><\/div><\/div><\/div><\/div><\/div><\/div>\n\n\n\n<div style=\"height:40px\" aria-hidden=\"true\" class=\"wp-block-spacer\"><\/div>\n\n\n\n<h2 class=\"wp-block-heading\">Misi\u00f3n en Acci\u00f3n 2021<\/h2>\n\n\n\n<div class=\"wp-block-essential-blocks-slider  root-eb-slider-582wn\"><div class=\"eb-parent-wrapper eb-parent-eb-slider-582wn \"><div class=\"eb-slider-wrapper eb-slider-582wn\" data-blockid=\"eb-slider-582wn\" data-version=\"v4\" data-settings=\"eyJhcnJvd3MiOnRydWUsImFkYXB0aXZlSGVpZ2h0Ijp0cnVlLCJhdXRvcGxheSI6dHJ1ZSwiYXV0b3BsYXlTcGVlZCI6NTQ5NywiZG90cyI6dHJ1ZSwiZmFkZSI6ZmFsc2UsImluZmluaXRlIjp0cnVlLCJwYXVzZU9uSG92ZXIiOnRydWUsInNsaWRlc1RvU2hvdyI6MSwic3BlZWQiOjUwMCwidmVydGljYWwiOmZhbHNlLCJjdXJyZW50U2xpZGUiOjAsInJ0bCI6ZmFsc2UsInJlc3BvbnNpdmUiOlt7ImJyZWFrcG9pbnQiOjEwMjUsInNldHRpbmdzIjp7InNsaWRlc1RvU2hvdyI6MX19LHsiYnJlYWtwb2ludCI6NzY3LCJzZXR0aW5ncyI6eyJzbGlkZXNUb1Nob3ciOjF9fV19\" data-arrownexticon=\"fas fa-arrow-alt-circle-right\" data-arrowprevicon=\"fas fa-arrow-alt-circle-left\" data-lightbox=\"false\"><div class=\"eb-slider-init eb-slider-type-image\"><div class=\"eb-slider-item content-1\" data-src=\"https:\/\/dev.maryknollsociety.org\/misioneros\/wp-content\/uploads\/sites\/3\/2025\/10\/32-33-Centersprad.jpg\"><div><img class=\"eb-slider-image\" data-lazy=\"https:\/\/dev.maryknollsociety.org\/misioneros\/wp-content\/uploads\/sites\/3\/2025\/10\/32-33-Centersprad.jpg\"\/><\/div><\/div><div class=\"eb-slider-item content-1\" data-src=\"https:\/\/dev.maryknollsociety.org\/misioneros\/wp-content\/uploads\/sites\/3\/2025\/10\/18ug178-center-summer21.jpg\"><div><img class=\"eb-slider-image\" data-lazy=\"https:\/\/dev.maryknollsociety.org\/misioneros\/wp-content\/uploads\/sites\/3\/2025\/10\/18ug178-center-summer21.jpg\"\/><\/div><\/div><div class=\"eb-slider-item content-1\" data-src=\"https:\/\/dev.maryknollsociety.org\/misioneros\/wp-content\/uploads\/sites\/3\/2025\/10\/misioneros-fall-2021-ma-1080x878-1.jpg\"><div><img class=\"eb-slider-image\" data-lazy=\"https:\/\/dev.maryknollsociety.org\/misioneros\/wp-content\/uploads\/sites\/3\/2025\/10\/misioneros-fall-2021-ma-1080x878-1.jpg\"\/><\/div><\/div><div class=\"eb-slider-item content-1\" data-src=\"https:\/\/dev.maryknollsociety.org\/misioneros\/wp-content\/uploads\/sites\/3\/2025\/10\/misioneros-winter-2020-lr-mision-en-accion-1080x675-1.jpg\"><div><img class=\"eb-slider-image\" data-lazy=\"https:\/\/dev.maryknollsociety.org\/misioneros\/wp-content\/uploads\/sites\/3\/2025\/10\/misioneros-winter-2020-lr-mision-en-accion-1080x675-1.jpg\"\/><\/div><\/div><\/div><\/div><\/div><\/div>\n","protected":false},"excerpt":{"rendered":"<p>Enviadas por los misioneros o tomadas por nuestros reporteros, cada fotograf\u00eda de Misi\u00f3n en Acci\u00f3n tiene una leyenda que describe&#8230;<\/p>\n","protected":false},"author":81,"featured_media":0,"parent":0,"menu_order":0,"comment_status":"closed","ping_status":"closed","template":"","meta":{"_acf_changed":false,"_eb_attr":"","_eb_data_table":"","footnotes":""},"folder":[],"class_list":["post-3128","page","type-page","status-publish","hentry"],"acf":[],"yoast_head":"<!-- This site is optimized with the Yoast SEO plugin v26.5 - https:\/\/yoast.com\/wordpress\/plugins\/seo\/ -->\n<title>Misi\u00f3n en Acci\u00f3n - Misioneros Maryknoll<\/title>\n<meta name=\"robots\" content=\"noindex, follow, max-snippet:-1, max-image-preview:large, max-video-preview:-1\" \/>\n<meta property=\"og:locale\" content=\"es_ES\" \/>\n<meta property=\"og:type\" content=\"article\" \/>\n<meta property=\"og:title\" content=\"Misi\u00f3n en Acci\u00f3n - Misioneros Maryknoll\" \/>\n<meta property=\"og:description\" content=\"Enviadas por los misioneros o tomadas por nuestros reporteros, cada fotograf\u00eda de Misi\u00f3n en Acci\u00f3n tiene una leyenda que describe...\" \/>\n<meta property=\"og:url\" content=\"https:\/\/dev.maryknollsociety.org\/misioneros\/mision-en-accion\/\" \/>\n<meta property=\"og:site_name\" content=\"Misioneros Maryknoll\" \/>\n<meta property=\"article:modified_time\" content=\"2026-01-05T16:16:32+00:00\" \/>\n<meta name=\"twitter:card\" content=\"summary_large_image\" \/>\n<meta name=\"twitter:label1\" content=\"Tiempo de lectura\" \/>\n\t<meta name=\"twitter:data1\" content=\"4 minutos\" \/>\n<script type=\"application\/ld+json\" class=\"yoast-schema-graph\">{\"@context\":\"https:\/\/schema.org\",\"@graph\":[{\"@type\":\"WebPage\",\"@id\":\"https:\/\/dev.maryknollsociety.org\/misioneros\/mision-en-accion\/\",\"url\":\"https:\/\/dev.maryknollsociety.org\/misioneros\/mision-en-accion\/\",\"name\":\"Misi\u00f3n en Acci\u00f3n - Misioneros Maryknoll\",\"isPartOf\":{\"@id\":\"https:\/\/dev.maryknollsociety.org\/misioneros\/#website\"},\"datePublished\":\"2025-10-28T12:36:37+00:00\",\"dateModified\":\"2026-01-05T16:16:32+00:00\",\"breadcrumb\":{\"@id\":\"https:\/\/dev.maryknollsociety.org\/misioneros\/mision-en-accion\/#breadcrumb\"},\"inLanguage\":\"es\",\"potentialAction\":[{\"@type\":\"ReadAction\",\"target\":[\"https:\/\/dev.maryknollsociety.org\/misioneros\/mision-en-accion\/\"]}]},{\"@type\":\"BreadcrumbList\",\"@id\":\"https:\/\/dev.maryknollsociety.org\/misioneros\/mision-en-accion\/#breadcrumb\",\"itemListElement\":[{\"@type\":\"ListItem\",\"position\":1,\"name\":\"Home\",\"item\":\"https:\/\/dev.maryknollsociety.org\/misioneros\/\"},{\"@type\":\"ListItem\",\"position\":2,\"name\":\"Misi\u00f3n en Acci\u00f3n\"}]},{\"@type\":\"WebSite\",\"@id\":\"https:\/\/dev.maryknollsociety.org\/misioneros\/#website\",\"url\":\"https:\/\/dev.maryknollsociety.org\/misioneros\/\",\"name\":\"Misioneros Maryknoll\",\"description\":\"\",\"publisher\":{\"@id\":\"https:\/\/dev.maryknollsociety.org\/misioneros\/#organization\"},\"potentialAction\":[{\"@type\":\"SearchAction\",\"target\":{\"@type\":\"EntryPoint\",\"urlTemplate\":\"https:\/\/dev.maryknollsociety.org\/misioneros\/?s={search_term_string}\"},\"query-input\":{\"@type\":\"PropertyValueSpecification\",\"valueRequired\":true,\"valueName\":\"search_term_string\"}}],\"inLanguage\":\"es\"},{\"@type\":\"Organization\",\"@id\":\"https:\/\/dev.maryknollsociety.org\/misioneros\/#organization\",\"name\":\"Misioneros Maryknoll\",\"url\":\"https:\/\/dev.maryknollsociety.org\/misioneros\/\",\"logo\":{\"@type\":\"ImageObject\",\"inLanguage\":\"es\",\"@id\":\"https:\/\/dev.maryknollsociety.org\/misioneros\/#\/schema\/logo\/image\/\",\"url\":\"https:\/\/dev.maryknollsociety.org\/misioneros\/wp-content\/uploads\/sites\/3\/2025\/05\/cropped-MKFB_Logo_Transparet1.png\",\"contentUrl\":\"https:\/\/dev.maryknollsociety.org\/misioneros\/wp-content\/uploads\/sites\/3\/2025\/05\/cropped-MKFB_Logo_Transparet1.png\",\"width\":333,\"height\":68,\"caption\":\"Misioneros Maryknoll\"},\"image\":{\"@id\":\"https:\/\/dev.maryknollsociety.org\/misioneros\/#\/schema\/logo\/image\/\"}}]}<\/script>\n<!-- \/ Yoast SEO plugin. -->","yoast_head_json":{"title":"Misi\u00f3n en Acci\u00f3n - Misioneros Maryknoll","robots":{"index":"noindex","follow":"follow","max-snippet":"max-snippet:-1","max-image-preview":"max-image-preview:large","max-video-preview":"max-video-preview:-1"},"og_locale":"es_ES","og_type":"article","og_title":"Misi\u00f3n en Acci\u00f3n - Misioneros Maryknoll","og_description":"Enviadas por los misioneros o tomadas por nuestros reporteros, cada fotograf\u00eda de Misi\u00f3n en Acci\u00f3n tiene una leyenda que describe...","og_url":"https:\/\/dev.maryknollsociety.org\/misioneros\/mision-en-accion\/","og_site_name":"Misioneros Maryknoll","article_modified_time":"2026-01-05T16:16:32+00:00","twitter_card":"summary_large_image","twitter_misc":{"Tiempo de lectura":"4 minutos"},"schema":{"@context":"https:\/\/schema.org","@graph":[{"@type":"WebPage","@id":"https:\/\/dev.maryknollsociety.org\/misioneros\/mision-en-accion\/","url":"https:\/\/dev.maryknollsociety.org\/misioneros\/mision-en-accion\/","name":"Misi\u00f3n en Acci\u00f3n - Misioneros Maryknoll","isPartOf":{"@id":"https:\/\/dev.maryknollsociety.org\/misioneros\/#website"},"datePublished":"2025-10-28T12:36:37+00:00","dateModified":"2026-01-05T16:16:32+00:00","breadcrumb":{"@id":"https:\/\/dev.maryknollsociety.org\/misioneros\/mision-en-accion\/#breadcrumb"},"inLanguage":"es","potentialAction":[{"@type":"ReadAction","target":["https:\/\/dev.maryknollsociety.org\/misioneros\/mision-en-accion\/"]}]},{"@type":"BreadcrumbList","@id":"https:\/\/dev.maryknollsociety.org\/misioneros\/mision-en-accion\/#breadcrumb","itemListElement":[{"@type":"ListItem","position":1,"name":"Home","item":"https:\/\/dev.maryknollsociety.org\/misioneros\/"},{"@type":"ListItem","position":2,"name":"Misi\u00f3n en Acci\u00f3n"}]},{"@type":"WebSite","@id":"https:\/\/dev.maryknollsociety.org\/misioneros\/#website","url":"https:\/\/dev.maryknollsociety.org\/misioneros\/","name":"Misioneros Maryknoll","description":"","publisher":{"@id":"https:\/\/dev.maryknollsociety.org\/misioneros\/#organization"},"potentialAction":[{"@type":"SearchAction","target":{"@type":"EntryPoint","urlTemplate":"https:\/\/dev.maryknollsociety.org\/misioneros\/?s={search_term_string}"},"query-input":{"@type":"PropertyValueSpecification","valueRequired":true,"valueName":"search_term_string"}}],"inLanguage":"es"},{"@type":"Organization","@id":"https:\/\/dev.maryknollsociety.org\/misioneros\/#organization","name":"Misioneros Maryknoll","url":"https:\/\/dev.maryknollsociety.org\/misioneros\/","logo":{"@type":"ImageObject","inLanguage":"es","@id":"https:\/\/dev.maryknollsociety.org\/misioneros\/#\/schema\/logo\/image\/","url":"https:\/\/dev.maryknollsociety.org\/misioneros\/wp-content\/uploads\/sites\/3\/2025\/05\/cropped-MKFB_Logo_Transparet1.png","contentUrl":"https:\/\/dev.maryknollsociety.org\/misioneros\/wp-content\/uploads\/sites\/3\/2025\/05\/cropped-MKFB_Logo_Transparet1.png","width":333,"height":68,"caption":"Misioneros Maryknoll"},"image":{"@id":"https:\/\/dev.maryknollsociety.org\/misioneros\/#\/schema\/logo\/image\/"}}]}},"_links":{"self":[{"href":"https:\/\/dev.maryknollsociety.org\/misioneros\/wp-json\/wp\/v2\/pages\/3128","targetHints":{"allow":["GET"]}}],"collection":[{"href":"https:\/\/dev.maryknollsociety.org\/misioneros\/wp-json\/wp\/v2\/pages"}],"about":[{"href":"https:\/\/dev.maryknollsociety.org\/misioneros\/wp-json\/wp\/v2\/types\/page"}],"author":[{"embeddable":true,"href":"https:\/\/dev.maryknollsociety.org\/misioneros\/wp-json\/wp\/v2\/users\/81"}],"replies":[{"embeddable":true,"href":"https:\/\/dev.maryknollsociety.org\/misioneros\/wp-json\/wp\/v2\/comments?post=3128"}],"version-history":[{"count":19,"href":"https:\/\/dev.maryknollsociety.org\/misioneros\/wp-json\/wp\/v2\/pages\/3128\/revisions"}],"predecessor-version":[{"id":5177,"href":"https:\/\/dev.maryknollsociety.org\/misioneros\/wp-json\/wp\/v2\/pages\/3128\/revisions\/5177"}],"wp:attachment":[{"href":"https:\/\/dev.maryknollsociety.org\/misioneros\/wp-json\/wp\/v2\/media?parent=3128"}],"wp:term":[{"taxonomy":"folder","embeddable":true,"href":"https:\/\/dev.maryknollsociety.org\/misioneros\/wp-json\/wp\/v2\/folder?post=3128"}],"curies":[{"name":"wp","href":"https:\/\/api.w.org\/{rel}","templated":true}]}}