{"id":23,"date":"2025-05-27T04:41:35","date_gmt":"2025-05-27T04:41:35","guid":{"rendered":"https:\/\/dev.maryknollsociety.org\/?page_id=23"},"modified":"2025-05-27T04:41:35","modified_gmt":"2025-05-27T04:41:35","slug":"vocations","status":"publish","type":"page","link":"https:\/\/dev.maryknollsociety.org\/misioneros\/vocations\/","title":{"rendered":"Vocations"},"content":{"rendered":"\r\n<div class=\"mk-banner-section-block scroll-cue-hero\" style=\"background-image: url('http:\/\/dev.maryknollsociety.org\/misioneros\/wp-content\/uploads\/sites\/3\/2025\/06\/VOCATIONS.webp');\">\r\n    \r\n    \r\n<\/div>\r\n\r\n\r\n        <div class=\"site-content banner-page-title\">\r\n            <h1>\r\n                Vocations            <\/h1>\r\n        <\/div>\r\n\n\n\n<p class=\"has-medium-font-size\">Since 1911, Catholics in the US have responded to the worldwide cry of the poor by becoming Maryknoll Missioners. Today, Maryknollers help people overseas build communities of faith. Some work in war zones with refugees, others minister to the sick, the elderly, orphans or people living with HIV\/AIDS.&nbsp;Others are involved in campus, prison and pastoral parish ministries. Through lives of service, Maryknollers translate the gospel of love into different languages and in different cultures.<\/p>\n\n\n\n<div class=\"wp-block-group border-radius-10 has-maryknoll-very-dark-blue-background-color has-background\"><div class=\"wp-block-group__inner-container is-layout-constrained wp-block-group-is-layout-constrained\">\n<h2 class=\"wp-block-heading has-text-align-center m-0 has-maryknoll-white-color has-text-color has-link-color wp-elements-f8fd15d24139fb47b2fb087a0cb59771\" style=\"font-size:24px;font-family:Montserrat, sans-serif\">Vocation News &amp; Events<\/h2>\n\n\n\n<p class=\"has-text-align-center has-maryknoll-white-color has-text-color has-link-color wp-elements-173812944cc37ea1d09622c9ed048400\" style=\"font-family:Montserrat, sans-serif\">Follow what\u2019s happening at Maryknoll Vocations, including recent ordinations&nbsp;and news from our Priests and Brothers.<\/p>\n\n\n\n<div class=\"wp-block-query is-layout-flow wp-block-query-is-layout-flow\"><ul class=\"post_template_wrap wp-block-post-template is-layout-flow wp-block-post-template-is-layout-flow\"><li class=\"wp-block-post post-5594 post type-post status-publish format-standard has-post-thumbnail hentry category-del-director category-primavera-2026 tag-deportaciones-masivas tag-edarp tag-ice tag-inmigracion tag-kenia tag-nairobi tag-papa-leon-xiv tag-primavera-2026 tag-programa-para-el-alivio-del-sida-del-decanato-del-este tag-recortes-a-usaid tag-sida\">\n\n<div class=\"wp-block-columns alignwide vocation_post_col is-layout-flex wp-container-core-columns-is-layout-9d6595d7 wp-block-columns-is-layout-flex\">\n<div class=\"wp-block-column is-vertically-aligned-center post_title_date_wrap is-layout-flow wp-block-column-is-layout-flow\"><h4 style=\"font-size:20px;line-height:1.1;\" class=\"has-link-color post_title wp-elements-7d5e367ccd00bb48173130c5c789e4fa wp-block-post-title has-text-color has-maryknoll-white-color\"><a href=\"https:\/\/dev.maryknollsociety.org\/misioneros\/del-director-condenar-a-inocentes\/\" target=\"_self\" >Del Director: Condenar a Inocentes<\/a><\/h4>\n\n<div style=\"color:#ffffff; font-size:20px;\" class=\"wp-block-post-date has-text-color\"><time datetime=\"2026-03-02T23:57:00+00:00\">marzo 2, 2026<\/time><\/div><\/div>\n<\/div>\n\n\n<div class=\"has-link-color post_excerpt wp-elements-88a6470f4d5dacca259eb8e9cebf75a2 wp-block-post-excerpt has-text-color has-maryknoll-white-color\"><p class=\"wp-block-post-excerpt__excerpt\">En esta edici\u00f3n exploramos lo que est\u00e1 sucediendo en el mundo y c\u00f3mo los misioneros Maryknoll y la Iglesia est\u00e1n respondiendo. <a class=\"wp-block-post-excerpt__more-link\" href=\"https:\/\/dev.maryknollsociety.org\/misioneros\/del-director-condenar-a-inocentes\/\">READ MORE &gt;<\/a><\/p><\/div>\n\n\n<hr class=\"wp-block-separator has-text-color has-css-opacity has-background alignwide post_sparator is-style-wide\" style=\"background-color:#ffffff;color:#ffffff\" \/>\n\n<\/li><li class=\"wp-block-post post-5576 post type-post status-publish format-standard has-post-thumbnail hentry category-primavera-2026 category-relatos-misioneros tag-bolivia tag-cambodia tag-capacitacion-para-personas-sordas tag-dar-es-salaam tag-deaf-development-programme-ddp tag-hiv tag-john-siyumbu tag-julie-lawler tag-m-m tag-michael-j-snyder tag-mklm tag-otp tag-primavera-2026 tag-relatos-misioneros-primavera-2026 tag-sida tag-tanzania tag-veronica-schweyen\">\n\n<div class=\"wp-block-columns alignwide vocation_post_col is-layout-flex wp-container-core-columns-is-layout-9d6595d7 wp-block-columns-is-layout-flex\">\n<div class=\"wp-block-column is-vertically-aligned-center post_title_date_wrap is-layout-flow wp-block-column-is-layout-flow\"><h4 style=\"font-size:20px;line-height:1.1;\" class=\"has-link-color post_title wp-elements-7d5e367ccd00bb48173130c5c789e4fa wp-block-post-title has-text-color has-maryknoll-white-color\"><a href=\"https:\/\/dev.maryknollsociety.org\/misioneros\/relatos-misioneros-primavera-2026\/\" target=\"_self\" >Relatos Misioneros Primavera 2026<\/a><\/h4>\n\n<div style=\"color:#ffffff; font-size:20px;\" class=\"wp-block-post-date has-text-color\"><time datetime=\"2026-03-02T23:55:16+00:00\">marzo 2, 2026<\/time><\/div><\/div>\n<\/div>\n\n\n<div class=\"has-link-color post_excerpt wp-elements-88a6470f4d5dacca259eb8e9cebf75a2 wp-block-post-excerpt has-text-color has-maryknoll-white-color\"><p class=\"wp-block-post-excerpt__excerpt\">Misioneros Maryknoll comparten conmovedoras experiencias de misi\u00f3n de Bolivia, Camboya y Tanzania. <a class=\"wp-block-post-excerpt__more-link\" href=\"https:\/\/dev.maryknollsociety.org\/misioneros\/relatos-misioneros-primavera-2026\/\">READ MORE &gt;<\/a><\/p><\/div>\n\n\n<hr class=\"wp-block-separator has-text-color has-css-opacity has-background alignwide post_sparator is-style-wide\" style=\"background-color:#ffffff;color:#ffffff\" \/>\n\n<\/li><\/ul><\/div>\n<\/div><\/div>\n\n\n\n<div style=\"height:70px\" aria-hidden=\"true\" class=\"wp-block-spacer\"><\/div>\n\n\n\n<div class=\"wp-block-columns is-layout-flex wp-container-core-columns-is-layout-9d6595d7 wp-block-columns-is-layout-flex\">\n<div class=\"wp-block-column is-layout-flow wp-block-column-is-layout-flow\">\n\n<div class=\"mk-post-card\">\n            <div class=\"mk-post-card-image\">\n            <a href=\"https:\/\/dev.maryknollsociety.org\/a-calling-of-a-lifetime\/\" title=\"A Calling of a Lifetime\" >\n                <img decoding=\"async\" src=\"http:\/\/dev.maryknollsociety.org\/misioneros\/wp-content\/uploads\/sites\/3\/2025\/06\/MKFB_Cards_Calling.jpg\" alt=\"\" \/>\n            <\/a>\n        <\/div>\n        <div class=\"mk-post-card-content\">\n                    <h2 class=\"mk-post-card-title\">                <a href=\"https:\/\/dev.maryknollsociety.org\/a-calling-of-a-lifetime\/\" title=\"A Calling of a Lifetime\"  >A Calling of a Lifetime<\/a>\n            <\/h2>                            <div class=\"mk-post-card-text\">Discover how\u00a0a life of mission\u00a0serving the poor and the suffering as a  Maryknoll priest or Brother may be your answer to God\u2019s call&#8230;\u2028                                                             <\/div>\n                            <div class=\"mk-post-card-link-row\">\n                <a href=\"https:\/\/dev.maryknollsociety.org\/a-calling-of-a-lifetime\/\" title=\"A Calling of a Lifetime\" class=\"\" >READ MORE<i class=\"fas fa-chevron-right eb-button-icon eb-button-icon-left hvr-icon\"><\/i><\/a>\n            <\/div>\n            <\/div>\n<\/div> <\/div>\n\n\n\n<div class=\"wp-block-column is-layout-flow wp-block-column-is-layout-flow\">\n\n<div class=\"mk-post-card\">\n            <div class=\"mk-post-card-image\">\n            <a href=\"https:\/\/dev.maryknollsociety.org\/pope-francis-call\/\" title=\"A Calling from the Pope\" >\n                <img decoding=\"async\" src=\"http:\/\/dev.maryknollsociety.org\/misioneros\/wp-content\/uploads\/sites\/3\/2025\/06\/MKFB_Cards_PopeCall.jpg\" alt=\"\" \/>\n            <\/a>\n        <\/div>\n        <div class=\"mk-post-card-content\">\n                    <h2 class=\"mk-post-card-title\">                <a href=\"https:\/\/dev.maryknollsociety.org\/pope-francis-call\/\" title=\"A Calling from the Pope\"  >A Calling from the Pope<\/a>\n            <\/h2>                            <div class=\"mk-post-card-text\">The pope\u2019s insistence on the priority of mission flows from the Second  Vatican Council\u2019s Decree on the Church\u2019s Missionary Activity&#8230;<\/div>\n                            <div class=\"mk-post-card-link-row\">\n                <a href=\"https:\/\/dev.maryknollsociety.org\/pope-francis-call\/\" title=\"A Calling from the Pope\" class=\"\" >READ MORE<i class=\"fas fa-chevron-right eb-button-icon eb-button-icon-left hvr-icon\"><\/i><\/a>\n            <\/div>\n            <\/div>\n<\/div> <\/div>\n\n\n\n<div class=\"wp-block-column is-layout-flow wp-block-column-is-layout-flow\">\n\n<div class=\"mk-post-card\">\n            <div class=\"mk-post-card-image\">\n            <a href=\"https:\/\/dev.maryknollsociety.org\/a-path-with-us\/\" title=\"A Path with Us\" >\n                <img decoding=\"async\" src=\"http:\/\/dev.maryknollsociety.org\/misioneros\/wp-content\/uploads\/sites\/3\/2025\/06\/MKFB_Cards_PathWithUs.jpg\" alt=\"\" \/>\n            <\/a>\n        <\/div>\n        <div class=\"mk-post-card-content\">\n                    <h2 class=\"mk-post-card-title\">                <a href=\"https:\/\/dev.maryknollsociety.org\/a-path-with-us\/\" title=\"A Path with Us\"  >A Path with Us<\/a>\n            <\/h2>                            <div class=\"mk-post-card-text\">The pope\u2019s insistence on the priority of mission flows from the Second  Vatican Council\u2019s Decree on the Church\u2019s Missionary Activity&#8230;<\/div>\n                            <div class=\"mk-post-card-link-row\">\n                <a href=\"https:\/\/dev.maryknollsociety.org\/a-path-with-us\/\" title=\"A Path with Us\" class=\"\" >READ MORE<i class=\"fas fa-chevron-right eb-button-icon eb-button-icon-left hvr-icon\"><\/i><\/a>\n            <\/div>\n            <\/div>\n<\/div> <\/div>\n<\/div>\n\n\n\n<div class=\"wp-block-columns is-layout-flex wp-container-core-columns-is-layout-9d6595d7 wp-block-columns-is-layout-flex\">\n<div class=\"wp-block-column is-layout-flow wp-block-column-is-layout-flow\">\n\n<div class=\"mk-post-card\">\n            <div class=\"mk-post-card-image\">\n            <a href=\"https:\/\/dev.maryknollsociety.org\/a-calling-of-a-lifetime\/\" title=\"A Lifetime of Mission\" >\n                <img decoding=\"async\" src=\"http:\/\/dev.maryknollsociety.org\/misioneros\/wp-content\/uploads\/sites\/3\/2025\/06\/MKFB_Cards_LifetimeMission.jpg\" alt=\"\" \/>\n            <\/a>\n        <\/div>\n        <div class=\"mk-post-card-content\">\n                    <h2 class=\"mk-post-card-title\">                <a href=\"https:\/\/dev.maryknollsociety.org\/a-calling-of-a-lifetime\/\" title=\"A Lifetime of Mission\"  >A Lifetime of Mission<\/a>\n            <\/h2>                            <div class=\"mk-post-card-text\">Every six years, the Maryknoll Fathers and Brothers convene a General  Chapter to establish goals and policy for the future&#8230;&#8230;\u2028                                                             <\/div>\n                            <div class=\"mk-post-card-link-row\">\n                <a href=\"https:\/\/dev.maryknollsociety.org\/a-calling-of-a-lifetime\/\" title=\"A Lifetime of Mission\" class=\"\" >READ MORE<i class=\"fas fa-chevron-right eb-button-icon eb-button-icon-left hvr-icon\"><\/i><\/a>\n            <\/div>\n            <\/div>\n<\/div> <\/div>\n\n\n\n<div class=\"wp-block-column is-layout-flow wp-block-column-is-layout-flow\">\n\n<div class=\"mk-post-card\">\n            <div class=\"mk-post-card-image\">\n            <a href=\"https:\/\/dev.maryknollsociety.org\/priesthood-program\/\" title=\"Priesthood Program\" >\n                <img decoding=\"async\" src=\"http:\/\/dev.maryknollsociety.org\/misioneros\/wp-content\/uploads\/sites\/3\/2025\/06\/MKFB_Cards_PriesthoodProgram.jpg\" alt=\"\" \/>\n            <\/a>\n        <\/div>\n        <div class=\"mk-post-card-content\">\n                    <h2 class=\"mk-post-card-title\">                <a href=\"https:\/\/dev.maryknollsociety.org\/priesthood-program\/\" title=\"Priesthood Program\"  >Priesthood Program<\/a>\n            <\/h2>                            <div class=\"mk-post-card-text\">Through baptism, Jesus calls on us all to be missioners \u2014 He calls some  of us to a uniquely enriching life overseas serving&#8230;<\/div>\n                            <div class=\"mk-post-card-link-row\">\n                <a href=\"https:\/\/dev.maryknollsociety.org\/priesthood-program\/\" title=\"Priesthood Program\" class=\"\" >READ MORE<i class=\"fas fa-chevron-right eb-button-icon eb-button-icon-left hvr-icon\"><\/i><\/a>\n            <\/div>\n            <\/div>\n<\/div> <\/div>\n\n\n\n<div class=\"wp-block-column is-layout-flow wp-block-column-is-layout-flow\">\n\n<div class=\"mk-post-card\">\n            <div class=\"mk-post-card-image\">\n            <a href=\"https:\/\/dev.maryknollsociety.org\/brotherhood-program\/\" title=\"Brotherhood Program\" >\n                <img decoding=\"async\" src=\"http:\/\/dev.maryknollsociety.org\/misioneros\/wp-content\/uploads\/sites\/3\/2025\/06\/MKFB_Cards_BrotherhoodProgram.jpg\" alt=\"\" \/>\n            <\/a>\n        <\/div>\n        <div class=\"mk-post-card-content\">\n                    <h2 class=\"mk-post-card-title\">                <a href=\"https:\/\/dev.maryknollsociety.org\/brotherhood-program\/\" title=\"Brotherhood Program\"  >Brotherhood Program<\/a>\n            <\/h2>                            <div class=\"mk-post-card-text\">In the early days of Maryknoll,  Maryknoll Brothers were skilled tradesmen and were responsible for  constructing&#8230;.<\/div>\n                            <div class=\"mk-post-card-link-row\">\n                <a href=\"https:\/\/dev.maryknollsociety.org\/brotherhood-program\/\" title=\"Brotherhood Program\" class=\"\" >READ MORE<i class=\"fas fa-chevron-right eb-button-icon eb-button-icon-left hvr-icon\"><\/i><\/a>\n            <\/div>\n            <\/div>\n<\/div> <\/div>\n<\/div>\n\n\n\n<div class=\"wp-block-columns is-layout-flex wp-container-core-columns-is-layout-9d6595d7 wp-block-columns-is-layout-flex\">\n<div class=\"wp-block-column is-layout-flow wp-block-column-is-layout-flow\">\n\n<div class=\"mk-post-card\">\n            <div class=\"mk-post-card-image\">\n            <a href=\"https:\/\/dev.maryknollsociety.org\/associate-program\/\" title=\"Associate Program\" >\n                <img decoding=\"async\" src=\"http:\/\/dev.maryknollsociety.org\/misioneros\/wp-content\/uploads\/sites\/3\/2025\/06\/MKFB_Cards_AssociateProgram.jpg\" alt=\"\" \/>\n            <\/a>\n        <\/div>\n        <div class=\"mk-post-card-content\">\n                    <h2 class=\"mk-post-card-title\">                <a href=\"https:\/\/dev.maryknollsociety.org\/associate-program\/\" title=\"Associate Program\"  >Associate Program<\/a>\n            <\/h2>                            <div class=\"mk-post-card-text\">Maryknoll\u2019s\u00a0Priest Associate Program\u00a0gives religious priests and brothers, as well as diocesan priests, an opportunity&#8230;<\/div>\n                            <div class=\"mk-post-card-link-row\">\n                <a href=\"https:\/\/dev.maryknollsociety.org\/associate-program\/\" title=\"Associate Program\" class=\"\" >READ MORE<i class=\"fas fa-chevron-right eb-button-icon eb-button-icon-left hvr-icon\"><\/i><\/a>\n            <\/div>\n            <\/div>\n<\/div> <\/div>\n\n\n\n<div class=\"wp-block-column is-layout-flow wp-block-column-is-layout-flow\">\n\n<div class=\"mk-post-card\">\n            <div class=\"mk-post-card-image\">\n            <a href=\"https:\/\/dev.maryknollsociety.org\/meet-our-new-ordinates\/\" title=\"Meet Our New Ordinates\" >\n                <img decoding=\"async\" src=\"http:\/\/dev.maryknollsociety.org\/misioneros\/wp-content\/uploads\/sites\/3\/2025\/06\/MKFB_Cards_NewOrdinates.jpg\" alt=\"\" \/>\n            <\/a>\n        <\/div>\n        <div class=\"mk-post-card-content\">\n                    <h2 class=\"mk-post-card-title\">                <a href=\"https:\/\/dev.maryknollsociety.org\/meet-our-new-ordinates\/\" title=\"Meet Our New Ordinates\"  >Meet Our New Ordinates<\/a>\n            <\/h2>                            <div class=\"mk-post-card-text\">The ordination is one of the most important events in a priest\u2019s life.  This is when the bishop and fellow Maryknollers bless him&#8230;<\/div>\n                            <div class=\"mk-post-card-link-row\">\n                <a href=\"https:\/\/dev.maryknollsociety.org\/meet-our-new-ordinates\/\" title=\"Meet Our New Ordinates\" class=\"\" >READ MORE<i class=\"fas fa-chevron-right eb-button-icon eb-button-icon-left hvr-icon\"><\/i><\/a>\n            <\/div>\n            <\/div>\n<\/div> <\/div>\n\n\n\n<div class=\"wp-block-column is-layout-flow wp-block-column-is-layout-flow\">\n\n<div class=\"mk-post-card\">\n            <div class=\"mk-post-card-image\">\n            <a href=\"https:\/\/dev.maryknollsociety.org\/vocations-newsletter\/\" title=\"Vocations Newsletter\" >\n                <img decoding=\"async\" src=\"http:\/\/dev.maryknollsociety.org\/misioneros\/wp-content\/uploads\/sites\/3\/2025\/06\/MKFB_Cards_VocationsNewsletter.jpg\" alt=\"\" \/>\n            <\/a>\n        <\/div>\n        <div class=\"mk-post-card-content\">\n                    <h2 class=\"mk-post-card-title\">                <a href=\"https:\/\/dev.maryknollsociety.org\/vocations-newsletter\/\" title=\"Vocations Newsletter\"  >Vocations Newsletter<\/a>\n            <\/h2>                            <div class=\"mk-post-card-text\">Join Father Rodrigo as he shares recent events and reflections on  Maryknoll Vocations and those who commit to a life of&#8230;.<\/div>\n                            <div class=\"mk-post-card-link-row\">\n                <a href=\"https:\/\/dev.maryknollsociety.org\/vocations-newsletter\/\" title=\"Vocations Newsletter\" class=\"\" >READ MORE<i class=\"fas fa-chevron-right eb-button-icon eb-button-icon-left hvr-icon\"><\/i><\/a>\n            <\/div>\n            <\/div>\n<\/div> <\/div>\n<\/div>\n\n\n\n<p><\/p>\n","protected":false},"excerpt":{"rendered":"<p>Since 1911, Catholics in the US have responded to the worldwide cry of the poor by becoming Maryknoll Missioners. Today,&#8230;<\/p>\n","protected":false},"author":1,"featured_media":0,"parent":0,"menu_order":0,"comment_status":"closed","ping_status":"closed","template":"","meta":{"_acf_changed":false,"_eb_attr":"","_eb_data_table":"","footnotes":""},"folder":[],"class_list":["post-23","page","type-page","status-publish","hentry"],"acf":[],"yoast_head":"<!-- This site is optimized with the Yoast SEO plugin v26.5 - https:\/\/yoast.com\/wordpress\/plugins\/seo\/ -->\n<title>Vocations - Misioneros Maryknoll<\/title>\n<meta name=\"robots\" content=\"noindex, follow, max-snippet:-1, max-image-preview:large, max-video-preview:-1\" \/>\n<meta property=\"og:locale\" content=\"es_ES\" \/>\n<meta property=\"og:type\" content=\"article\" \/>\n<meta property=\"og:title\" content=\"Vocations - Misioneros Maryknoll\" \/>\n<meta property=\"og:description\" content=\"Since 1911, Catholics in the US have responded to the worldwide cry of the poor by becoming Maryknoll Missioners. Today,...\" \/>\n<meta property=\"og:url\" content=\"https:\/\/dev.maryknollsociety.org\/misioneros\/vocations\/\" \/>\n<meta property=\"og:site_name\" content=\"Misioneros Maryknoll\" \/>\n<meta name=\"twitter:card\" content=\"summary_large_image\" \/>\n<meta name=\"twitter:label1\" content=\"Tiempo de lectura\" \/>\n\t<meta name=\"twitter:data1\" content=\"1 minuto\" \/>\n<script type=\"application\/ld+json\" class=\"yoast-schema-graph\">{\"@context\":\"https:\/\/schema.org\",\"@graph\":[{\"@type\":\"WebPage\",\"@id\":\"https:\/\/dev.maryknollsociety.org\/misioneros\/vocations\/\",\"url\":\"https:\/\/dev.maryknollsociety.org\/misioneros\/vocations\/\",\"name\":\"Vocations - Misioneros Maryknoll\",\"isPartOf\":{\"@id\":\"https:\/\/dev.maryknollsociety.org\/misioneros\/#website\"},\"datePublished\":\"2025-05-27T04:41:35+00:00\",\"breadcrumb\":{\"@id\":\"https:\/\/dev.maryknollsociety.org\/misioneros\/vocations\/#breadcrumb\"},\"inLanguage\":\"es\",\"potentialAction\":[{\"@type\":\"ReadAction\",\"target\":[\"https:\/\/dev.maryknollsociety.org\/misioneros\/vocations\/\"]}]},{\"@type\":\"BreadcrumbList\",\"@id\":\"https:\/\/dev.maryknollsociety.org\/misioneros\/vocations\/#breadcrumb\",\"itemListElement\":[{\"@type\":\"ListItem\",\"position\":1,\"name\":\"Home\",\"item\":\"https:\/\/dev.maryknollsociety.org\/misioneros\/\"},{\"@type\":\"ListItem\",\"position\":2,\"name\":\"Vocations\"}]},{\"@type\":\"WebSite\",\"@id\":\"https:\/\/dev.maryknollsociety.org\/misioneros\/#website\",\"url\":\"https:\/\/dev.maryknollsociety.org\/misioneros\/\",\"name\":\"Misioneros Maryknoll\",\"description\":\"\",\"publisher\":{\"@id\":\"https:\/\/dev.maryknollsociety.org\/misioneros\/#organization\"},\"potentialAction\":[{\"@type\":\"SearchAction\",\"target\":{\"@type\":\"EntryPoint\",\"urlTemplate\":\"https:\/\/dev.maryknollsociety.org\/misioneros\/?s={search_term_string}\"},\"query-input\":{\"@type\":\"PropertyValueSpecification\",\"valueRequired\":true,\"valueName\":\"search_term_string\"}}],\"inLanguage\":\"es\"},{\"@type\":\"Organization\",\"@id\":\"https:\/\/dev.maryknollsociety.org\/misioneros\/#organization\",\"name\":\"Misioneros Maryknoll\",\"url\":\"https:\/\/dev.maryknollsociety.org\/misioneros\/\",\"logo\":{\"@type\":\"ImageObject\",\"inLanguage\":\"es\",\"@id\":\"https:\/\/dev.maryknollsociety.org\/misioneros\/#\/schema\/logo\/image\/\",\"url\":\"https:\/\/dev.maryknollsociety.org\/misioneros\/wp-content\/uploads\/sites\/3\/2025\/05\/cropped-MKFB_Logo_Transparet1.png\",\"contentUrl\":\"https:\/\/dev.maryknollsociety.org\/misioneros\/wp-content\/uploads\/sites\/3\/2025\/05\/cropped-MKFB_Logo_Transparet1.png\",\"width\":333,\"height\":68,\"caption\":\"Misioneros Maryknoll\"},\"image\":{\"@id\":\"https:\/\/dev.maryknollsociety.org\/misioneros\/#\/schema\/logo\/image\/\"}}]}<\/script>\n<!-- \/ Yoast SEO plugin. -->","yoast_head_json":{"title":"Vocations - Misioneros Maryknoll","robots":{"index":"noindex","follow":"follow","max-snippet":"max-snippet:-1","max-image-preview":"max-image-preview:large","max-video-preview":"max-video-preview:-1"},"og_locale":"es_ES","og_type":"article","og_title":"Vocations - Misioneros Maryknoll","og_description":"Since 1911, Catholics in the US have responded to the worldwide cry of the poor by becoming Maryknoll Missioners. Today,...","og_url":"https:\/\/dev.maryknollsociety.org\/misioneros\/vocations\/","og_site_name":"Misioneros Maryknoll","twitter_card":"summary_large_image","twitter_misc":{"Tiempo de lectura":"1 minuto"},"schema":{"@context":"https:\/\/schema.org","@graph":[{"@type":"WebPage","@id":"https:\/\/dev.maryknollsociety.org\/misioneros\/vocations\/","url":"https:\/\/dev.maryknollsociety.org\/misioneros\/vocations\/","name":"Vocations - Misioneros Maryknoll","isPartOf":{"@id":"https:\/\/dev.maryknollsociety.org\/misioneros\/#website"},"datePublished":"2025-05-27T04:41:35+00:00","breadcrumb":{"@id":"https:\/\/dev.maryknollsociety.org\/misioneros\/vocations\/#breadcrumb"},"inLanguage":"es","potentialAction":[{"@type":"ReadAction","target":["https:\/\/dev.maryknollsociety.org\/misioneros\/vocations\/"]}]},{"@type":"BreadcrumbList","@id":"https:\/\/dev.maryknollsociety.org\/misioneros\/vocations\/#breadcrumb","itemListElement":[{"@type":"ListItem","position":1,"name":"Home","item":"https:\/\/dev.maryknollsociety.org\/misioneros\/"},{"@type":"ListItem","position":2,"name":"Vocations"}]},{"@type":"WebSite","@id":"https:\/\/dev.maryknollsociety.org\/misioneros\/#website","url":"https:\/\/dev.maryknollsociety.org\/misioneros\/","name":"Misioneros Maryknoll","description":"","publisher":{"@id":"https:\/\/dev.maryknollsociety.org\/misioneros\/#organization"},"potentialAction":[{"@type":"SearchAction","target":{"@type":"EntryPoint","urlTemplate":"https:\/\/dev.maryknollsociety.org\/misioneros\/?s={search_term_string}"},"query-input":{"@type":"PropertyValueSpecification","valueRequired":true,"valueName":"search_term_string"}}],"inLanguage":"es"},{"@type":"Organization","@id":"https:\/\/dev.maryknollsociety.org\/misioneros\/#organization","name":"Misioneros Maryknoll","url":"https:\/\/dev.maryknollsociety.org\/misioneros\/","logo":{"@type":"ImageObject","inLanguage":"es","@id":"https:\/\/dev.maryknollsociety.org\/misioneros\/#\/schema\/logo\/image\/","url":"https:\/\/dev.maryknollsociety.org\/misioneros\/wp-content\/uploads\/sites\/3\/2025\/05\/cropped-MKFB_Logo_Transparet1.png","contentUrl":"https:\/\/dev.maryknollsociety.org\/misioneros\/wp-content\/uploads\/sites\/3\/2025\/05\/cropped-MKFB_Logo_Transparet1.png","width":333,"height":68,"caption":"Misioneros Maryknoll"},"image":{"@id":"https:\/\/dev.maryknollsociety.org\/misioneros\/#\/schema\/logo\/image\/"}}]}},"_links":{"self":[{"href":"https:\/\/dev.maryknollsociety.org\/misioneros\/wp-json\/wp\/v2\/pages\/23","targetHints":{"allow":["GET"]}}],"collection":[{"href":"https:\/\/dev.maryknollsociety.org\/misioneros\/wp-json\/wp\/v2\/pages"}],"about":[{"href":"https:\/\/dev.maryknollsociety.org\/misioneros\/wp-json\/wp\/v2\/types\/page"}],"author":[{"embeddable":true,"href":"https:\/\/dev.maryknollsociety.org\/misioneros\/wp-json\/wp\/v2\/users\/1"}],"replies":[{"embeddable":true,"href":"https:\/\/dev.maryknollsociety.org\/misioneros\/wp-json\/wp\/v2\/comments?post=23"}],"version-history":[{"count":0,"href":"https:\/\/dev.maryknollsociety.org\/misioneros\/wp-json\/wp\/v2\/pages\/23\/revisions"}],"wp:attachment":[{"href":"https:\/\/dev.maryknollsociety.org\/misioneros\/wp-json\/wp\/v2\/media?parent=23"}],"wp:term":[{"taxonomy":"folder","embeddable":true,"href":"https:\/\/dev.maryknollsociety.org\/misioneros\/wp-json\/wp\/v2\/folder?post=23"}],"curies":[{"name":"wp","href":"https:\/\/api.w.org\/{rel}","templated":true}]}}