{"id":19,"date":"2025-12-27T04:40:32","date_gmt":"2025-12-27T04:40:32","guid":{"rendered":"https:\/\/dev.maryknollsociety.org\/?page_id=19"},"modified":"2026-01-14T15:58:11","modified_gmt":"2026-01-14T15:58:11","slug":"acerca-de","status":"publish","type":"page","link":"https:\/\/dev.maryknollsociety.org\/misioneros\/acerca-de\/","title":{"rendered":"Acerca de Misioneros"},"content":{"rendered":"\r\n<div class=\"mk-banner-section-block scroll-cue-hero\" style=\"background-image: url('https:\/\/dev.maryknollsociety.org\/misioneros\/wp-content\/uploads\/sites\/3\/2026\/01\/NHVOCACION.jpg');\">\r\n    \r\n    \r\n<\/div>\r\n\r\n\r\n        <div class=\"site-content banner-page-title\">\r\n            <h1>\r\n                Acerca de Misioneros            <\/h1>\r\n        <\/div>\r\n\n\n\n<h2 class=\"wp-block-heading\">Los Padres y Hermanos Maryknoll<\/h2>\n\n\n\n<div class=\"wp-block-columns is-layout-flex wp-container-core-columns-is-layout-9d6595d7 wp-block-columns-is-layout-flex\">\n<div class=\"wp-block-column is-layout-flow wp-block-column-is-layout-flow\">\n\n<div class=\"mk-post-card\">\n            <div class=\"mk-post-card-image\">\n            <a href=\"https:\/\/dev.maryknollsociety.org\/misioneros\/historia-de-maryknoll\/\" title=\"Historia\" >\n                <img decoding=\"async\" src=\"https:\/\/dev.maryknollsociety.org\/misioneros\/wp-content\/uploads\/sites\/3\/2026\/01\/20200421T1545-142-CNS-COVID-MARYKNOLL-ILLNESS.jpg\" alt=\"El hermoso Maryknoll Society Center en Ossining, Nueva York\" \/>\n            <\/a>\n        <\/div>\n        <div class=\"mk-post-card-content\">\n                    <h5 class=\"mk-post-card-title\">                <a href=\"https:\/\/dev.maryknollsociety.org\/misioneros\/historia-de-maryknoll\/\" title=\"Historia\"  >Historia<\/a>\n            <\/h5>                            <div class=\"mk-post-card-text\">El impulso para el movimiento Maryknoll comenz\u00f3 hace m\u00e1s de 100 a\u00f1os cuando&#8230; <\/div>\n                            <div class=\"mk-post-card-link-row\">\n                <a href=\"https:\/\/dev.maryknollsociety.org\/misioneros\/historia-de-maryknoll\/\" title=\"Historia\" class=\"\" >Leer M\u00e1s<i class=\"fas fa-chevron-right eb-button-icon eb-button-icon-left hvr-icon\"><\/i><\/a>\n            <\/div>\n            <\/div>\n<\/div> <\/div>\n\n\n\n<div class=\"wp-block-column is-layout-flow wp-block-column-is-layout-flow\">\n\n<div class=\"mk-post-card\">\n            <div class=\"mk-post-card-image\">\n            <a href=\"https:\/\/dev.maryknollsociety.org\/misioneros\/misiones\/\" title=\"MISIONES\" >\n                <img decoding=\"async\" src=\"https:\/\/dev.maryknollsociety.org\/misioneros\/wp-content\/uploads\/sites\/3\/2026\/01\/1300_hands-in-circle-sq-1.jpg\" alt=\"Dos docenas de manos sostienen un objeto cicular y forman un gran anillo que simboliza el trabajo en equipo y la uni\u00f3n.\" \/>\n            <\/a>\n        <\/div>\n        <div class=\"mk-post-card-content\">\n                    <h5 class=\"mk-post-card-title\">                <a href=\"https:\/\/dev.maryknollsociety.org\/misioneros\/misiones\/\" title=\"MISIONES\"  >MISIONES<\/a>\n            <\/h5>                            <div class=\"mk-post-card-text\">Tus oraciones y donaciones son el elemento vital de nuestro trabajo misionero&#8230;<\/div>\n                            <div class=\"mk-post-card-link-row\">\n                <a href=\"https:\/\/dev.maryknollsociety.org\/misioneros\/misiones\/\" title=\"MISIONES\" class=\"\" >Leer M\u00e1s<i class=\"fas fa-chevron-right eb-button-icon eb-button-icon-left hvr-icon\"><\/i><\/a>\n            <\/div>\n            <\/div>\n<\/div> <\/div>\n\n\n\n<div class=\"wp-block-column is-layout-flow wp-block-column-is-layout-flow\">\n\n<div class=\"mk-post-card\">\n            <div class=\"mk-post-card-image\">\n            <a href=\"https:\/\/dev.maryknollsociety.org\/misioneros\/sobre-vocaciones\/\" title=\"Vocaciones\" >\n                <img decoding=\"async\" src=\"https:\/\/dev.maryknollsociety.org\/misioneros\/wp-content\/uploads\/sites\/3\/2026\/01\/Vocaciones.jpg\" alt=\"El Padre Hung Dinh da la comuni\u00f3n a una feligresa en Mwanza, Tanzania. (Sean Sprague\/Tanzania)\" \/>\n            <\/a>\n        <\/div>\n        <div class=\"mk-post-card-content\">\n                    <h5 class=\"mk-post-card-title\">                <a href=\"https:\/\/dev.maryknollsociety.org\/misioneros\/sobre-vocaciones\/\" title=\"Vocaciones\"  >Vocaciones<\/a>\n            <\/h5>                            <div class=\"mk-post-card-text\">Ven, \u00fanete a nosotros y vive la aventura de la alegr\u00eda del Evangelio, sirviendo&#8230;<\/div>\n                            <div class=\"mk-post-card-link-row\">\n                <a href=\"https:\/\/dev.maryknollsociety.org\/misioneros\/sobre-vocaciones\/\" title=\"Vocaciones\" class=\"\" >Leer M\u00e1s<i class=\"fas fa-chevron-right eb-button-icon eb-button-icon-left hvr-icon\"><\/i><\/a>\n            <\/div>\n            <\/div>\n<\/div> <\/div>\n<\/div>\n\n\n\n<div style=\"height:14px\" aria-hidden=\"true\" class=\"wp-block-spacer\"><\/div>\n\n\n\n<div style=\"height:60px\" aria-hidden=\"true\" class=\"wp-block-spacer\"><\/div>\n\n\n\n<h2 class=\"wp-block-heading\">La Familia Maryknoll<\/h2>\n\n\n\n<div class=\"wp-block-columns is-layout-flex wp-container-core-columns-is-layout-9d6595d7 wp-block-columns-is-layout-flex\">\n<div class=\"wp-block-column is-layout-flow wp-block-column-is-layout-flow\">\n<figure class=\"wp-block-image size-full\"><img loading=\"lazy\" decoding=\"async\" width=\"550\" height=\"550\" src=\"https:\/\/dev.maryknollsociety.org\/misioneros\/wp-content\/uploads\/sites\/3\/2026\/01\/maryknoll-sisters-logo.jpg\" alt=\"Logotipo de las Hermanas Maryknoll\" class=\"wp-image-5284\" srcset=\"https:\/\/dev.maryknollsociety.org\/misioneros\/wp-content\/uploads\/sites\/3\/2026\/01\/maryknoll-sisters-logo.jpg 550w, https:\/\/dev.maryknollsociety.org\/misioneros\/wp-content\/uploads\/sites\/3\/2026\/01\/maryknoll-sisters-logo-300x300.jpg 300w, https:\/\/dev.maryknollsociety.org\/misioneros\/wp-content\/uploads\/sites\/3\/2026\/01\/maryknoll-sisters-logo-150x150.jpg 150w\" sizes=\"auto, (max-width: 550px) 100vw, 550px\" \/><\/figure>\n\n\n\n<p class=\"has-text-align-center\"><a href=\"https:\/\/misionerosmaryknoll.org\/hermanas-maryknoll\/\">Hermanas Maryknoll<\/a><\/p>\n<\/div>\n\n\n\n<div class=\"wp-block-column is-layout-flow wp-block-column-is-layout-flow\">\n<figure class=\"wp-block-image size-full\"><img loading=\"lazy\" decoding=\"async\" width=\"550\" height=\"550\" src=\"https:\/\/dev.maryknollsociety.org\/misioneros\/wp-content\/uploads\/sites\/3\/2026\/01\/maryknoll-lay-missioner-logo.jpg\" alt=\"Logotipo de los Misioneros Laicos Maryknoll\" class=\"wp-image-5283\" srcset=\"https:\/\/dev.maryknollsociety.org\/misioneros\/wp-content\/uploads\/sites\/3\/2026\/01\/maryknoll-lay-missioner-logo.jpg 550w, https:\/\/dev.maryknollsociety.org\/misioneros\/wp-content\/uploads\/sites\/3\/2026\/01\/maryknoll-lay-missioner-logo-300x300.jpg 300w, https:\/\/dev.maryknollsociety.org\/misioneros\/wp-content\/uploads\/sites\/3\/2026\/01\/maryknoll-lay-missioner-logo-150x150.jpg 150w\" sizes=\"auto, (max-width: 550px) 100vw, 550px\" \/><\/figure>\n\n\n\n<p class=\"has-text-align-center\"><a href=\"https:\/\/misionerosmaryknoll.org\/hermanas-maryknoll\/\"><a href=\"https:\/\/misionerosmaryknoll.org\/los-misioneros-laicos-de-maryknoll\/\">Misioneros Laicos Maryknoll<\/a><\/a><\/p>\n<\/div>\n\n\n\n<div class=\"wp-block-column is-layout-flow wp-block-column-is-layout-flow\">\n<figure class=\"wp-block-image size-full\"><img loading=\"lazy\" decoding=\"async\" width=\"550\" height=\"550\" src=\"https:\/\/dev.maryknollsociety.org\/misioneros\/wp-content\/uploads\/sites\/3\/2026\/01\/maryknoll-affliates-logo.jpg\" alt=\"Logotipo de los Afiliados Maryknoll\" class=\"wp-image-5282\" srcset=\"https:\/\/dev.maryknollsociety.org\/misioneros\/wp-content\/uploads\/sites\/3\/2026\/01\/maryknoll-affliates-logo.jpg 550w, https:\/\/dev.maryknollsociety.org\/misioneros\/wp-content\/uploads\/sites\/3\/2026\/01\/maryknoll-affliates-logo-300x300.jpg 300w, https:\/\/dev.maryknollsociety.org\/misioneros\/wp-content\/uploads\/sites\/3\/2026\/01\/maryknoll-affliates-logo-150x150.jpg 150w\" sizes=\"auto, (max-width: 550px) 100vw, 550px\" \/><\/figure>\n\n\n\n<p class=\"has-text-align-center\"><a href=\"https:\/\/misionerosmaryknoll.org\/hermanas-maryknoll\/\"><a href=\"https:\/\/misionerosmaryknoll.org\/afiliados-maryknoll\/\">Afiliados Maryknoll<\/a><\/a><\/p>\n<\/div>\n<\/div>\n\n\n\n<p><\/p>\n","protected":false},"excerpt":{"rendered":"<p>Los Padres y Hermanos Maryknoll La Familia Maryknoll Hermanas Maryknoll Misioneros Laicos Maryknoll Afiliados Maryknoll<\/p>\n","protected":false},"author":1,"featured_media":0,"parent":0,"menu_order":0,"comment_status":"closed","ping_status":"closed","template":"","meta":{"_acf_changed":false,"_eb_attr":"","_eb_data_table":"{\"undefined\":{\"columns\":{\"col\":[\"Column 1\",\"Column 2\"],\"width\":[\"\",\"\"]},\"rows\":[[\"\",\"\"],[\"\",\"\"],[\"\",\"\"],[\"\",\"\"],[\"\",\"\"]]}}","footnotes":""},"folder":[],"class_list":["post-19","page","type-page","status-publish","hentry"],"acf":[],"yoast_head":"<!-- This site is optimized with the Yoast SEO plugin v26.5 - https:\/\/yoast.com\/wordpress\/plugins\/seo\/ -->\n<title>Acerca de Misioneros - Misioneros Maryknoll<\/title>\n<meta name=\"robots\" content=\"noindex, follow, max-snippet:-1, max-image-preview:large, max-video-preview:-1\" \/>\n<meta property=\"og:locale\" content=\"es_ES\" \/>\n<meta property=\"og:type\" content=\"article\" \/>\n<meta property=\"og:title\" content=\"Acerca de Misioneros - Misioneros Maryknoll\" \/>\n<meta property=\"og:description\" content=\"Los Padres y Hermanos Maryknoll La Familia Maryknoll Hermanas Maryknoll Misioneros Laicos Maryknoll Afiliados Maryknoll\" \/>\n<meta property=\"og:url\" content=\"https:\/\/dev.maryknollsociety.org\/misioneros\/acerca-de\/\" \/>\n<meta property=\"og:site_name\" content=\"Misioneros Maryknoll\" \/>\n<meta property=\"article:modified_time\" content=\"2026-01-14T15:58:11+00:00\" \/>\n<meta property=\"og:image\" content=\"https:\/\/dev.maryknollsociety.org\/misioneros\/wp-content\/uploads\/sites\/3\/2026\/01\/maryknoll-sisters-logo.jpg\" \/>\n<meta name=\"twitter:card\" content=\"summary_large_image\" \/>\n<meta name=\"twitter:label1\" content=\"Tiempo de lectura\" \/>\n\t<meta name=\"twitter:data1\" content=\"1 minuto\" \/>\n<script type=\"application\/ld+json\" class=\"yoast-schema-graph\">{\"@context\":\"https:\/\/schema.org\",\"@graph\":[{\"@type\":\"WebPage\",\"@id\":\"https:\/\/dev.maryknollsociety.org\/misioneros\/acerca-de\/\",\"url\":\"https:\/\/dev.maryknollsociety.org\/misioneros\/acerca-de\/\",\"name\":\"Acerca de Misioneros - Misioneros Maryknoll\",\"isPartOf\":{\"@id\":\"https:\/\/dev.maryknollsociety.org\/misioneros\/#website\"},\"primaryImageOfPage\":{\"@id\":\"https:\/\/dev.maryknollsociety.org\/misioneros\/acerca-de\/#primaryimage\"},\"image\":{\"@id\":\"https:\/\/dev.maryknollsociety.org\/misioneros\/acerca-de\/#primaryimage\"},\"thumbnailUrl\":\"https:\/\/dev.maryknollsociety.org\/misioneros\/wp-content\/uploads\/sites\/3\/2026\/01\/maryknoll-sisters-logo.jpg\",\"datePublished\":\"2025-12-27T04:40:32+00:00\",\"dateModified\":\"2026-01-14T15:58:11+00:00\",\"breadcrumb\":{\"@id\":\"https:\/\/dev.maryknollsociety.org\/misioneros\/acerca-de\/#breadcrumb\"},\"inLanguage\":\"es\",\"potentialAction\":[{\"@type\":\"ReadAction\",\"target\":[\"https:\/\/dev.maryknollsociety.org\/misioneros\/acerca-de\/\"]}]},{\"@type\":\"ImageObject\",\"inLanguage\":\"es\",\"@id\":\"https:\/\/dev.maryknollsociety.org\/misioneros\/acerca-de\/#primaryimage\",\"url\":\"https:\/\/dev.maryknollsociety.org\/misioneros\/wp-content\/uploads\/sites\/3\/2026\/01\/maryknoll-sisters-logo.jpg\",\"contentUrl\":\"https:\/\/dev.maryknollsociety.org\/misioneros\/wp-content\/uploads\/sites\/3\/2026\/01\/maryknoll-sisters-logo.jpg\",\"width\":550,\"height\":550,\"caption\":\"Logotipo de las Hermanas Maryknoll\"},{\"@type\":\"BreadcrumbList\",\"@id\":\"https:\/\/dev.maryknollsociety.org\/misioneros\/acerca-de\/#breadcrumb\",\"itemListElement\":[{\"@type\":\"ListItem\",\"position\":1,\"name\":\"Home\",\"item\":\"https:\/\/dev.maryknollsociety.org\/misioneros\/\"},{\"@type\":\"ListItem\",\"position\":2,\"name\":\"Acerca de Misioneros\"}]},{\"@type\":\"WebSite\",\"@id\":\"https:\/\/dev.maryknollsociety.org\/misioneros\/#website\",\"url\":\"https:\/\/dev.maryknollsociety.org\/misioneros\/\",\"name\":\"Misioneros Maryknoll\",\"description\":\"\",\"publisher\":{\"@id\":\"https:\/\/dev.maryknollsociety.org\/misioneros\/#organization\"},\"potentialAction\":[{\"@type\":\"SearchAction\",\"target\":{\"@type\":\"EntryPoint\",\"urlTemplate\":\"https:\/\/dev.maryknollsociety.org\/misioneros\/?s={search_term_string}\"},\"query-input\":{\"@type\":\"PropertyValueSpecification\",\"valueRequired\":true,\"valueName\":\"search_term_string\"}}],\"inLanguage\":\"es\"},{\"@type\":\"Organization\",\"@id\":\"https:\/\/dev.maryknollsociety.org\/misioneros\/#organization\",\"name\":\"Misioneros Maryknoll\",\"url\":\"https:\/\/dev.maryknollsociety.org\/misioneros\/\",\"logo\":{\"@type\":\"ImageObject\",\"inLanguage\":\"es\",\"@id\":\"https:\/\/dev.maryknollsociety.org\/misioneros\/#\/schema\/logo\/image\/\",\"url\":\"https:\/\/dev.maryknollsociety.org\/misioneros\/wp-content\/uploads\/sites\/3\/2025\/05\/cropped-MKFB_Logo_Transparet1.png\",\"contentUrl\":\"https:\/\/dev.maryknollsociety.org\/misioneros\/wp-content\/uploads\/sites\/3\/2025\/05\/cropped-MKFB_Logo_Transparet1.png\",\"width\":333,\"height\":68,\"caption\":\"Misioneros Maryknoll\"},\"image\":{\"@id\":\"https:\/\/dev.maryknollsociety.org\/misioneros\/#\/schema\/logo\/image\/\"}}]}<\/script>\n<!-- \/ Yoast SEO plugin. -->","yoast_head_json":{"title":"Acerca de Misioneros - Misioneros Maryknoll","robots":{"index":"noindex","follow":"follow","max-snippet":"max-snippet:-1","max-image-preview":"max-image-preview:large","max-video-preview":"max-video-preview:-1"},"og_locale":"es_ES","og_type":"article","og_title":"Acerca de Misioneros - Misioneros Maryknoll","og_description":"Los Padres y Hermanos Maryknoll La Familia Maryknoll Hermanas Maryknoll Misioneros Laicos Maryknoll Afiliados Maryknoll","og_url":"https:\/\/dev.maryknollsociety.org\/misioneros\/acerca-de\/","og_site_name":"Misioneros Maryknoll","article_modified_time":"2026-01-14T15:58:11+00:00","og_image":[{"url":"https:\/\/dev.maryknollsociety.org\/misioneros\/wp-content\/uploads\/sites\/3\/2026\/01\/maryknoll-sisters-logo.jpg","type":"","width":"","height":""}],"twitter_card":"summary_large_image","twitter_misc":{"Tiempo de lectura":"1 minuto"},"schema":{"@context":"https:\/\/schema.org","@graph":[{"@type":"WebPage","@id":"https:\/\/dev.maryknollsociety.org\/misioneros\/acerca-de\/","url":"https:\/\/dev.maryknollsociety.org\/misioneros\/acerca-de\/","name":"Acerca de Misioneros - Misioneros Maryknoll","isPartOf":{"@id":"https:\/\/dev.maryknollsociety.org\/misioneros\/#website"},"primaryImageOfPage":{"@id":"https:\/\/dev.maryknollsociety.org\/misioneros\/acerca-de\/#primaryimage"},"image":{"@id":"https:\/\/dev.maryknollsociety.org\/misioneros\/acerca-de\/#primaryimage"},"thumbnailUrl":"https:\/\/dev.maryknollsociety.org\/misioneros\/wp-content\/uploads\/sites\/3\/2026\/01\/maryknoll-sisters-logo.jpg","datePublished":"2025-12-27T04:40:32+00:00","dateModified":"2026-01-14T15:58:11+00:00","breadcrumb":{"@id":"https:\/\/dev.maryknollsociety.org\/misioneros\/acerca-de\/#breadcrumb"},"inLanguage":"es","potentialAction":[{"@type":"ReadAction","target":["https:\/\/dev.maryknollsociety.org\/misioneros\/acerca-de\/"]}]},{"@type":"ImageObject","inLanguage":"es","@id":"https:\/\/dev.maryknollsociety.org\/misioneros\/acerca-de\/#primaryimage","url":"https:\/\/dev.maryknollsociety.org\/misioneros\/wp-content\/uploads\/sites\/3\/2026\/01\/maryknoll-sisters-logo.jpg","contentUrl":"https:\/\/dev.maryknollsociety.org\/misioneros\/wp-content\/uploads\/sites\/3\/2026\/01\/maryknoll-sisters-logo.jpg","width":550,"height":550,"caption":"Logotipo de las Hermanas Maryknoll"},{"@type":"BreadcrumbList","@id":"https:\/\/dev.maryknollsociety.org\/misioneros\/acerca-de\/#breadcrumb","itemListElement":[{"@type":"ListItem","position":1,"name":"Home","item":"https:\/\/dev.maryknollsociety.org\/misioneros\/"},{"@type":"ListItem","position":2,"name":"Acerca de Misioneros"}]},{"@type":"WebSite","@id":"https:\/\/dev.maryknollsociety.org\/misioneros\/#website","url":"https:\/\/dev.maryknollsociety.org\/misioneros\/","name":"Misioneros Maryknoll","description":"","publisher":{"@id":"https:\/\/dev.maryknollsociety.org\/misioneros\/#organization"},"potentialAction":[{"@type":"SearchAction","target":{"@type":"EntryPoint","urlTemplate":"https:\/\/dev.maryknollsociety.org\/misioneros\/?s={search_term_string}"},"query-input":{"@type":"PropertyValueSpecification","valueRequired":true,"valueName":"search_term_string"}}],"inLanguage":"es"},{"@type":"Organization","@id":"https:\/\/dev.maryknollsociety.org\/misioneros\/#organization","name":"Misioneros Maryknoll","url":"https:\/\/dev.maryknollsociety.org\/misioneros\/","logo":{"@type":"ImageObject","inLanguage":"es","@id":"https:\/\/dev.maryknollsociety.org\/misioneros\/#\/schema\/logo\/image\/","url":"https:\/\/dev.maryknollsociety.org\/misioneros\/wp-content\/uploads\/sites\/3\/2025\/05\/cropped-MKFB_Logo_Transparet1.png","contentUrl":"https:\/\/dev.maryknollsociety.org\/misioneros\/wp-content\/uploads\/sites\/3\/2025\/05\/cropped-MKFB_Logo_Transparet1.png","width":333,"height":68,"caption":"Misioneros Maryknoll"},"image":{"@id":"https:\/\/dev.maryknollsociety.org\/misioneros\/#\/schema\/logo\/image\/"}}]}},"_links":{"self":[{"href":"https:\/\/dev.maryknollsociety.org\/misioneros\/wp-json\/wp\/v2\/pages\/19","targetHints":{"allow":["GET"]}}],"collection":[{"href":"https:\/\/dev.maryknollsociety.org\/misioneros\/wp-json\/wp\/v2\/pages"}],"about":[{"href":"https:\/\/dev.maryknollsociety.org\/misioneros\/wp-json\/wp\/v2\/types\/page"}],"author":[{"embeddable":true,"href":"https:\/\/dev.maryknollsociety.org\/misioneros\/wp-json\/wp\/v2\/users\/1"}],"replies":[{"embeddable":true,"href":"https:\/\/dev.maryknollsociety.org\/misioneros\/wp-json\/wp\/v2\/comments?post=19"}],"version-history":[{"count":13,"href":"https:\/\/dev.maryknollsociety.org\/misioneros\/wp-json\/wp\/v2\/pages\/19\/revisions"}],"predecessor-version":[{"id":5396,"href":"https:\/\/dev.maryknollsociety.org\/misioneros\/wp-json\/wp\/v2\/pages\/19\/revisions\/5396"}],"wp:attachment":[{"href":"https:\/\/dev.maryknollsociety.org\/misioneros\/wp-json\/wp\/v2\/media?parent=19"}],"wp:term":[{"taxonomy":"folder","embeddable":true,"href":"https:\/\/dev.maryknollsociety.org\/misioneros\/wp-json\/wp\/v2\/folder?post=19"}],"curies":[{"name":"wp","href":"https:\/\/api.w.org\/{rel}","templated":true}]}}